{"id":34332,"date":"2025-09-29T11:11:06","date_gmt":"2025-09-29T04:11:06","guid":{"rendered":"https:\/\/tktclean.com\/?page_id=34332"},"modified":"2025-09-30T14:34:51","modified_gmt":"2025-09-30T07:34:51","slug":"office-cleaning-service-price-list-in-ho-chi-minh-city_us","status":"publish","type":"page","link":"https:\/\/tktclean.com\/en\/office-cleaning-service-price-list-in-ho-chi-minh-city_us\/","title":{"rendered":"Office cleaning service price list in Ho Chi Minh City"},"content":{"rendered":"<section class=\"wpb-content-wrapper\"><p>[vc_row][vc_column][vc_column_text]Perhaps when considering any service, what people care about most and ask most frequently is the <strong data-start=\"248\" data-end=\"257\">price<\/strong>\u2014how much the service will cost. Is it too expensive, suitable only for large enterprises, or is it affordable for medium and small-sized companies and offices as well?<br data-start=\"425\" data-end=\"428\" \/>If you are looking for an <strong data-start=\"454\" data-end=\"515\">office cleaning price list (janitorial service quotation)<\/strong> in Ho Chi Minh City to plan your budget, you may also be wondering which company provides reliable and professional office cleaning services in HCMC. Let\u2019s explore this article together to find out!<\/p>\r\n<p><!-- \/wp:post-content --><br \/><!-- wp:heading --><\/p>\r\n<h2 class=\"wp-block-heading\"><strong>1.<\/strong><strong data-start=\"133\" data-end=\"193\">Current types of office janitorial service quotations<\/strong><\/h2>\r\n<!-- \/wp:heading -->\r\n<p data-start=\"150\" data-end=\"283\">Currently, office janitorial services are highly flexible in pricing, which can generally be divided into two main quotation types:<\/p>\r\n<ul data-start=\"284\" data-end=\"350\">\r\n<li data-start=\"284\" data-end=\"323\">\r\n<p data-start=\"286\" data-end=\"323\"><strong data-start=\"286\" data-end=\"297\">By time<\/strong> (hourly or daily rates)<\/p>\r\n<\/li>\r\n<li data-start=\"324\" data-end=\"350\">\r\n<p data-start=\"326\" data-end=\"350\"><strong data-start=\"326\" data-end=\"348\">By number of staff<\/strong><\/p>\r\n<\/li>\r\n<\/ul>\r\n<p data-start=\"352\" data-end=\"590\">It is important to note that in most quotations, the costs are usually itemized separately: labor costs, daily cleaning chemicals and supplies, toilet paper, hand soap, parking fees, VAT, and any other additional expenses if applicable.<!-- wp:separator {\"opacity\":\"css\"} --><\/p>\r\n<p><a name=\"banggiatapvutheogio\"><\/a><\/p>\r\n<hr class=\"wp-block-separator has-css-opacity\" \/>\r\n<h2 class=\"wp-block-heading\"><strong>2. Office janitorial service price list by the hour<\/strong><\/h2>\r\n<p><!-- \/wp:separator -->The lowest office janitorial service rate starts from <strong data-start=\"210\" data-end=\"229\">56,000 VND\/hour<\/strong>, while the highest is from <strong data-start=\"257\" data-end=\"276\">89,000 VND\/hour<\/strong>.<br data-start=\"277\" data-end=\"280\" \/>Depending on your office cleaning needs, you can easily calculate your <strong data-start=\"351\" data-end=\"367\">monthly cost<\/strong> based on TKT Clean\u2019s hourly price list<\/p>\r\n<p><!-- \/wp:paragraph -->\u00a0<\/p>\r\n<!-- wp:image {\"id\":29687,\"sizeSlug\":\"full\",\"linkDestination\":\"none\",\"align\":\"center\"} -->\r\n<figure class=\"wp-block-image aligncenter size-full\">\r\n<figcaption class=\"wp-element-caption\">\r\n<figure id=\"attachment_34361\" aria-describedby=\"caption-attachment-34361\" style=\"width: 1024px\" class=\"wp-caption alignnone\"><img loading=\"lazy\" decoding=\"async\" class=\"wp-image-34361\" src=\"https:\/\/tktclean.com\/wp-content\/uploads\/2025\/09\/hourly-cleaning-service-tkt-clean-july-2025-1024x724.png\" alt=\"hourly cleaning service\" width=\"1024\" height=\"724\" srcset=\"https:\/\/tktclean.com\/wp-content\/uploads\/2025\/09\/hourly-cleaning-service-tkt-clean-july-2025-1024x724.png 1024w, https:\/\/tktclean.com\/wp-content\/uploads\/2025\/09\/hourly-cleaning-service-tkt-clean-july-2025-300x212.png 300w, https:\/\/tktclean.com\/wp-content\/uploads\/2025\/09\/hourly-cleaning-service-tkt-clean-july-2025-768x543.png 768w, https:\/\/tktclean.com\/wp-content\/uploads\/2025\/09\/hourly-cleaning-service-tkt-clean-july-2025-1536x1087.png 1536w, https:\/\/tktclean.com\/wp-content\/uploads\/2025\/09\/hourly-cleaning-service-tkt-clean-july-2025-2048x1449.png 2048w, https:\/\/tktclean.com\/wp-content\/uploads\/2025\/09\/hourly-cleaning-service-tkt-clean-july-2025-683x483.png 683w, https:\/\/tktclean.com\/wp-content\/uploads\/2025\/09\/hourly-cleaning-service-tkt-clean-july-2025-600x424.png 600w\" sizes=\"auto, (max-width: 1024px) 100vw, 1024px\" \/><figcaption id=\"caption-attachment-34361\" class=\"wp-caption-text\">Image: TKT Clean \u2013 Hourly Office Cleaning Service Quotation<\/figcaption><\/figure>\r\n<p style=\"text-align: left;\" data-start=\"168\" data-end=\"233\"><span style=\"color: #677d8f;\">For small and medium-sized offices, as well as chains of offices or retail stores, TKT Clean\u2019s office<\/span><a style=\"background-color: #ffffff;\" href=\"https:\/\/tktclean.com\/dich-vu-tap-vu\/\"> janitorial service<\/a><span style=\"color: #677d8f;\"> is currently the most cost-effective and reliable choice in Ho Chi Minh City.<\/span><\/p>\r\n<\/figcaption>\r\n<\/figure>\r\n<p data-start=\"370\" data-end=\"589\"><strong data-start=\"370\" data-end=\"379\">Note:<\/strong> The above prices do not include costs for cleaning chemicals and tools, parking fees (if any), VAT, or <a href=\"https:\/\/tktclean.com\/dich-vu-ve-sinh-cong-nghiep\/\">periodic industrial cleaning services<\/a>, which are usually quoted separately under each specific contract.<\/p>\r\n<p data-start=\"591\" data-end=\"658\">Please contact us for detailed pricing if you have any questions.<\/p>\r\n<p data-start=\"660\" data-end=\"860\">\ud83d\udc49 You can view more details about our <strong data-start=\"699\" data-end=\"735\">hourly office janitorial service<\/strong> here:<br data-start=\"741\" data-end=\"744\" \/><a class=\"decorated-link\" href=\"https:\/\/tktclean.com\/dich-vu-tap-vu-van-phong-theo-gio\/\" target=\"_new\" rel=\"noopener\" data-start=\"744\" data-end=\"858\">https:\/\/tktclean.com\/dich-vu-tap-vu-van-phong-theo-gio\/<\/a><\/p>\r\n<p><!-- \/wp:paragraph --><br \/><!-- wp:separator {\"opacity\":\"css\"} --><\/p>\r\n<hr class=\"wp-block-separator has-css-opacity\" \/>\r\n<p><!-- \/wp:separator --><br \/><!-- wp:heading --><\/p>\r\n<h2 class=\"wp-block-heading\"><strong>3. Office janitorial service daily price list (8 hours, daily)<\/strong><\/h2>\r\n<!-- \/wp:heading -->\r\n<p data-start=\"159\" data-end=\"425\"><strong>The office janitorial service price list<\/strong> is usually quoted based on the <strong data-start=\"231\" data-end=\"259\">number of cleaning staff<\/strong>, and typically already includes costs for regular cleaning tasks and basic chemicals and tools. However, it does not cover more complex periodic cleaning services.<\/p>\r\n<p data-start=\"427\" data-end=\"659\">The <a href=\"https:\/\/tktclean.com\/dich-vu-tap-vu-van-phong-hang-ngay\/\"><strong data-start=\"431\" data-end=\"473\">daily 8-hour office janitorial service<\/strong><\/a> covers work from Monday to Friday (or Monday to Saturday), with Sundays and public holidays off. The price does not include costs for working on holidays, overtime, or event cleaning.<\/p>\r\n<p data-start=\"661\" data-end=\"767\">Currently, the daily office janitorial service rate depends on the <strong data-start=\"728\" data-end=\"764\">number of staff per site\/project<\/strong>.<\/p>\r\n<ul class=\"wp-block-list\">\r\n<li style=\"list-style-type: none;\">\r\n<ul class=\"wp-block-list\"><!-- wp:list-item -->\r\n<li style=\"list-style-type: none;\">\r\n<ul data-start=\"213\" data-end=\"480\">\r\n<li data-start=\"213\" data-end=\"262\">\r\n<p data-start=\"215\" data-end=\"262\">Project with 1 staff: <strong data-start=\"237\" data-end=\"260\">8,800,000 VND\/month<\/strong><\/p>\r\n<\/li>\r\n<li data-start=\"263\" data-end=\"314\">\r\n<p data-start=\"265\" data-end=\"314\">Project with 2\u20134 staff: <strong data-start=\"289\" data-end=\"312\">8,600,000 VND\/month<\/strong><\/p>\r\n<\/li>\r\n<li data-start=\"315\" data-end=\"367\">\r\n<p data-start=\"317\" data-end=\"367\">Project with 5\u201310 staff: <strong data-start=\"342\" data-end=\"365\">8,400,000 VND\/month<\/strong><\/p>\r\n<\/li>\r\n<li data-start=\"368\" data-end=\"421\">\r\n<p data-start=\"370\" data-end=\"421\">Project with 11\u201315 staff: <strong data-start=\"396\" data-end=\"419\">8,200,000 VND\/month<\/strong><\/p>\r\n<\/li>\r\n<li data-start=\"422\" data-end=\"480\">\r\n<p data-start=\"424\" data-end=\"480\">Project with 15 staff or more: <strong data-start=\"455\" data-end=\"478\">8,000,000 VND\/month<\/strong><\/p>\r\n<\/li>\r\n<\/ul>\r\n<\/li>\r\n<\/ul>\r\n<\/li>\r\n<\/ul>\r\n<p>The above prices are for reference only. More accurate and competitive quotations will be provided after an actual site survey and based on the specific contract terms.<\/p>\r\n<hr class=\"wp-block-separator has-css-opacity\" \/>\r\n<p><!-- \/wp:separator --><br \/><!-- wp:heading --><\/p>\r\n<h2 class=\"wp-block-heading\"><strong>4. Additional Industrial Cleaning Service Price List<\/strong><\/h2>\r\n<!-- \/wp:heading -->\r\n<p data-start=\"163\" data-end=\"355\">In addition to hourly or daily janitorial staff handling basic cleaning tasks to maintain general cleanliness, your company or office may also require <strong data-start=\"314\" data-end=\"352\">specialized deep cleaning packages<\/strong>.<\/p>\r\n<p data-start=\"357\" data-end=\"472\">Below is the price list for additional industrial cleaning service packages that you can choose and use flexibly.<\/p>\r\n<figure class=\"wp-block-image aligncenter size-large\"><img loading=\"lazy\" decoding=\"async\" width=\"1024\" height=\"536\" class=\"wp-image-33119\" src=\"https:\/\/tktclean.com\/wp-content\/uploads\/2023\/12\/bang-gia-tong-ve-sinh-dinh-ky-chuyen-sau-1024x536.jpg\" alt=\"\" srcset=\"https:\/\/tktclean.com\/wp-content\/uploads\/2023\/12\/bang-gia-tong-ve-sinh-dinh-ky-chuyen-sau-1024x536.jpg 1024w, https:\/\/tktclean.com\/wp-content\/uploads\/2023\/12\/bang-gia-tong-ve-sinh-dinh-ky-chuyen-sau-300x157.jpg 300w, https:\/\/tktclean.com\/wp-content\/uploads\/2023\/12\/bang-gia-tong-ve-sinh-dinh-ky-chuyen-sau-768x402.jpg 768w, https:\/\/tktclean.com\/wp-content\/uploads\/2023\/12\/bang-gia-tong-ve-sinh-dinh-ky-chuyen-sau-1536x804.jpg 1536w, https:\/\/tktclean.com\/wp-content\/uploads\/2023\/12\/bang-gia-tong-ve-sinh-dinh-ky-chuyen-sau-870x455.jpg 870w, https:\/\/tktclean.com\/wp-content\/uploads\/2023\/12\/bang-gia-tong-ve-sinh-dinh-ky-chuyen-sau-600x314.jpg 600w, https:\/\/tktclean.com\/wp-content\/uploads\/2023\/12\/bang-gia-tong-ve-sinh-dinh-ky-chuyen-sau.jpg 1910w\" sizes=\"auto, (max-width: 1024px) 100vw, 1024px\" \/>\r\n<figcaption class=\"wp-element-caption\">\r\n<p data-start=\"162\" data-end=\"232\">Price List for Specialized and Periodic Office Cleaning Services<\/p>\r\n<\/figcaption>\r\n<\/figure>\r\n<p><!-- \/wp:image -->\r\n\r\n<!-- wp:paragraph --><a name=\"cothebanquantam\"><\/a><\/p>\r\n<p><!-- \/wp:paragraph --><br \/><!-- wp:heading --><\/p>\r\n<h2 class=\"wp-block-heading\"><strong>5. Free 100% Consultation, Site Survey &amp; Quotation<\/strong><\/h2>\r\n<p><!-- \/wp:heading -->\r\n\r\n<!-- wp:paragraph -->\u2728 If you have any needs regarding TKT Clean\u2019s services, please leave your information. Our staff will contact you as soon as possible!<\/p>\r\n<p><!-- \/wp:paragraph --><br \/><!-- wp:ninja-forms\/form {\"formID\":3,\"formTitle\":\"Y\u00eau c\u1ea7u t\u01b0 v\u1ea5n, kh\u1ea3o s\u00e1t, b\u00e1o gi\u00e1\"} \/--><br \/><!-- wp:separator {\"opacity\":\"css\"} --><\/p>\r\n<hr class=\"wp-block-separator has-css-opacity\" \/>\r\n<p><!-- \/wp:separator --><br \/><!-- wp:heading --><\/p>\r\n<h2 class=\"wp-block-heading\"><strong>6.<\/strong><strong data-start=\"145\" data-end=\"175\">You may also be interested<\/strong><!-- \/wp:heading --><\/h2>\r\n<!-- wp:list -->\r\n<ul class=\"wp-block-list\">\r\n<li style=\"list-style-type: none;\">\r\n<ul class=\"wp-block-list\"><!-- wp:list-item -->\r\n<li data-start=\"140\" data-end=\"294\">\r\n<p data-start=\"142\" data-end=\"294\">Building &amp; Office Cleaning Service: <a class=\"decorated-link\" href=\"https:\/\/tktclean.com\/dich-vu-ve-sinh-toa-nha-van-phong\/\" target=\"_new\" rel=\"noopener\" data-start=\"178\" data-end=\"292\">https:\/\/tktclean.com\/dich-vu-ve-sinh-toa-nha-van-phong\/<\/a><\/p>\r\n<\/li>\r\n<li data-start=\"295\" data-end=\"424\">\r\n<p data-start=\"297\" data-end=\"424\">School Cleaning Service: <a class=\"decorated-link\" href=\"https:\/\/tktclean.com\/dich-vu-ve-sinh-truong-hoc\/\" target=\"_new\" rel=\"noopener\" data-start=\"322\" data-end=\"422\">https:\/\/tktclean.com\/dich-vu-ve-sinh-truong-hoc\/<\/a><\/p>\r\n<\/li>\r\n<li data-start=\"425\" data-end=\"550\">\r\n<p data-start=\"427\" data-end=\"550\">Bank Cleaning Service: <a class=\"decorated-link\" href=\"https:\/\/tktclean.com\/dich-vu-ve-sinh-ngan-hang\/\" target=\"_new\" rel=\"noopener\" data-start=\"450\" data-end=\"548\">https:\/\/tktclean.com\/dich-vu-ve-sinh-ngan-hang\/<\/a><\/p>\r\n<\/li>\r\n<li data-start=\"551\" data-end=\"679\">\r\n<p data-start=\"553\" data-end=\"679\">Factory Cleaning Service: <a class=\"decorated-link\" href=\"https:\/\/tktclean.com\/dich-vu-ve-sinh-nha-xuong\/\" target=\"_new\" rel=\"noopener\" data-start=\"579\" data-end=\"677\">https:\/\/tktclean.com\/dich-vu-ve-sinh-nha-xuong\/<\/a><\/p>\r\n<\/li>\r\n<\/ul>\r\n<\/li>\r\n<\/ul>\r\n<hr class=\"wp-block-separator has-css-opacity\" \/>\r\n<p><!-- \/wp:separator --><br \/><!-- wp:heading --><\/p>\r\n<h2 class=\"wp-block-heading\"><strong>7. <\/strong><strong data-start=\"142\" data-end=\"204\">Customer Reviews on TKT Clean\u2019s Janitorial Service Pricing<\/strong><\/h2>\r\n<p><!-- \/wp:heading -->\r\n\r\n<!-- wp:paragraph -->\u2618 We truly value your feedback. Please share your thoughts with us \u2014 TKT Clean is always ready to listen and improve.<\/p>\r\n<p><a style=\"display: inline-block; padding: 10px 20px; background: #4285F4; color: #fff; border-radius: 6px; text-decoration: none; font-weight: bold;\" href=\"https:\/\/search.google.com\/local\/writereview?placeid=ChIJFc61PS4ndTERH63U9VcDIUs\" target=\"_blank\" rel=\"noopener\">\u2b50<strong data-start=\"66\" data-end=\"85\">Leave a review on Google<\/strong><\/a><\/p>\r\n<!-- wp:separator {\"opacity\":\"css\"} --><hr class=\"wp-block-separator has-css-opacity\" \/>\r\n<p><!-- \/wp:separator --><br \/><!-- wp:heading --><\/p>\r\n<h2 id=\"yeucautuvan\" class=\"wp-block-heading\"><strong>8. Request Consultation<\/strong><!-- \/wp:heading -->\r\n\r\n<!-- wp:paragraph {\"align\":\"center\",\"backgroundColor\":\"pale-cyan-blue\"} --><\/h2>\r\n<p class=\"has-text-align-center has-pale-cyan-blue-background-color has-background\">\u00a0<em data-start=\"94\" data-end=\"191\">Fill in your information in the form below, and TKT Clean will contact you as soon as possible.<\/em> \ud83d\udc47\ud83d\udc47\ud83d\udc47\ud83d\udc47\ud83d\udc47\ud83d\udc47<\/p>\r\n<p><!-- \/wp:paragraph --><br \/><!-- wp:ninja-forms\/form {\"formID\":28,\"formTitle\":\"Y\u00eau c\u1ea7u t\u01b0 v\u1ea5n 100% Mi\u1ec5n Ph\u00ed\"} \/--><br \/><!-- wp:block {\"ref\":18978} \/-->\u00a0[\/vc_column_text][\/vc_column][\/vc_row]<\/p><\/section>","protected":false},"excerpt":{"rendered":"<p>[vc_row][vc_column][vc_column_text]Perhaps when considering any service, what people care about most and ask most frequently is the price\u2014how much the service will cost. Is it too expensive, suitable only for large enterprises, or is it affordable for medium and small-sized companies and offices as well?If you are looking for an office cleaning price list (janitorial service [&hellip;]<\/p>\n","protected":false},"author":14,"featured_media":0,"parent":0,"menu_order":0,"comment_status":"closed","ping_status":"closed","template":"","meta":{"footnotes":""},"class_list":["post-34332","page","type-page","status-publish","hentry"],"yoast_head":"<!-- This site is optimized with the Yoast SEO plugin v27.3 - https:\/\/yoast.com\/product\/yoast-seo-wordpress\/ -->\n<title>Office cleaning service price list in Ho Chi Minh City - TKT Clean<\/title>\n<meta name=\"description\" content=\"TKT Clean\u00ae \u2013 Office Cleaning Service Price List \u2705 By the hour \u2705 Daily (8 hours) \u2705 Industrial cleaning\" \/>\n<meta name=\"robots\" content=\"index, follow, max-snippet:-1, max-image-preview:large, max-video-preview:-1\" \/>\n<link rel=\"canonical\" href=\"https:\/\/tktclean.com\/en\/office-cleaning-service-price-list-in-ho-chi-minh-city_us\/\" \/>\n<meta property=\"og:locale\" content=\"en_US\" \/>\n<meta property=\"og:type\" content=\"article\" \/>\n<meta property=\"og:title\" content=\"Office cleaning service price list in Ho Chi Minh City - TKT Clean\" \/>\n<meta property=\"og:description\" content=\"TKT Clean\u00ae \u2013 Office Cleaning Service Price List \u2705 By the hour \u2705 Daily (8 hours) \u2705 Industrial cleaning\" \/>\n<meta property=\"og:url\" content=\"https:\/\/tktclean.com\/en\/office-cleaning-service-price-list-in-ho-chi-minh-city_us\/\" \/>\n<meta property=\"og:site_name\" content=\"TKT Clean\" \/>\n<meta property=\"article:publisher\" content=\"https:\/\/www.facebook.com\/dichvuvesinhtoanha\" \/>\n<meta property=\"article:modified_time\" content=\"2025-09-30T07:34:51+00:00\" \/>\n<meta property=\"og:image\" content=\"https:\/\/tktclean.com\/wp-content\/uploads\/2025\/09\/hourly-cleaning-service-tkt-clean-july-2025.png\" \/>\n\t<meta property=\"og:image:width\" content=\"2338\" \/>\n\t<meta property=\"og:image:height\" content=\"1654\" \/>\n\t<meta property=\"og:image:type\" content=\"image\/png\" \/>\n<meta name=\"twitter:card\" content=\"summary_large_image\" \/>\n<meta name=\"twitter:site\" content=\"@TKTClean\" \/>\n<meta name=\"twitter:label1\" content=\"Est. reading time\" \/>\n\t<meta name=\"twitter:data1\" content=\"3 minutes\" \/>\n<script type=\"application\/ld+json\" class=\"yoast-schema-graph\">{\"@context\":\"https:\\\/\\\/schema.org\",\"@graph\":[{\"@type\":\"WebPage\",\"@id\":\"https:\\\/\\\/tktclean.com\\\/en\\\/office-cleaning-service-price-list-in-ho-chi-minh-city_us\\\/\",\"url\":\"https:\\\/\\\/tktclean.com\\\/en\\\/office-cleaning-service-price-list-in-ho-chi-minh-city_us\\\/\",\"name\":\"Office cleaning service price list in Ho Chi Minh City - TKT Clean\",\"isPartOf\":{\"@id\":\"https:\\\/\\\/tktclean.com\\\/#website\"},\"primaryImageOfPage\":{\"@id\":\"https:\\\/\\\/tktclean.com\\\/en\\\/office-cleaning-service-price-list-in-ho-chi-minh-city_us\\\/#primaryimage\"},\"image\":{\"@id\":\"https:\\\/\\\/tktclean.com\\\/en\\\/office-cleaning-service-price-list-in-ho-chi-minh-city_us\\\/#primaryimage\"},\"thumbnailUrl\":\"https:\\\/\\\/tktclean.com\\\/wp-content\\\/uploads\\\/2025\\\/09\\\/hourly-cleaning-service-tkt-clean-july-2025-1024x724.png\",\"datePublished\":\"2025-09-29T04:11:06+00:00\",\"dateModified\":\"2025-09-30T07:34:51+00:00\",\"description\":\"TKT Clean\u00ae \u2013 Office Cleaning Service Price List \u2705 By the hour \u2705 Daily (8 hours) \u2705 Industrial cleaning\",\"breadcrumb\":{\"@id\":\"https:\\\/\\\/tktclean.com\\\/en\\\/office-cleaning-service-price-list-in-ho-chi-minh-city_us\\\/#breadcrumb\"},\"inLanguage\":\"en-US\",\"potentialAction\":[{\"@type\":\"ReadAction\",\"target\":[\"https:\\\/\\\/tktclean.com\\\/en\\\/office-cleaning-service-price-list-in-ho-chi-minh-city_us\\\/\"]}]},{\"@type\":\"ImageObject\",\"inLanguage\":\"en-US\",\"@id\":\"https:\\\/\\\/tktclean.com\\\/en\\\/office-cleaning-service-price-list-in-ho-chi-minh-city_us\\\/#primaryimage\",\"url\":\"https:\\\/\\\/tktclean.com\\\/wp-content\\\/uploads\\\/2025\\\/09\\\/hourly-cleaning-service-tkt-clean-july-2025-1024x724.png\",\"contentUrl\":\"https:\\\/\\\/tktclean.com\\\/wp-content\\\/uploads\\\/2025\\\/09\\\/hourly-cleaning-service-tkt-clean-july-2025-1024x724.png\"},{\"@type\":\"BreadcrumbList\",\"@id\":\"https:\\\/\\\/tktclean.com\\\/en\\\/office-cleaning-service-price-list-in-ho-chi-minh-city_us\\\/#breadcrumb\",\"itemListElement\":[{\"@type\":\"ListItem\",\"position\":1,\"name\":\"Home\",\"item\":\"https:\\\/\\\/tktclean.com\\\/en\\\/\"},{\"@type\":\"ListItem\",\"position\":2,\"name\":\"Office cleaning service price list in Ho Chi Minh City\"}]},{\"@type\":\"WebSite\",\"@id\":\"https:\\\/\\\/tktclean.com\\\/#website\",\"url\":\"https:\\\/\\\/tktclean.com\\\/\",\"name\":\"TKT Clean\",\"description\":\"D\u1ecbch v\u1ee5 v\u1ec7 sinh TPHCM\",\"publisher\":{\"@id\":\"https:\\\/\\\/tktclean.com\\\/#organization\"},\"potentialAction\":[{\"@type\":\"SearchAction\",\"target\":{\"@type\":\"EntryPoint\",\"urlTemplate\":\"https:\\\/\\\/tktclean.com\\\/?s={search_term_string}\"},\"query-input\":{\"@type\":\"PropertyValueSpecification\",\"valueRequired\":true,\"valueName\":\"search_term_string\"}}],\"inLanguage\":\"en-US\"},{\"@type\":\"Organization\",\"@id\":\"https:\\\/\\\/tktclean.com\\\/#organization\",\"name\":\"TKT Clean\",\"url\":\"https:\\\/\\\/tktclean.com\\\/\",\"logo\":{\"@type\":\"ImageObject\",\"inLanguage\":\"en-US\",\"@id\":\"https:\\\/\\\/tktclean.com\\\/#\\\/schema\\\/logo\\\/image\\\/\",\"url\":\"https:\\\/\\\/tktclean.com\\\/wp-content\\\/uploads\\\/2020\\\/08\\\/logotktcleanx272-109-green-v01.png\",\"contentUrl\":\"https:\\\/\\\/tktclean.com\\\/wp-content\\\/uploads\\\/2020\\\/08\\\/logotktcleanx272-109-green-v01.png\",\"width\":272,\"height\":109,\"caption\":\"TKT Clean\"},\"image\":{\"@id\":\"https:\\\/\\\/tktclean.com\\\/#\\\/schema\\\/logo\\\/image\\\/\"},\"sameAs\":[\"https:\\\/\\\/www.facebook.com\\\/dichvuvesinhtoanha\",\"https:\\\/\\\/x.com\\\/TKTClean\",\"https:\\\/\\\/www.youtube.com\\\/user\\\/tktcleaning\\\/videos\"]}]}<\/script>\n<!-- \/ Yoast SEO plugin. -->","yoast_head_json":{"title":"Office cleaning service price list in Ho Chi Minh City - TKT Clean","description":"TKT Clean\u00ae \u2013 Office Cleaning Service Price List \u2705 By the hour \u2705 Daily (8 hours) \u2705 Industrial cleaning","robots":{"index":"index","follow":"follow","max-snippet":"max-snippet:-1","max-image-preview":"max-image-preview:large","max-video-preview":"max-video-preview:-1"},"canonical":"https:\/\/tktclean.com\/en\/office-cleaning-service-price-list-in-ho-chi-minh-city_us\/","og_locale":"en_US","og_type":"article","og_title":"Office cleaning service price list in Ho Chi Minh City - TKT Clean","og_description":"TKT Clean\u00ae \u2013 Office Cleaning Service Price List \u2705 By the hour \u2705 Daily (8 hours) \u2705 Industrial cleaning","og_url":"https:\/\/tktclean.com\/en\/office-cleaning-service-price-list-in-ho-chi-minh-city_us\/","og_site_name":"TKT Clean","article_publisher":"https:\/\/www.facebook.com\/dichvuvesinhtoanha","article_modified_time":"2025-09-30T07:34:51+00:00","og_image":[{"width":2338,"height":1654,"url":"https:\/\/tktclean.com\/wp-content\/uploads\/2025\/09\/hourly-cleaning-service-tkt-clean-july-2025.png","type":"image\/png"}],"twitter_card":"summary_large_image","twitter_site":"@TKTClean","twitter_misc":{"Est. reading time":"3 minutes"},"schema":{"@context":"https:\/\/schema.org","@graph":[{"@type":"WebPage","@id":"https:\/\/tktclean.com\/en\/office-cleaning-service-price-list-in-ho-chi-minh-city_us\/","url":"https:\/\/tktclean.com\/en\/office-cleaning-service-price-list-in-ho-chi-minh-city_us\/","name":"Office cleaning service price list in Ho Chi Minh City - TKT Clean","isPartOf":{"@id":"https:\/\/tktclean.com\/#website"},"primaryImageOfPage":{"@id":"https:\/\/tktclean.com\/en\/office-cleaning-service-price-list-in-ho-chi-minh-city_us\/#primaryimage"},"image":{"@id":"https:\/\/tktclean.com\/en\/office-cleaning-service-price-list-in-ho-chi-minh-city_us\/#primaryimage"},"thumbnailUrl":"https:\/\/tktclean.com\/wp-content\/uploads\/2025\/09\/hourly-cleaning-service-tkt-clean-july-2025-1024x724.png","datePublished":"2025-09-29T04:11:06+00:00","dateModified":"2025-09-30T07:34:51+00:00","description":"TKT Clean\u00ae \u2013 Office Cleaning Service Price List \u2705 By the hour \u2705 Daily (8 hours) \u2705 Industrial cleaning","breadcrumb":{"@id":"https:\/\/tktclean.com\/en\/office-cleaning-service-price-list-in-ho-chi-minh-city_us\/#breadcrumb"},"inLanguage":"en-US","potentialAction":[{"@type":"ReadAction","target":["https:\/\/tktclean.com\/en\/office-cleaning-service-price-list-in-ho-chi-minh-city_us\/"]}]},{"@type":"ImageObject","inLanguage":"en-US","@id":"https:\/\/tktclean.com\/en\/office-cleaning-service-price-list-in-ho-chi-minh-city_us\/#primaryimage","url":"https:\/\/tktclean.com\/wp-content\/uploads\/2025\/09\/hourly-cleaning-service-tkt-clean-july-2025-1024x724.png","contentUrl":"https:\/\/tktclean.com\/wp-content\/uploads\/2025\/09\/hourly-cleaning-service-tkt-clean-july-2025-1024x724.png"},{"@type":"BreadcrumbList","@id":"https:\/\/tktclean.com\/en\/office-cleaning-service-price-list-in-ho-chi-minh-city_us\/#breadcrumb","itemListElement":[{"@type":"ListItem","position":1,"name":"Home","item":"https:\/\/tktclean.com\/en\/"},{"@type":"ListItem","position":2,"name":"Office cleaning service price list in Ho Chi Minh City"}]},{"@type":"WebSite","@id":"https:\/\/tktclean.com\/#website","url":"https:\/\/tktclean.com\/","name":"TKT Clean","description":"D\u1ecbch v\u1ee5 v\u1ec7 sinh TPHCM","publisher":{"@id":"https:\/\/tktclean.com\/#organization"},"potentialAction":[{"@type":"SearchAction","target":{"@type":"EntryPoint","urlTemplate":"https:\/\/tktclean.com\/?s={search_term_string}"},"query-input":{"@type":"PropertyValueSpecification","valueRequired":true,"valueName":"search_term_string"}}],"inLanguage":"en-US"},{"@type":"Organization","@id":"https:\/\/tktclean.com\/#organization","name":"TKT Clean","url":"https:\/\/tktclean.com\/","logo":{"@type":"ImageObject","inLanguage":"en-US","@id":"https:\/\/tktclean.com\/#\/schema\/logo\/image\/","url":"https:\/\/tktclean.com\/wp-content\/uploads\/2020\/08\/logotktcleanx272-109-green-v01.png","contentUrl":"https:\/\/tktclean.com\/wp-content\/uploads\/2020\/08\/logotktcleanx272-109-green-v01.png","width":272,"height":109,"caption":"TKT Clean"},"image":{"@id":"https:\/\/tktclean.com\/#\/schema\/logo\/image\/"},"sameAs":["https:\/\/www.facebook.com\/dichvuvesinhtoanha","https:\/\/x.com\/TKTClean","https:\/\/www.youtube.com\/user\/tktcleaning\/videos"]}]}},"_links":{"self":[{"href":"https:\/\/tktclean.com\/en\/wp-json\/wp\/v2\/pages\/34332","targetHints":{"allow":["GET"]}}],"collection":[{"href":"https:\/\/tktclean.com\/en\/wp-json\/wp\/v2\/pages"}],"about":[{"href":"https:\/\/tktclean.com\/en\/wp-json\/wp\/v2\/types\/page"}],"author":[{"embeddable":true,"href":"https:\/\/tktclean.com\/en\/wp-json\/wp\/v2\/users\/14"}],"replies":[{"embeddable":true,"href":"https:\/\/tktclean.com\/en\/wp-json\/wp\/v2\/comments?post=34332"}],"version-history":[{"count":13,"href":"https:\/\/tktclean.com\/en\/wp-json\/wp\/v2\/pages\/34332\/revisions"}],"predecessor-version":[{"id":34374,"href":"https:\/\/tktclean.com\/en\/wp-json\/wp\/v2\/pages\/34332\/revisions\/34374"}],"wp:attachment":[{"href":"https:\/\/tktclean.com\/en\/wp-json\/wp\/v2\/media?parent=34332"}],"curies":[{"name":"wp","href":"https:\/\/api.w.org\/{rel}","templated":true}]}}