{"id":3942,"date":"2021-06-19T23:48:30","date_gmt":"2021-06-19T16:48:30","guid":{"rendered":"https:\/\/tktclean.com\/?post_type=product&#038;p=3942"},"modified":"2025-09-25T10:27:01","modified_gmt":"2025-09-25T03:27:01","slug":"hoa-chat-giat-tham-sinh-hoc-ecosophy-nhat-ban","status":"publish","type":"product","link":"https:\/\/tktclean.com\/en\/shop\/hoa-chat-giat-tham-sinh-hoc-ecosophy-nhat-ban\/","title":{"rendered":"H\u00f3a ch\u1ea5t gi\u1eb7t th\u1ea3m sinh h\u1ecdc Ecosophy Nh\u1eadt B\u1ea3n"},"content":{"rendered":"<p>Th\u1ea3m tr\u1ea3i s\u00e0n \u0111\u00e3 kh\u00f4ng c\u00f2n qu\u00e1 xa l\u1ea1 v\u1edbi ch\u00fang ta. Ng\u00e0y nay, th\u1ea3m tr\u1ea3i s\u00e0n \u0111\u01b0\u1ee3c d\u00f9ng ph\u1ed5 bi\u1ebfn t\u1ea1i c\u00e1c v\u0103n ph\u00f2ng, c\u00f4ng ty, trung t\u00e2m h\u1ed9i ngh\u1ecb, nh\u00e0 h\u00e0ng ,\u2026 Nh\u1edd nh\u1eefng t\u1ea5m th\u1ea3m n\u00e0y m\u00e0 kh\u00f4ng gian c\u0169ng tr\u1edf n\u00ean tinh t\u1ebf v\u00e0 c\u00f3 \u0111i\u1ec3m nh\u1ea5n h\u01a1n. Ngo\u00e0i vi\u1ec7c qu\u00e9t v\u00e0 h\u1ee5t b\u1ee5i th\u1ea3m h\u00e0ng ng\u00e0y. Th\u00ec v\u1ec7 sinh s\u00e2u b\u1ec1 m\u1eb7t th\u1ea3m l\u00e0 m\u1ed9t \u0111i\u1ec1u kh\u00f4ng th\u1ec3 b\u1ecf qua. C\u00f9ng TKTClean t\u00ecm hi\u1ec3u m\u1ed9t lo\u1ea1i h\u00f3a ch\u1ea5t gi\u1eb7t th\u1ea3m chuy\u00ean d\u1ee5ng. V\u1edbi c\u00f4ng ngh\u1ec7 sinh h\u1ecdc \u0111\u1ebfn t\u1eeb Nh\u1eadt B\u1ea3n. S\u1ea3n ph\u1ea9m n\u00e0y c\u00f3 g\u00ec n\u1ed5i tr\u1ed9i m\u00e0 khi\u1ebfn c\u00e1c c\u00f4ng ty v\u1ec7 sinh t\u1ea1i Nh\u1eadt B\u1ea3n b\u1ecb chinh ph\u1ee5c m\u1ed9t c\u00e1ch tuy\u1ec7t \u0111\u1ed1i nh\u01b0 th\u1ebf?<\/p>\n<h2>1. \u01afu \u0111i\u1ec3m n\u1ed5i b\u1eadt c\u1ee7a h\u00f3a ch\u1ea5t gi\u1eb7t th\u1ea3m Ecosophy<\/h2>\n<p>\u0110i\u1ec3m n\u1ed9i b\u1eadt nh\u1ea5t t\u1ea1o n\u00ean th\u01b0\u01a1ng hi\u1ec7u c\u1ee7a h\u00f3a ch\u1ea5t gi\u1eb7t th\u1ea3m n\u00e0y ch\u00ednh l\u00e0 <strong>C\u00f4ng Ngh\u1ec7 Sinh H\u1ecdc t\u1eeb Nh\u1eadt B\u1ea3n<\/strong>.<\/p>\n<p>V\u1edbi c\u00e1c h\u00f3a ch\u1ea5t kh\u00e1c, nh\u00e0 s\u1ea3n xu\u1ea5t ch\u1ee7 y\u1ebfu t\u1eadp trung v\u00e0o t\u00ednh n\u0103ng t\u1ea9y r\u1eeda m\u00e0 kh\u00f4ng qu\u00e1 ch\u00fa tr\u1ecdng v\u00e0o v\u1ea5n \u0111\u1ec1 \u201cxanh\u201d c\u1ee7a s\u1ea3n ph\u1ea9m. Th\u00ec v\u1edbi Ecosophy, ngo\u00e0i vi\u1ec7c l\u00e0m s\u1ea1ch v\u1ebft b\u1ea9n \u01b0u vi\u1ec7t b\u1eb1ng c\u00e1c ph\u00e2n t\u1eed Colloid si\u00eau nh\u1ecf. Vi\u1ec7c c\u00e2n b\u1eb1ng <strong>pH trung h\u00f2a b\u1eb1ng 7<\/strong> ch\u00ednh l\u00e0 y\u1ebfu t\u1ed1 gi\u00fap h\u00f3a ch\u1ea5t gi\u1eb7t th\u1ea3m n\u00e0y \u0111\u1ea1t \u0111\u1ed9 \u201cxanh\u201d ti\u00eau chu\u1ea9n.<\/p>\n<p>V\u1edbi cam k\u1ebft <strong>100% th\u00e2n thi\u1ec7n m\u00f4i tr\u01b0\u1eddng, an to\u00e0n da tay<\/strong>. \u0110\u1ed3ng th\u1eddi <strong>kh\u00f4ng g\u00e2y \u0103n m\u00f2n<\/strong> th\u1ea3m v\u00e0 kh\u1ea3 n\u0103ng <strong>t\u1ea9y r\u1eeda m\u1ecdi v\u1ebft b\u1ea9n<\/strong> gi\u00fap Ecosophy tr\u1edf th\u00e0nh h\u00f3a ch\u1ea5t gi\u1eb7t th\u1ea3m \u0111\u01b0\u1ee3c y\u00eau m\u1ebfn h\u00e0ng \u0111\u1ea7u t\u1ea1i x\u1ee9 s\u1edf m\u1eb7t tr\u1eddi m\u1ecdc.<\/p>\n<p>V\u00e0 nay, s\u1ea3n ph\u1ea9m n\u00e0y \u0111\u00e3 ch\u00ednh th\u1ee9c c\u00f3 m\u1eb7t t\u1ea1i th\u1ecb tr\u01b0\u1eddng Vi\u1ec7t Nam. V\u1edbi s\u1ef1 ph\u00e2n ph\u1ed1i \u0111\u1ed9c quy\u1ec1n c\u1ee7a \u0110\u01a1n v\u1ecb v\u1ec7 sinh TKTClean. Ch\u00fang t\u00f4i s\u1eb5n s\u00e0ng mang c\u00f4ng ngh\u1ec7 gi\u1eb7t th\u1ea3m xanh \u0111\u1ebfn v\u1edbi ng\u01b0\u1eddi ti\u00eau d\u00f9ng.<\/p>\n<h2>2. Nguy\u00ean l\u00fd l\u00e0m s\u1ea1ch c\u1ee7a h\u00f3a ch\u1ea5t gi\u1eb7t th\u1ea3m Ecosophy<\/h2>\n<p>Ecosophy \u0111\u01b0\u1ee3c ng\u01b0\u1eddi d\u00f9ng \u01b0u \u00e1i t\u1eb7ng cho danh hi\u1ec7u \u201cS\u1ee9c m\u1ea1nh nh\u00e2n \u0111\u00f4i\u201d. B\u1ea1n c\u00f3 bi\u1ebft v\u00ec sao kh\u00f4ng? \u0110\u00f3 l\u00e0 nh\u1edd 2 \u0111i\u1ec3m n\u1ed9i b\u1eadt sau:<\/p>\n<p><strong>S\u1ee9c m\u1ea1nh \u0111\u00e1nh b\u1eadt v\u1ebft b\u1ea9n<\/strong>: V\u1edbi c\u00e1c h\u1ea1t ph\u00e2n t\u1eed Colloid si\u00eau nh\u1ecf trong h\u00f3a ch\u1ea5t gi\u1eb7t th\u1ea3m. Ch\u00fang s\u1ebd t\u00e1c \u0111\u1ed9ng v\u00e0 b\u1ebb g\u00e3y li\u00ean k\u1ebft gi\u1eefa c\u00e1c g\u1ed1c \u01b0a b\u00e9o t\u00edch t\u1ee5 trong th\u1ea3m. Ch\u00ednh c\u00e1c g\u1ed1c \u01b0a b\u00e9o n\u00e0y \u0111\u00e3 gi\u1eef c\u00e1c v\u1ebft b\u1ea9n b\u00e1m v\u00e0o th\u1ea3m. C\u00e1c h\u1ea1t Colloid s\u1ebd t\u00e1ch c\u00e1c v\u1ebft b\u1ea9n kh\u1ecfi th\u00e0nh ph\u1ea7n n\u00e0y, v\u00e0 bao ph\u1ee7 ch\u00fang tr\u00e1nh b\u00e1m tr\u1edf l\u1ea1i th\u1ea3m.<\/p>\n<p><strong>S\u1ee9c m\u1ea1nh t\u1ea1o h\u01b0\u01a1ng th\u01a1m m\u00e1t: <\/strong>Kh\u00f4ng ch\u1ec9 lo\u1ea1i b\u1ecf c\u00e1c ch\u1ea5t b\u1ea9n b\u00e1m tr\u00ean th\u1ea3m. C\u00e1c h\u1ea1t Colloid n\u00e0y c\u00f2n t\u1ea5n c\u00f4ng c\u00e1c t\u00e1c nh\u00e2n g\u00e2y m\u00f9i. Ph\u00e1 v\u1ee1 ch\u00fang, gi\u00fap m\u00f9i \u1ea9m m\u1ed1c kh\u00f3 ch\u1ecbu \u0111\u01b0\u1ee3c x\u1eed l\u00fd ho\u00e0n to\u00e0n. Kh\u00f4ng gian s\u1ebd tr\u1edf n\u00ean s\u1ea1ch th\u01a1m m\u1ed9t c\u00e1ch d\u1ec5 ch\u1ecbu.<\/p>\n<p>Th\u00e0nh ph\u1ea7n c\u1ea5u t\u1ea1o n\u00ean h\u00f3a ch\u1ea5t gi\u1eb7t th\u1ea3m Ecosophy ho\u00e0n to\u00e0n t\u1eeb thi\u00ean nhi\u00ean. C\u00f3 kh\u1ea3 n\u0103ng t\u1ef1 ph\u00e2n h\u1ee7y v\u00e0 kh\u00f4ng l\u00e0m h\u1ea1i \u0111\u1ebfn m\u00f4i tr\u01b0\u1eddng c\u0169ng nh\u01b0 ng\u01b0\u1eddi s\u1eed d\u1ee5ng. V\u01b0\u1ee3t xa c\u00e1c h\u00f3a ch\u1ea5t c\u00f3 ngu\u1ed3n g\u1ed1c h\u00f3a h\u1ecdc kh\u00e1c.<\/p>\n<h2>3. H\u01b0\u1edbng d\u1eabn s\u1eed d\u1ee5ng h\u00f3a ch\u1ea5t gi\u1eb7t th\u1ea3m \u0111\u00fang, ti\u1ebft ki\u1ec7m<\/h2>\n<p>\u0110\u1ec3 s\u1eed d\u1ee5ng h\u00f3a ch\u1ea5t gi\u1eb7t th\u1ea3m n\u00e0y \u0111\u01b0\u1ee3c hi\u1ec7u qu\u1ea3 v\u00e0 ti\u1ebft ki\u1ec7m. B\u1ea1n n\u00ean n\u1eafm r\u00f5 t\u1ec9 l\u1ec7 c\u1ee5 th\u1ec3 v\u1edbi t\u1eebng m\u1ee5c \u0111\u00edch l\u00e0m s\u1ea1ch th\u1ea3m kh\u00e1c nhau.<\/p>\n<ul>\n<li>T\u1ea9y \u0111i\u1ec3m th\u1ea3m pha lo\u00e3ng 1-5 l\u1ea7n<\/li>\n<li>Gi\u1eb7t th\u1ea3m pha lo\u00e3ng 30-50 l\u1ea7n<\/li>\n<\/ul>\n<h4>H\u01b0\u1edbng d\u1eabn t\u1ea9y \u0111i\u1ec3m v\u1edbi v\u1ebft b\u1ea9n c\u1ee9ng \u0111\u1ea7u, l\u00e2u ng\u00e0y:<\/h4>\n<ul>\n<li>Cho h\u00f3a ch\u1ea5t gi\u1eb7t th\u1ea3m v\u00e0o b\u00ecnh x\u1ecbt phun s\u01b0\u01a1ng c\u1ea7m tay (kh\u00f4ng pha lo\u00e3ng). X\u1ecbt tr\u1ef1c ti\u1ebfp l\u00ean v\u1ebft b\u1ea9n \u0111\u1ebfn khi \u1ea9m b\u1ec1 m\u1eb7t th\u1ea3m<\/li>\n<li>\u0110\u1ee3i trong th\u1eddi gian 3-5p<\/li>\n<li>D\u00f9ng b\u00e0n ch\u1ea3i ch\u00e0 nh\u1eb9 l\u00ean v\u1ebft b\u1ea9n \u0111\u1ebfn khi lo\u1ea1i b\u1ecf ho\u00e0n to\u00e0n<\/li>\n<li>D\u00f9ng kh\u0103n lau s\u1ea1ch l\u1ea1i ho\u1eb7c d\u00f9ng m\u00e1y h\u00fat b\u1ee5i h\u00fat s\u1ea1ch v\u1ebft b\u1ea9n.<\/li>\n<\/ul>\n<h4>H\u01b0\u1edbng d\u1eabn l\u00e0m s\u1ea1ch th\u1ea3m l\u00e2u ng\u00e0y, v\u1ebft b\u1ea9n \u0111\u1eadm<\/h4>\n<ul>\n<li>Pha lo\u00e3ng t\u1ef7 l\u1ec7 1:10, ho\u1eb7c 1:15 (ho\u1eb7c 4-6 n\u1eafp chai (1 n\u1eafp chai kho\u1ea3ng 15ml) v\u1edbi 0.5-1.5 l\u00edt n\u01b0\u1edbc))<\/li>\n<li>Cho h\u00f3a ch\u1ea5t gi\u1eb7t th\u1ea3m v\u00e0o b\u00ecnh x\u1ecbt phun s\u01b0\u01a1ng c\u1ea7m tay. X\u1ecbt \u0111\u1ec1u \u0111\u1ebfn khi \u1ea9m b\u1ec1 m\u1eb7t th\u1ea3m<\/li>\n<li>\u0110\u1ee3i trong th\u1eddi gian 3-5p<\/li>\n<li>D\u00f9ng m\u00e1y gi\u1eb7t th\u1ea3m chuy\u00ean d\u00f9ng (m\u00e1y b\u00e0n ch\u00e0 ho\u1eb7c m\u00e1y h\u01a1i n\u01b0\u1edbc n\u00f3ng) v\u1ec7 sinh tr\u1ef1c ti\u1ebfp l\u00ean b\u1ec1 m\u1eb7t th\u1ea3m \u0111\u00e3 phun h\u00f3a ch\u1ea5t<\/li>\n<li>D\u00f9ng m\u00e1y h\u00fat b\u1ee5i n\u01b0\u1edbc h\u00fat s\u1ea1ch v\u1ebft b\u1ea9n v\u00e0 h\u00f3a ch\u1ea5t t\u1ed3n d\u01b0 tr\u00ean th\u1ea3m<\/li>\n<\/ul>\n<h4>H\u01b0\u1edbng d\u1eabn l\u00e0m s\u1ea1ch th\u1ea3m \u0111\u1ecbnh k\u1ef3<\/h4>\n<ul>\n<li>Pha lo\u00e3ng t\u1ef7 l\u1ec7 1:30, ho\u1eb7c 1:50 (ho\u1eb7c 4-6 n\u1eafp chai (1 n\u1eafp chai kho\u1ea3ng 15ml) v\u1edbi 2-4 l\u00edt n\u01b0\u1edbc))<\/li>\n<li>Cho ch\u1ea5t t\u1ea9y r\u1eeda v\u00e0o b\u00ecnh x\u1ecbt phun s\u01b0\u01a1ng c\u1ea7m tay. X\u1ecbt \u0111\u1ec1u \u0111\u1ebfn khi \u1ea9m b\u1ec1 m\u1eb7t th\u1ea3m<\/li>\n<li>\u0110\u1ee3i trong th\u1eddi gian 1-3p<\/li>\n<li>D\u00f9ng thi\u1ebft b\u1ecb v\u1ec7 sinh chuy\u00ean d\u1ee5ng (m\u00e1y b\u00e0n ch\u00e0 ho\u1eb7c m\u00e1y h\u01a1i n\u01b0\u1edbc n\u00f3ng) v\u1ec7 sinh tr\u1ef1c ti\u1ebfp l\u00ean b\u1ec1 m\u1eb7t th\u1ea3m \u0111\u00e3 phun h\u00f3a ch\u1ea5t<\/li>\n<li>D\u00f9ng m\u00e1y h\u00fat b\u1ee5i n\u01b0\u1edbc h\u00fat s\u1ea1ch v\u1ebft b\u1ea9n v\u00e0 h\u00f3a ch\u1ea5t t\u1ed3n d\u01b0 tr\u00ean th\u1ea3m<\/li>\n<\/ul>\n<h2>4. B\u1ea3o qu\u1ea3n h\u00f3a ch\u1ea5t \u0111\u00fang c\u00e1ch<\/h2>\n<p>V\u00ec \u0111\u00e2y l\u00e0 s\u1ea3n ph\u1ea9m c\u00f3 th\u00e0nh ph\u1ea7n ho\u00e0n to\u00e0n t\u1ef1 nhi\u00ean. V\u00ec th\u1ebf n\u00ean b\u1ea3o qu\u1ea3n \u1edf n\u01a1i c\u00f3 nhi\u1ec7t \u0111\u1ed9 t\u1eeb 25<sup>o<\/sup>C &#8211; 35<sup>o<\/sup>C. Tr\u00e1nh xa \u00e1nh n\u1eafng tr\u1ef1c ti\u1ebfp c\u1ee7a m\u1eb7t tr\u1eddi.<\/p>\n<p>\u0110\u1eady n\u1eafp k\u00edn sau khi s\u1eed d\u1ee5ng. V\u00e0 tr\u00e1nh xa t\u1ea7m tay tr\u1ebb nh\u1ecf<\/p>\n","protected":false},"excerpt":{"rendered":"<p>S\u1ea3n ph\u1ea9m h\u00f3a ch\u1ea5t gi\u1eb7t th\u1ea3m c\u00f4ng ngh\u1ec7 sinh h\u1ecdc c\u1ee7a Nh\u1eadt B\u1ea3n<\/p>\n<ul>\n<li>S\u1ee9c m\u1ea1nh t\u1ea9y r\u1eeda t\u1eeb c\u00e1c ph\u00e2n t\u1eed Colloid si\u00eau nh\u1ecf x2 s\u1ee9c m\u1ea1nh: L\u00e0m s\u1ea1ch th\u1ea3m + Kh\u1eed M\u00f9i H\u00f4i<\/li>\n<li>\u00cam d\u1ecbu c\u1ea3 v\u1edbi da em b\u00e9<\/li>\n<li>Ch\u1ea5t l\u01b0\u1ee3ng s\u1ed1 1 t\u1eeb Nh\u1eadt B\u1ea3n<\/li>\n<li>S\u1ea3n ph\u1ea9m n\u01b0\u1edbc gi\u1eb7t th\u1ea3m c\u00f4ng ngh\u1ec7 sinh h\u1ecdc b\u00e1n ch\u1ea1y nh\u1ea5t Nh\u1eadt B\u1ea3n t\u1eeb 2019-2021<\/li>\n<li>B\u1ea3o v\u1ec7 m\u00f4i tr\u01b0\u1eddng, t\u00f4n tr\u1ecdng cu\u1ed9c s\u1ed1ng Xanh<\/li>\n<\/ul>\n<p>L\u1ea7n \u0110\u1ea7u Ti\u00ean v\u00e0 Duy Nh\u1ea5t t\u1ea1i th\u1ecb tr\u01b0\u1eddng Vi\u1ec7t Nam c\u00f3 m\u1eb7t n\u01b0\u1edbc gi\u1eb7t th\u1ea3m Nh\u1eadt B\u1ea3n Ecosophy Number 1.<\/p>\n<p>Tr\u1ea3i nghi\u1ec7m v\u00e0 ch\u00fang t\u00f4i tin ch\u1eafc b\u1ea1n s\u1ebd H\u00e0i L\u00f2ng 100%<\/p>\n","protected":false},"featured_media":3943,"comment_status":"open","ping_status":"closed","template":"","meta":[],"product_brand":[],"product_cat":[118],"product_tag":[119,121,120,122],"class_list":{"0":"post-3942","1":"product","2":"type-product","3":"status-publish","4":"has-post-thumbnail","6":"product_cat-hoa-chat-ve-sinh","7":"product_tag-hoa-chat-giat-tham","8":"product_tag-hoa-chat-ve-sinh-tham","9":"product_tag-nuoc-giat-tham","10":"product_tag-nuoc-ve-sinh-tham","12":"first","13":"instock","14":"sold-individually","15":"taxable","16":"shipping-taxable","17":"purchasable","18":"product-type-simple"},"yoast_head":"<!-- This site is optimized with the Yoast SEO plugin v27.3 - https:\/\/yoast.com\/product\/yoast-seo-wordpress\/ -->\n<title>H\u00f3a Ch\u1ea5t Gi\u1eb7t Th\u1ea3m C\u00f4ng Ngh\u1ec7 Sinh H\u1ecdc Ecosophy S\u1ed1 1 t\u1eeb Nh\u1eadt B\u1ea3n<\/title>\n<meta name=\"description\" content=\"TKT Shop, H\u00f3a Ch\u1ea5t Gi\u1eb7t Th\u1ea3m \u0110\u01b0\u1ee3c Y\u00eau Th\u00edch Nh\u1ea5t Nh\u1eadt B\u1ea3n \u2714\ufe0f Ch\u1ea5t L\u01b0\u1ee3ng V\u01b0\u1ee3t Tr\u1ed9i \u2714\ufe0f An To\u00e0n v\u1edbi Da Em B\u00e9 \u2714\ufe0f C\u00f4ng Ngh\u1ec7 Sinh H\u1ecdc V\u00ec M\u00f4i Tr\u01b0\u1eddng\" \/>\n<meta name=\"robots\" content=\"index, follow, max-snippet:-1, max-image-preview:large, max-video-preview:-1\" \/>\n<link rel=\"canonical\" href=\"https:\/\/tktclean.com\/shop\/hoa-chat-giat-tham-sinh-hoc-ecosophy-nhat-ban\/\" \/>\n<meta property=\"og:locale\" content=\"en_US\" \/>\n<meta property=\"og:type\" content=\"article\" \/>\n<meta property=\"og:title\" content=\"H\u00f3a Ch\u1ea5t Gi\u1eb7t Th\u1ea3m C\u00f4ng Ngh\u1ec7 Sinh H\u1ecdc Ecosophy S\u1ed1 1 t\u1eeb Nh\u1eadt B\u1ea3n\" \/>\n<meta property=\"og:description\" content=\"TKT Shop, H\u00f3a Ch\u1ea5t Gi\u1eb7t Th\u1ea3m \u0110\u01b0\u1ee3c Y\u00eau Th\u00edch Nh\u1ea5t Nh\u1eadt B\u1ea3n \u2714\ufe0f Ch\u1ea5t L\u01b0\u1ee3ng V\u01b0\u1ee3t Tr\u1ed9i \u2714\ufe0f An To\u00e0n v\u1edbi Da Em B\u00e9 \u2714\ufe0f C\u00f4ng Ngh\u1ec7 Sinh H\u1ecdc V\u00ec M\u00f4i Tr\u01b0\u1eddng\" \/>\n<meta property=\"og:url\" content=\"https:\/\/tktclean.com\/shop\/hoa-chat-giat-tham-sinh-hoc-ecosophy-nhat-ban\/\" \/>\n<meta property=\"og:site_name\" content=\"TKT Clean\" \/>\n<meta property=\"article:publisher\" content=\"https:\/\/www.facebook.com\/dichvuvesinhtoanha\" \/>\n<meta property=\"article:modified_time\" content=\"2025-09-25T03:27:01+00:00\" \/>\n<meta property=\"og:image\" content=\"https:\/\/tktclean.com\/wp-content\/uploads\/2021\/06\/hoa-chat-giat-tham-ecosophy-nhat-ban-tong-hop-tkt-mart-small.jpg\" \/>\n\t<meta property=\"og:image:width\" content=\"360\" \/>\n\t<meta property=\"og:image:height\" content=\"360\" \/>\n\t<meta property=\"og:image:type\" content=\"image\/jpeg\" \/>\n<meta name=\"twitter:card\" content=\"summary_large_image\" \/>\n<meta name=\"twitter:site\" content=\"@TKTClean\" \/>\n<meta name=\"twitter:label1\" content=\"Est. reading time\" \/>\n\t<meta name=\"twitter:data1\" content=\"4 minutes\" \/>\n<script type=\"application\/ld+json\" class=\"yoast-schema-graph\">{\"@context\":\"https:\\\/\\\/schema.org\",\"@graph\":[{\"@type\":\"WebPage\",\"@id\":\"https:\\\/\\\/tktclean.com\\\/shop\\\/hoa-chat-giat-tham-sinh-hoc-ecosophy-nhat-ban\\\/\",\"url\":\"https:\\\/\\\/tktclean.com\\\/shop\\\/hoa-chat-giat-tham-sinh-hoc-ecosophy-nhat-ban\\\/\",\"name\":\"H\u00f3a Ch\u1ea5t Gi\u1eb7t Th\u1ea3m C\u00f4ng Ngh\u1ec7 Sinh H\u1ecdc Ecosophy S\u1ed1 1 t\u1eeb Nh\u1eadt B\u1ea3n\",\"isPartOf\":{\"@id\":\"https:\\\/\\\/tktclean.com\\\/#website\"},\"primaryImageOfPage\":{\"@id\":\"https:\\\/\\\/tktclean.com\\\/shop\\\/hoa-chat-giat-tham-sinh-hoc-ecosophy-nhat-ban\\\/#primaryimage\"},\"image\":{\"@id\":\"https:\\\/\\\/tktclean.com\\\/shop\\\/hoa-chat-giat-tham-sinh-hoc-ecosophy-nhat-ban\\\/#primaryimage\"},\"thumbnailUrl\":\"https:\\\/\\\/tktclean.com\\\/wp-content\\\/uploads\\\/2021\\\/06\\\/hoa-chat-giat-tham-ecosophy-nhat-ban-tong-hop-tkt-mart-small.jpg\",\"datePublished\":\"2021-06-19T16:48:30+00:00\",\"dateModified\":\"2025-09-25T03:27:01+00:00\",\"description\":\"TKT Shop, H\u00f3a Ch\u1ea5t Gi\u1eb7t Th\u1ea3m \u0110\u01b0\u1ee3c Y\u00eau Th\u00edch Nh\u1ea5t Nh\u1eadt B\u1ea3n \u2714\ufe0f Ch\u1ea5t L\u01b0\u1ee3ng V\u01b0\u1ee3t Tr\u1ed9i \u2714\ufe0f An To\u00e0n v\u1edbi Da Em B\u00e9 \u2714\ufe0f C\u00f4ng Ngh\u1ec7 Sinh H\u1ecdc V\u00ec M\u00f4i Tr\u01b0\u1eddng\",\"breadcrumb\":{\"@id\":\"https:\\\/\\\/tktclean.com\\\/shop\\\/hoa-chat-giat-tham-sinh-hoc-ecosophy-nhat-ban\\\/#breadcrumb\"},\"inLanguage\":\"en-US\",\"potentialAction\":[{\"@type\":\"ReadAction\",\"target\":[\"https:\\\/\\\/tktclean.com\\\/shop\\\/hoa-chat-giat-tham-sinh-hoc-ecosophy-nhat-ban\\\/\"]}]},{\"@type\":\"ImageObject\",\"inLanguage\":\"en-US\",\"@id\":\"https:\\\/\\\/tktclean.com\\\/shop\\\/hoa-chat-giat-tham-sinh-hoc-ecosophy-nhat-ban\\\/#primaryimage\",\"url\":\"https:\\\/\\\/tktclean.com\\\/wp-content\\\/uploads\\\/2021\\\/06\\\/hoa-chat-giat-tham-ecosophy-nhat-ban-tong-hop-tkt-mart-small.jpg\",\"contentUrl\":\"https:\\\/\\\/tktclean.com\\\/wp-content\\\/uploads\\\/2021\\\/06\\\/hoa-chat-giat-tham-ecosophy-nhat-ban-tong-hop-tkt-mart-small.jpg\",\"width\":360,\"height\":360,\"caption\":\"H\u00ecnh \u1ea3nh: h\u00f3a ch\u1ea5t gi\u1eb7t th\u1ea3m ecosophy Nh\u1eadt B\u1ea3n\"},{\"@type\":\"BreadcrumbList\",\"@id\":\"https:\\\/\\\/tktclean.com\\\/shop\\\/hoa-chat-giat-tham-sinh-hoc-ecosophy-nhat-ban\\\/#breadcrumb\",\"itemListElement\":[{\"@type\":\"ListItem\",\"position\":1,\"name\":\"Home\",\"item\":\"https:\\\/\\\/tktclean.com\\\/en\\\/\"},{\"@type\":\"ListItem\",\"position\":2,\"name\":\"TKT Shop\",\"item\":\"https:\\\/\\\/tktclean.com\\\/en\\\/shop\\\/\"},{\"@type\":\"ListItem\",\"position\":3,\"name\":\"H\u00f3a ch\u1ea5t gi\u1eb7t th\u1ea3m sinh h\u1ecdc Ecosophy Nh\u1eadt B\u1ea3n\"}]},{\"@type\":\"WebSite\",\"@id\":\"https:\\\/\\\/tktclean.com\\\/#website\",\"url\":\"https:\\\/\\\/tktclean.com\\\/\",\"name\":\"TKT Clean\",\"description\":\"D\u1ecbch v\u1ee5 v\u1ec7 sinh TPHCM\",\"publisher\":{\"@id\":\"https:\\\/\\\/tktclean.com\\\/#organization\"},\"potentialAction\":[{\"@type\":\"SearchAction\",\"target\":{\"@type\":\"EntryPoint\",\"urlTemplate\":\"https:\\\/\\\/tktclean.com\\\/?s={search_term_string}\"},\"query-input\":{\"@type\":\"PropertyValueSpecification\",\"valueRequired\":true,\"valueName\":\"search_term_string\"}}],\"inLanguage\":\"en-US\"},{\"@type\":\"Organization\",\"@id\":\"https:\\\/\\\/tktclean.com\\\/#organization\",\"name\":\"TKT Clean\",\"url\":\"https:\\\/\\\/tktclean.com\\\/\",\"logo\":{\"@type\":\"ImageObject\",\"inLanguage\":\"en-US\",\"@id\":\"https:\\\/\\\/tktclean.com\\\/#\\\/schema\\\/logo\\\/image\\\/\",\"url\":\"https:\\\/\\\/tktclean.com\\\/wp-content\\\/uploads\\\/2020\\\/08\\\/logotktcleanx272-109-green-v01.png\",\"contentUrl\":\"https:\\\/\\\/tktclean.com\\\/wp-content\\\/uploads\\\/2020\\\/08\\\/logotktcleanx272-109-green-v01.png\",\"width\":272,\"height\":109,\"caption\":\"TKT Clean\"},\"image\":{\"@id\":\"https:\\\/\\\/tktclean.com\\\/#\\\/schema\\\/logo\\\/image\\\/\"},\"sameAs\":[\"https:\\\/\\\/www.facebook.com\\\/dichvuvesinhtoanha\",\"https:\\\/\\\/x.com\\\/TKTClean\",\"https:\\\/\\\/www.youtube.com\\\/user\\\/tktcleaning\\\/videos\"]}]}<\/script>\n<!-- \/ Yoast SEO plugin. -->","yoast_head_json":{"title":"H\u00f3a Ch\u1ea5t Gi\u1eb7t Th\u1ea3m C\u00f4ng Ngh\u1ec7 Sinh H\u1ecdc Ecosophy S\u1ed1 1 t\u1eeb Nh\u1eadt B\u1ea3n","description":"TKT Shop, H\u00f3a Ch\u1ea5t Gi\u1eb7t Th\u1ea3m \u0110\u01b0\u1ee3c Y\u00eau Th\u00edch Nh\u1ea5t Nh\u1eadt B\u1ea3n \u2714\ufe0f Ch\u1ea5t L\u01b0\u1ee3ng V\u01b0\u1ee3t Tr\u1ed9i \u2714\ufe0f An To\u00e0n v\u1edbi Da Em B\u00e9 \u2714\ufe0f C\u00f4ng Ngh\u1ec7 Sinh H\u1ecdc V\u00ec M\u00f4i Tr\u01b0\u1eddng","robots":{"index":"index","follow":"follow","max-snippet":"max-snippet:-1","max-image-preview":"max-image-preview:large","max-video-preview":"max-video-preview:-1"},"canonical":"https:\/\/tktclean.com\/shop\/hoa-chat-giat-tham-sinh-hoc-ecosophy-nhat-ban\/","og_locale":"en_US","og_type":"article","og_title":"H\u00f3a Ch\u1ea5t Gi\u1eb7t Th\u1ea3m C\u00f4ng Ngh\u1ec7 Sinh H\u1ecdc Ecosophy S\u1ed1 1 t\u1eeb Nh\u1eadt B\u1ea3n","og_description":"TKT Shop, H\u00f3a Ch\u1ea5t Gi\u1eb7t Th\u1ea3m \u0110\u01b0\u1ee3c Y\u00eau Th\u00edch Nh\u1ea5t Nh\u1eadt B\u1ea3n \u2714\ufe0f Ch\u1ea5t L\u01b0\u1ee3ng V\u01b0\u1ee3t Tr\u1ed9i \u2714\ufe0f An To\u00e0n v\u1edbi Da Em B\u00e9 \u2714\ufe0f C\u00f4ng Ngh\u1ec7 Sinh H\u1ecdc V\u00ec M\u00f4i Tr\u01b0\u1eddng","og_url":"https:\/\/tktclean.com\/shop\/hoa-chat-giat-tham-sinh-hoc-ecosophy-nhat-ban\/","og_site_name":"TKT Clean","article_publisher":"https:\/\/www.facebook.com\/dichvuvesinhtoanha","article_modified_time":"2025-09-25T03:27:01+00:00","og_image":[{"width":360,"height":360,"url":"https:\/\/tktclean.com\/wp-content\/uploads\/2021\/06\/hoa-chat-giat-tham-ecosophy-nhat-ban-tong-hop-tkt-mart-small.jpg","type":"image\/jpeg"}],"twitter_card":"summary_large_image","twitter_site":"@TKTClean","twitter_misc":{"Est. reading time":"4 minutes"},"schema":{"@context":"https:\/\/schema.org","@graph":[{"@type":"WebPage","@id":"https:\/\/tktclean.com\/shop\/hoa-chat-giat-tham-sinh-hoc-ecosophy-nhat-ban\/","url":"https:\/\/tktclean.com\/shop\/hoa-chat-giat-tham-sinh-hoc-ecosophy-nhat-ban\/","name":"H\u00f3a Ch\u1ea5t Gi\u1eb7t Th\u1ea3m C\u00f4ng Ngh\u1ec7 Sinh H\u1ecdc Ecosophy S\u1ed1 1 t\u1eeb Nh\u1eadt B\u1ea3n","isPartOf":{"@id":"https:\/\/tktclean.com\/#website"},"primaryImageOfPage":{"@id":"https:\/\/tktclean.com\/shop\/hoa-chat-giat-tham-sinh-hoc-ecosophy-nhat-ban\/#primaryimage"},"image":{"@id":"https:\/\/tktclean.com\/shop\/hoa-chat-giat-tham-sinh-hoc-ecosophy-nhat-ban\/#primaryimage"},"thumbnailUrl":"https:\/\/tktclean.com\/wp-content\/uploads\/2021\/06\/hoa-chat-giat-tham-ecosophy-nhat-ban-tong-hop-tkt-mart-small.jpg","datePublished":"2021-06-19T16:48:30+00:00","dateModified":"2025-09-25T03:27:01+00:00","description":"TKT Shop, H\u00f3a Ch\u1ea5t Gi\u1eb7t Th\u1ea3m \u0110\u01b0\u1ee3c Y\u00eau Th\u00edch Nh\u1ea5t Nh\u1eadt B\u1ea3n \u2714\ufe0f Ch\u1ea5t L\u01b0\u1ee3ng V\u01b0\u1ee3t Tr\u1ed9i \u2714\ufe0f An To\u00e0n v\u1edbi Da Em B\u00e9 \u2714\ufe0f C\u00f4ng Ngh\u1ec7 Sinh H\u1ecdc V\u00ec M\u00f4i Tr\u01b0\u1eddng","breadcrumb":{"@id":"https:\/\/tktclean.com\/shop\/hoa-chat-giat-tham-sinh-hoc-ecosophy-nhat-ban\/#breadcrumb"},"inLanguage":"en-US","potentialAction":[{"@type":"ReadAction","target":["https:\/\/tktclean.com\/shop\/hoa-chat-giat-tham-sinh-hoc-ecosophy-nhat-ban\/"]}]},{"@type":"ImageObject","inLanguage":"en-US","@id":"https:\/\/tktclean.com\/shop\/hoa-chat-giat-tham-sinh-hoc-ecosophy-nhat-ban\/#primaryimage","url":"https:\/\/tktclean.com\/wp-content\/uploads\/2021\/06\/hoa-chat-giat-tham-ecosophy-nhat-ban-tong-hop-tkt-mart-small.jpg","contentUrl":"https:\/\/tktclean.com\/wp-content\/uploads\/2021\/06\/hoa-chat-giat-tham-ecosophy-nhat-ban-tong-hop-tkt-mart-small.jpg","width":360,"height":360,"caption":"H\u00ecnh \u1ea3nh: h\u00f3a ch\u1ea5t gi\u1eb7t th\u1ea3m ecosophy Nh\u1eadt B\u1ea3n"},{"@type":"BreadcrumbList","@id":"https:\/\/tktclean.com\/shop\/hoa-chat-giat-tham-sinh-hoc-ecosophy-nhat-ban\/#breadcrumb","itemListElement":[{"@type":"ListItem","position":1,"name":"Home","item":"https:\/\/tktclean.com\/en\/"},{"@type":"ListItem","position":2,"name":"TKT Shop","item":"https:\/\/tktclean.com\/en\/shop\/"},{"@type":"ListItem","position":3,"name":"H\u00f3a ch\u1ea5t gi\u1eb7t th\u1ea3m sinh h\u1ecdc Ecosophy Nh\u1eadt B\u1ea3n"}]},{"@type":"WebSite","@id":"https:\/\/tktclean.com\/#website","url":"https:\/\/tktclean.com\/","name":"TKT Clean","description":"D\u1ecbch v\u1ee5 v\u1ec7 sinh TPHCM","publisher":{"@id":"https:\/\/tktclean.com\/#organization"},"potentialAction":[{"@type":"SearchAction","target":{"@type":"EntryPoint","urlTemplate":"https:\/\/tktclean.com\/?s={search_term_string}"},"query-input":{"@type":"PropertyValueSpecification","valueRequired":true,"valueName":"search_term_string"}}],"inLanguage":"en-US"},{"@type":"Organization","@id":"https:\/\/tktclean.com\/#organization","name":"TKT Clean","url":"https:\/\/tktclean.com\/","logo":{"@type":"ImageObject","inLanguage":"en-US","@id":"https:\/\/tktclean.com\/#\/schema\/logo\/image\/","url":"https:\/\/tktclean.com\/wp-content\/uploads\/2020\/08\/logotktcleanx272-109-green-v01.png","contentUrl":"https:\/\/tktclean.com\/wp-content\/uploads\/2020\/08\/logotktcleanx272-109-green-v01.png","width":272,"height":109,"caption":"TKT Clean"},"image":{"@id":"https:\/\/tktclean.com\/#\/schema\/logo\/image\/"},"sameAs":["https:\/\/www.facebook.com\/dichvuvesinhtoanha","https:\/\/x.com\/TKTClean","https:\/\/www.youtube.com\/user\/tktcleaning\/videos"]}]}},"_links":{"self":[{"href":"https:\/\/tktclean.com\/en\/wp-json\/wp\/v2\/product\/3942","targetHints":{"allow":["GET"]}}],"collection":[{"href":"https:\/\/tktclean.com\/en\/wp-json\/wp\/v2\/product"}],"about":[{"href":"https:\/\/tktclean.com\/en\/wp-json\/wp\/v2\/types\/product"}],"replies":[{"embeddable":true,"href":"https:\/\/tktclean.com\/en\/wp-json\/wp\/v2\/comments?post=3942"}],"wp:featuredmedia":[{"embeddable":true,"href":"https:\/\/tktclean.com\/en\/wp-json\/wp\/v2\/media\/3943"}],"wp:attachment":[{"href":"https:\/\/tktclean.com\/en\/wp-json\/wp\/v2\/media?parent=3942"}],"wp:term":[{"taxonomy":"product_brand","embeddable":true,"href":"https:\/\/tktclean.com\/en\/wp-json\/wp\/v2\/product_brand?post=3942"},{"taxonomy":"product_cat","embeddable":true,"href":"https:\/\/tktclean.com\/en\/wp-json\/wp\/v2\/product_cat?post=3942"},{"taxonomy":"product_tag","embeddable":true,"href":"https:\/\/tktclean.com\/en\/wp-json\/wp\/v2\/product_tag?post=3942"}],"curies":[{"name":"wp","href":"https:\/\/api.w.org\/{rel}","templated":true}]}}