{"id":10589,"date":"2022-12-30T16:20:03","date_gmt":"2022-12-30T09:20:03","guid":{"rendered":"https:\/\/tktclean.com\/?post_type=product&#038;p=10589"},"modified":"2023-04-13T15:56:42","modified_gmt":"2023-04-13T08:56:42","slug":"may-phun-suong-lanh-ulv-diet-con-trung-blasters-ac","status":"publish","type":"product","link":"https:\/\/tktclean.com\/ja\/shop\/may-phun-suong-lanh-ulv-diet-con-trung-blasters-ac\/","title":{"rendered":"M\u00e1y phun s\u01b0\u01a1ng l\u1ea1nh ULV di\u1ec7t c\u00f4n tr\u00f9ng Blasters AC"},"content":{"rendered":"<h2>1. Th\u00f4ng s\u1ed1 k\u0129 thu\u1eadt c\u1ee7a m\u00e1y phun s\u01b0\u01a1ng l\u1ea1nh ULV di\u1ec7t c\u00f4n tr\u00f9ng Blasters AC:<\/h2>\n<ul>\n<li>M\u00e3 s\u1ea3n ph\u1ea9m: P-EBL-AC<\/li>\n<li>C\u00f4ng su\u1ea5t \u0111\u1ed9ng c\u01a1 : 1250W<\/li>\n<li>\u0110i\u1ec7n n\u0103ng ti\u00eau th\u1ee5: 220V\/ 50~60Hz<\/li>\n<li>Kho\u1ea3ng c\u00e1ch phun : 7 ~ 10M<\/li>\n<li>Dung t\u00edch b\u00ecnh h\u00f3a ch\u1ea5t : 3L<\/li>\n<li>K\u00edch th\u01b0\u1edbc gi\u1ecdt phun : 10~40\u339b<\/li>\n<li>K\u00edch th\u01b0\u1edbc : 560 x 240 x 160(mm)<\/li>\n<li>Tr\u1ecdng l\u01b0\u1ee3ng: 3.6 Kg<\/li>\n<\/ul>\n<h2>2. Gi\u1edbi thi\u1ec7u m\u00e1y phun s\u01b0\u01a1ng l\u1ea1nh ULV di\u1ec7t c\u00f4n tr\u00f9ng Blasters AC:<\/h2>\n<p>M\u00e1y phun s\u01b0\u01a1ng l\u1ea1nh ULV di\u1ec7t c\u00f4n tr\u00f9ng c\u1ea7m tay SM Blasters AC l\u00e0 d\u00f2ng m\u00e1y phun s\u01b0\u01a1ng m\u00f9 l\u1ea1nh v\u1edbi c\u00f4ng su\u1ea5t cao. Thi\u1ebft b\u1ecb ph\u00f9 h\u1ee3p \u0111\u1ec3 v\u1ec7 sinh nh\u1eefng kh\u00f4ng gian l\u1edbn nh\u01b0 b\u1ec7nh vi\u1ec7n, nh\u00e0 \u1edf, v\u0103n ph\u00f2ng, c\u1eeda h\u00e0ng\u2026 M\u00e1y t\u1ea1o ra h\u1ec7 th\u1ed1ng s\u01b0\u01a1ng l\u1ea1nh si\u00eau nh\u1eb9 ( Ultra Light Volume vi\u1ebft t\u1eaft ULV ).<\/p>\n<p>L\u1edbp s\u01b0\u01a1ng l\u1ea1nh n\u00e0y c\u00f3 th\u1ebb ti\u00eau di\u1ec7t nhi\u1ec1u lo\u1ea1i c\u00f4n tr\u00f9ng, mu\u1ed7i ho\u1eb7c c\u00e1c lo\u1ea1i vi khu\u1ea9n cho kh\u00f4ng gian s\u1ed1ng v\u00e0 b\u1ec1 m\u1eb7t. N\u00f3 c\u00f3 hi\u1ec7u qu\u1ea3 cao, kh\u00f4ng g\u00e2y di \u1ee9ng v\u00e0 an to\u00e0n khi s\u1eed d\u1ee5ng cho con ng\u01b0\u1eddi, v\u1eadt nu\u00f4i hay th\u1ef1c v\u1eadt. M\u00e1y phun s\u01b0\u01a1ng ULV SM Blasters AC c\u00f4ng nghi\u1ec7p t\u1ea1o ra m\u1ed9t l\u01b0\u1ee3ng kh\u00ed l\u1edbn, c\u00f3 \u0111\u1ed9 \u1ea9m nh\u1ea5t \u0111\u1ecbnh v\u00e0 c\u00f3 th\u1ec3 \u0111i\u1ec1u ch\u1ec9nh \u0111\u01b0\u1ee3c.<\/p>\n<p>M\u00e1y t\u1ea1o s\u01b0\u01a1ng l\u1ea1nh di\u1ec7t c\u00f4ng tr\u00f9ng s\u1eed d\u1ee5ng l\u01b0\u1ee3ng l\u1edbn kh\u00f4ng kh\u00ed \u1edf \u00e1p su\u1ea5t th\u1ea5p \u0111\u1ec3 bi\u1ebfn ch\u1ea5t l\u1ecfng th\u00e0nh c\u00e1c gi\u1ecdt nh\u1ecf. Sau \u0111\u00f3, thi\u1ebft b\u1ecb ph\u00e2n t\u00e1n ra kh\u00f4ng kh\u00ed. M\u00e1y t\u1ea1o ra nh\u01b0ng gi\u1ecdt s\u01b0\u01a1ng c\u1ef1c nh\u1ecf c\u00f3 th\u1ec3 \u0111\u1ea1t 10\u339b.<\/p>\n<p>M\u00e1y phun s\u01b0\u01a1ng ULV di\u1ec7t c\u00f4n tr\u00f9ng c\u1ea7m tay SM Blasters AC \u0111\u01b0\u1ee3c s\u1eed d\u1ee5ng \u0111\u1ec3 phun thu\u1ed1c di\u1ec7t c\u00f4n tr\u00f9ng, thu\u1ed1c tr\u1eeb s\u00e2u, thu\u1ed1c di\u1ec7t n\u1ea5m, ch\u1ea5t kh\u1eed tr\u00f9ng v\u00e0 ch\u1ea5t kh\u1eed tr\u00f9ng c\u00f9ng v\u1edbi c\u00e1c h\u00f3a ch\u1ea5t kh\u00e1c.<\/p>\n<p>M\u00e1y phun s\u01b0\u01a1ng l\u1ea1nh ULV v\u1edbi k\u00edch th\u01b0\u1edbc gi\u1ecdt phun t\u1ed1i \u01b0u \u0111\u00f3ng vai tr\u00f2 quan tr\u1ecdng \u0111\u1ec3 v\u1ec7 sinh nh\u00e0 \u1edf. V\u1edbi k\u00edch th\u01b0\u1edbc gi\u1ecdt phun 10~40\u339b \u0111\u1ec3 \u00a0\u0111u\u1ed5i ru\u1ed3i mu\u1ed7i, c\u00e1c lo\u1ea1i vi khu\u1ea9n, virus hay n\u1ea5m.<\/p>\n<p>\u0110\u1ed3ng th\u1eddi c\u00e1c lo\u1ea1i h\u1ea1t s\u01b0\u01a1ng l\u1ea1nh c\u00e0ng nh\u1ecf th\u00ec c\u00e0ng t\u1ed1n \u00edt thu\u1ed1c \u0111\u1ec3 kh\u1eed tr\u00f9ng, di\u1ec7t c\u00f4n tr\u00f9ng tr\u00ean c\u00f9ng m\u1ed9t di\u1ec7n t\u00edch. Do v\u1eady, m\u00e1y phun s\u01b0\u01a1ng l\u1ea1nh ULV c\u1ee7a Sammi Glory gi\u00fap c\u00f4ng vi\u1ec7c phun x\u1ecbt c\u00f4n tr\u00f9ng, vi khu\u1ea9n mang l\u1ea1i hi\u1ec7u qu\u1ea3 cao h\u01a1n.<\/p>\n<h2>3. T\u1ea1i sao n\u00ean ch\u1ecdn m\u00e1y phun s\u01b0\u01a1ng l\u1ea1nh ULV di\u1ec7t c\u00f4n tr\u00f9ng Blasters AC:<\/h2>\n<p>Khi s\u01b0\u01a1ng \u0111\u01b0\u1ee3c \u0111\u1ea9y ra v\u1edbi \u00e1p l\u1ef1c cao, ch\u1ea5t di\u1ec7t c\u00f4n tr\u00f9ng hay ch\u1ea5t kh\u1eed tr\u00f9ng lan r\u1ed9ng v\u00e0 c\u00f3 th\u1ec3 ti\u1ebfp c\u1eadn nhi\u1ec1u khu v\u1ef1c.<\/p>\n<p>M\u00e1y phun s\u01b0\u01a1ng l\u1ea1nh c\u00f3 m\u1ed9t l\u1ee3i th\u1ebf l\u00e0 khi\u1ebfn kh\u00f4ng gian an to\u00e0n khi c\u00f3 th\u1ec3 bay h\u1ebft thu\u1ed1c trong 15 ph\u00fat. Tuy nhi\u00ean, n\u1ebfu b\u1ea1n v\u1ec7 sinh n\u01a1i c\u00f3 di\u1ec7n t\u00edch l\u1edbn th\u00ec c\u1ea7n th\u1eddi gian nhi\u1ec1u h\u01a1n, l\u1edbn h\u01a1n 30 ph\u00fat. N\u1ebfu ph\u00f2ng l\u1ea1nh ho\u1eb7c s\u01b0\u01a1ng m\u00f9 d\u00e0y th\u00ec qu\u00e1 tr\u00ecnh bay h\u01a1i s\u1ebd l\u00e2u h\u01a1n m\u1ed9t ch\u00fat. \u0110i\u1ec1u n\u00e0y d\u1eabn \u0111\u1ebfn b\u1ec1 m\u1eb7t \u1ea9m \u01b0\u1edbt.<\/p>\n<p>M\u00e1y phun s\u01b0\u01a1ng ULV di\u1ec7t c\u00f4n tr\u00f9ng c\u1ea7m tay SM Blasters AC d\u00f9ng phun h\u00f3a ch\u1ea5t s\u00e1t khu\u1ea9n, s\u00e1t tr\u00f9ng v\u00e0 c\u00e1c lo\u1ea1i thu\u1ed1c di\u1ec7t mu\u1ed7i, thu\u1ed1c di\u1ec7t c\u00f4n tr\u00f9ng. Phun s\u01b0\u01a1ng b\u1eb1ng dung d\u1ecbch di\u1ec7t c\u00f4n tr\u00f9ng hay dung d\u1ecbch kh\u1eed tr\u00f9ng c\u00f3 hi\u1ec7u qu\u1ea3 cao. C\u00e1c l\u1edbp s\u01b0\u01a1ng nh\u1ecf b\u00e1m tr\u00ean m\u1ecdi b\u1ec1 m\u1eb7t v\u00e0 ng\u01b0ng t\u1ee5 l\u1ea1i. Khi s\u1eed d\u1ee5ng m\u00e1y phun kh\u1eed tr\u00f9ng ULV \u0111\u00fang c\u00e1ch v\u1eeba mang l\u1ea1i hi\u1ec7u qu\u1ea3 t\u1ed1t m\u00e0 b\u1ec1 m\u1eb7t c\u00e1c v\u1eadt li\u1ec7u ph\u1ea3i kh\u00f4 trong v\u00f2ng 6-7 ph\u00fat.<\/p>\n<p>Ng\u01b0\u1eddi v\u1eadn h\u00e0nh m\u00e1y phun x\u1ecbt di\u1ec7t c\u00f4n tr\u00f9ng c\u1ea7n ph\u1ea3i m\u1eb7c qu\u1ea7n \u00e1o b\u1ea3o h\u1ed9 \u0111\u1ea7y \u0111\u1ee7. Bao g\u1ed3m m\u1eb7t n\u1ea1, k\u00ednh b\u1ea3o h\u1ed9 v\u00e0 g\u0103ng tay. Ng\u01b0\u1eddi s\u1eed d\u1ee5ng c\u1ea7n \u0111\u01b0\u1ee3c \u0111\u00e0o t\u1ea1o k\u1ef9 l\u01b0\u1ee1ng v\u1ec1 s\u1eed d\u1ee5ng c\u1ea3 thi\u1ebft b\u1ecb v\u00e0 h\u00f3a ch\u1ea5t. S\u1eed d\u1ee5ng c\u00e1c lo\u1ea1i h\u00f3a ch\u1ea5t tu\u00e2n th\u1ee7 ti\u00eau chu\u1ea9n c\u1ee7a B\u1ed9 Y T\u1ebf v\u1ec1 hi\u1ec7u qu\u1ea3, gi\u1ebft c\u00f4n tr\u00f9ng, di\u1ec7t khu\u1ea9n.<\/p>\n<h2>4. \u1ee8ng d\u1ee5ng c\u1ee7a m\u00e1y phun s\u01b0\u01a1ng l\u1ea1nh ULV di\u1ec7t c\u00f4n tr\u00f9ng Blasters AC:<\/h2>\n<p>Phun kh\u00f4ng gian ti\u1ec7n \u00edch cho H\u1ec7 th\u1ed1ng L\u00e0m s\u1ea1ch kh\u00f4ng gian.<\/p>\n<ul>\n<li>V\u0103n ph\u00f2ng c\u00f4ng c\u1ed9ng: trung t\u00e2m Y t\u1ebf, Khu v\u1ef1c \u00f4 nhi\u1ec5m, v\u0103n ph\u00f2ng\u2026<\/li>\n<li>C\u01a1 s\u1edf gi\u00e1o d\u1ee5c: Tr\u01b0\u1eddng h\u1ecdc, Th\u01b0 vi\u1ec7n, khu\u00f4n vi\u00ean tr\u01b0\u1eddng h\u1ecdc, c\u0103n tin\u2026<\/li>\n<li>C\u01a1 s\u1edf y t\u1ebf: B\u1ec7nh vi\u1ec7n, c\u00e1c ph\u00f2ng kh\u00e1m, c\u01a1 s\u1edf \u00fd t\u1ebf, tr\u1ea1m x\u00e1\u2026<\/li>\n<li>C\u01a1 s\u1edf th\u01b0\u01a1ng m\u1ea1i: Trung t\u00e2m th\u01b0\u01a1ng m\u1ea1i, kh\u00e1ch s\u1ea1n, c\u1eeda h\u00e0ng, nh\u00e0 h\u00e0ng, si\u00eau th\u1ecb\u2026<\/li>\n<\/ul>\n<h2>5. \u01afu \u0111i\u1ec3m c\u1ee7a m\u00e1y phun s\u01b0\u01a1ng l\u1ea1nh ULV di\u1ec7t c\u00f4n tr\u00f9ng Blasters AC:<\/h2>\n<ul>\n<li>V\u1edbi c\u00f4ng su\u1ea5t l\u1edbn v\u00e0 kho\u1ea3ng c\u00e1ch phun l\u00ean \u0111\u1ebfn 10m, \u0111\u00e2y l\u00e0 m\u1ed9t ch\u1ec9 s\u1ed1 v\u01b0\u1ee3t tr\u1ed9i cho m\u1ed9t chi\u1ebfc m\u00e1y mini c\u1ea7m tay. Kho\u1ea3ng c\u00e1ch hay di\u1ec7n t\u00edch phun r\u1ed9ng gi\u00fap ti\u1ebft ki\u1ec7m th\u1eddi gian v\u1ec7 sinh, di\u1ec7t c\u00f4n tr\u00f9ng.<\/li>\n<li>M\u00e1y phun s\u01b0\u01a1ng c\u1ea7m tay P-EBL-AC di\u1ec7t c\u00f4n tr\u00f9ng c\u00f3 th\u1ec3 \u0111i\u1ec1u ch\u1ec9nh t\u1ea1o ra c\u00e1c h\u1ea1t c\u00f3 k\u00edch th\u01b0\u1edbc si\u00eau nh\u1ecf 10~40\u339b.C\u00f3 th\u1ec3 n\u00f3i \u0111\u00e2y l\u00e0 m\u1ed9t trong nh\u1eefng s\u1ea3n ph\u1ea9m hi\u1ec7n \u0111\u1ea1i t\u1ed1t nh\u1ea5t tr\u00ean th\u1ecb tr\u01b0\u1eddng.<\/li>\n<li>H\u01a1n n\u1eefa, v\u1edbi k\u00edch th\u01b0\u1edbc h\u1ea1t nh\u1ecf nh\u01b0 v\u1eady, \u0111\u1ea3m b\u1ea3o c\u00e1c h\u1ea1t l\u01a1 l\u1eedng m\u1ed9t th\u1eddi gian l\u00e2u trong kh\u00f4ng kh\u00ed, ti\u1ebfp x\u00fac tr\u1ef1c ti\u1ebfp v\u00e0 di\u1ec7t s\u1ea1ch mu\u1ed7i v\u00e0 c\u00e1c lo\u1ea1i c\u00f4n tr\u00f9ng bay m\u1ed9t c\u00e1ch hi\u1ec7u qu\u1ea3.<\/li>\n<li>\u0110\u00e2y l\u00e0 m\u1ed9t thi\u1ebft b\u1ecb hi\u1ec7n \u0111\u1ea1i, ti\u1ec7n d\u1ee5ng. N\u00f3 g\u00f3p ph\u1ea7n ch\u1ed1ng l\u1ea1i c\u00e1c lo\u1ea1i c\u00f4n tr\u00f9ng c\u00f3 h\u1ea1i nh\u01b0: ru\u1ed3i, mu\u1ed7i, ki\u1ebfn, gi\u00e1n\u2026 \u0111\u1eb7c bi\u1ec7t l\u00e0 ki\u1ebfn ba khoang g\u00e2y vi\u00eam da. B\u1ea1n c\u00f3 th\u1ec3 s\u1eed d\u1ee5ng m\u00e1y cho nhi\u1ec1u m\u1ee5c \u0111\u00edch kh\u00e1c nhau nh\u01b0 kh\u1eed tr\u00f9ng kh\u00f4ng gian s\u1ed1ng, l\u00e0m vi\u1ec7c\u2026<\/li>\n<li>Ngo\u00e0i ra, b\u1ea1n c\u0169ng c\u00f3 th\u1ec3 d\u00f9ng m\u00e1y phun di\u1ec7t c\u00f4n tr\u00f9ng \u0111\u1ec3 phun c\u00e1c lo\u1ea1i h\u00f3a ch\u1ea5t kh\u00e1c nhau ngo\u00e0i h\u00f3a ch\u1ea5t di\u1ec7t c\u00f4n tr\u00f9ng. C\u1ee5 th\u1ec3 nh\u01b0 ch\u1ea5t di\u1ec7t khu\u1ea9n, ch\u1ea5t tr\u1eeb s\u00e2u, kh\u00e1ng sinh\u2026<\/li>\n<li>V\u1edbi thi\u1ebft b\u1ecb n\u00e0y, b\u1ea1n d\u1ec5 d\u00e0ng ti\u00eau di\u1ec7t c\u00f4n tr\u00f9ng \u1edf nh\u1eefng n\u01a1i nh\u01b0 l\u00e0m s\u1ea1ch m\u00e1y t\u00ednh, gi\u01b0\u1eddng, t\u1ee7 qu\u1ea7n \u00e1o, \u00f4 t\u00f4\u2026 v\u00e0 c\u1ea3 nh\u1eefng n\u01a1i kh\u00f3 ti\u1ebfp c\u1eadn.<\/li>\n<li>Ho\u1ea1t \u0111\u1ed9ng \u00eam \u00e1i, tr\u1ecdng l\u01b0\u1ee3ng nh\u1eb9 d\u1ec5 d\u00e0ng mang x\u00e1ch \u0111\u1ebfn nhi\u1ec1u n\u01a1i.<\/li>\n<li>M\u00e1y phun s\u01b0\u01a1ng di\u1ec7t c\u00f4n tr\u00f9ng s\u1eed d\u1ee5ng c\u00e1c lo\u1ea1i h\u00e1o ch\u1ea5t c\u00f3 m\u00f9i h\u01b0\u01a1ng \u00eam d\u1ecbu, \u0111\u1ea3m b\u1ea3o hi\u1ec7u qu\u1ea3 m\u00e0 kh\u00f4ng g\u00e2y \u1ea3nh h\u01b0\u1edfng \u0111\u1ebfn m\u00f4i tr\u01b0\u1eddng c\u0169ng nh\u01b0 s\u1ee9c kh\u1ecfe c\u1ee7a con ng\u01b0\u1eddi.<\/li>\n<li>C\u00f4ng su\u1ea5t cao, \u0111\u1ed9ng c\u01a1 m\u1ea1nh m\u1ebd, b\u1ec1n b\u1ec9 \u0111\u1ea3m b\u1ea3o b\u1ea1n c\u00f3 th\u1ec3 s\u1eed d\u1ee5ng trong nhi\u1ec1u gi\u1edd m\u00e0 kh\u00f4ng b\u1ecb n\u00f3ng m\u00e1y, t\u1eaft m\u00e1y.<\/li>\n<li>C\u00f3 th\u1ec3 \u0111i\u1ec1u ch\u1ec9nh \u0111\u1ed9 m\u1ea1nh v\u00e0 y\u1ebfu l\u1ef1c phun thu\u1ed1c b\u1eb1ng c\u00f4ng t\u1eafc xoay.<\/li>\n<\/ul>\n<h2>6. Mua m\u00e1y phun s\u01b0\u01a1ng l\u1ea1nh ULV di\u1ec7t c\u00f4n tr\u00f9ng Blasters AC ch\u00ednh h\u00e3ng \u1edf \u0111\u00e2u t\u1ea1i th\u00e0nh ph\u1ed1 H\u1ed3 Ch\u00ed Minh?<\/h2>\n<p>TKT Clean ph\u00e2n ph\u1ed1i \u0111\u1ed9c quy\u1ec1n c\u00e1c s\u1ea3n ph\u1ea9m m\u00e1y v\u1ec7 sinh c\u00f4ng nghi\u1ec7p, h\u00f3a ch\u1ea5t v\u1ec7 sinh, d\u1ee5ng c\u1ee5 v\u1ec7 sinh\u2026 T\u1ea5t c\u1ea3 c\u00e1c s\u1ea3n ph\u1ea9m c\u1ee7a c\u00e1c th\u01b0\u01a1ng hi\u1ec7u h\u00e0ng \u0111\u1ea7u Italia, Nh\u1eadt B\u1ea3n, Trung Qu\u1ed1c\u2026 Ch\u00fang t\u00f4i cung c\u1ea5p nh\u1eefng s\u1ea3n ph\u1ea9m ch\u00ednh h\u00e3ng v\u1edbi gi\u00e1 c\u1ea3 c\u1ea1nh tranh. \u0110\u1ed3ng th\u1eddi ch\u00fang t\u00f4i cung c\u1ea5p d\u1ecbch v\u1ee5 v\u1ec7 sinh cho v\u0103n ph\u00f2ng, c\u00f4ng ty, t\u00f2a nh\u00e0, khu th\u01b0\u01a1ng m\u1ea1i, tr\u01b0\u1eddng h\u1ecdc, b\u1ec7nh vi\u1ec7n, nh\u00e0 m\u00e1y\u2026 V\u1edbi nh\u1eefng nh\u00e2n vi\u00ean \u0111\u1ea7y kinh nghi\u1ec7m, l\u00e0m vi\u1ec7c ch\u0103m ch\u1ec9, t\u1eadn t\u1ee5y. \u0110\u1ec3 nh\u1eadn t\u01b0 v\u1ea5n mi\u1ec5n ph\u00ed v\u1edbi m\u1ee9c gi\u00e1 \u01b0u \u0111\u00e3i, vui l\u00f2ng li\u00ean h\u1ec7 \u0111\u1ebfn s\u1ed1 HOTLINE d\u01b0\u1edbi \u0111\u00e2y.<\/p>\n<p>&nbsp;<\/p>\n","protected":false},"excerpt":{"rendered":"<p>M\u00e1y phun s\u01b0\u01a1ng l\u1ea1nh ULV di\u1ec7t c\u00f4n tr\u00f9ng c\u1ea7m tay SM Blasters AC l\u00e0 d\u00f2ng m\u00e1y phun s\u01b0\u01a1ng m\u00f9 l\u1ea1nh v\u1edbi c\u00f4ng su\u1ea5t cao. Thi\u1ebft b\u1ecb ph\u00f9 h\u1ee3p \u0111\u1ec3 v\u1ec7 sinh nh\u1eefng kh\u00f4ng gian l\u1edbn nh\u01b0 b\u1ec7nh vi\u1ec7n, nh\u00e0 \u1edf, v\u0103n ph\u00f2ng, c\u1eeda h\u00e0ng\u2026<\/p>\n<ul>\n<li>C\u00f4ng su\u1ea5t \u0111\u1ed9ng c\u01a1 : 1250W<\/li>\n<li>Kho\u1ea3ng c\u00e1ch phun : 7 ~ 10M<\/li>\n<li>Dung t\u00edch b\u00ecnh h\u00f3a ch\u1ea5t : 3L<\/li>\n<li>K\u00edch th\u01b0\u1edbc gi\u1ecdt phun : 10~40\u339b<\/li>\n<\/ul>\n","protected":false},"featured_media":10590,"comment_status":"open","ping_status":"closed","template":"","meta":[],"product_brand":[],"product_cat":[633],"product_tag":[637,638,636,635],"class_list":{"0":"post-10589","1":"product","2":"type-product","3":"status-publish","4":"has-post-thumbnail","6":"product_cat-may-phun-diet-con-trung","7":"product_tag-may-diet-con-trung","8":"product_tag-may-phun-suong-diet-con-trung","9":"product_tag-may-phun-suong-lanh-ulv","10":"product_tag-may-phun-suong-lanh-ulv-diet-con-trung","12":"first","13":"instock","14":"purchasable","15":"product-type-simple"},"yoast_head":"<!-- This site is optimized with the Yoast SEO plugin v27.1.1 - https:\/\/yoast.com\/product\/yoast-seo-wordpress\/ -->\n<title>M\u00e1y phun s\u01b0\u01a1ng l\u1ea1nh ULV di\u1ec7t c\u00f4n tr\u00f9ng Blasters AC - TKT Clean<\/title>\n<meta name=\"description\" content=\"M\u00e1y phun s\u01b0\u01a1ng l\u1ea1nh ULV di\u1ec7t c\u00f4n tr\u00f9ng Blasters AC l\u00e0 d\u00f2ng m\u00e1y phun s\u01b0\u01a1ng m\u00f9 l\u1ea1nh v\u1edbi c\u00f4ng su\u1ea5t cao, ph\u00f9 h\u1ee3p v\u1ec7 sinh nh\u1eefng kh\u00f4ng gian l\u1edbn nh\u01b0 b\u1ec7nh vi\u1ec7n...\" \/>\n<meta name=\"robots\" content=\"index, follow, max-snippet:-1, max-image-preview:large, max-video-preview:-1\" \/>\n<link rel=\"canonical\" href=\"https:\/\/tktclean.com\/shop\/may-phun-suong-lanh-ulv-diet-con-trung-blasters-ac\/\" \/>\n<meta property=\"og:locale\" content=\"ja_JP\" \/>\n<meta property=\"og:type\" content=\"article\" \/>\n<meta property=\"og:title\" content=\"M\u00e1y phun s\u01b0\u01a1ng l\u1ea1nh ULV di\u1ec7t c\u00f4n tr\u00f9ng Blasters AC - TKT Clean\" \/>\n<meta property=\"og:description\" content=\"M\u00e1y phun s\u01b0\u01a1ng l\u1ea1nh ULV di\u1ec7t c\u00f4n tr\u00f9ng Blasters AC l\u00e0 d\u00f2ng m\u00e1y phun s\u01b0\u01a1ng m\u00f9 l\u1ea1nh v\u1edbi c\u00f4ng su\u1ea5t cao, ph\u00f9 h\u1ee3p v\u1ec7 sinh nh\u1eefng kh\u00f4ng gian l\u1edbn nh\u01b0 b\u1ec7nh vi\u1ec7n...\" \/>\n<meta property=\"og:url\" content=\"https:\/\/tktclean.com\/shop\/may-phun-suong-lanh-ulv-diet-con-trung-blasters-ac\/\" \/>\n<meta property=\"og:site_name\" content=\"TKT Clean\" \/>\n<meta property=\"article:publisher\" content=\"https:\/\/www.facebook.com\/dichvuvesinhtoanha\" \/>\n<meta property=\"article:modified_time\" content=\"2023-04-13T08:56:42+00:00\" \/>\n<meta property=\"og:image\" content=\"https:\/\/tktclean.com\/wp-content\/uploads\/2022\/12\/P-EBL-AC.jpg\" \/>\n\t<meta property=\"og:image:width\" content=\"500\" \/>\n\t<meta property=\"og:image:height\" content=\"500\" \/>\n\t<meta property=\"og:image:type\" content=\"image\/jpeg\" \/>\n<meta name=\"twitter:card\" content=\"summary_large_image\" \/>\n<meta name=\"twitter:site\" content=\"@TKTClean\" \/>\n<meta name=\"twitter:label1\" content=\"\u63a8\u5b9a\u8aad\u307f\u53d6\u308a\u6642\u9593\" \/>\n\t<meta name=\"twitter:data1\" content=\"10\u5206\" \/>\n<script type=\"application\/ld+json\" class=\"yoast-schema-graph\">{\"@context\":\"https:\/\/schema.org\",\"@graph\":[{\"@type\":\"WebPage\",\"@id\":\"https:\/\/tktclean.com\/shop\/may-phun-suong-lanh-ulv-diet-con-trung-blasters-ac\/\",\"url\":\"https:\/\/tktclean.com\/shop\/may-phun-suong-lanh-ulv-diet-con-trung-blasters-ac\/\",\"name\":\"M\u00e1y phun s\u01b0\u01a1ng l\u1ea1nh ULV di\u1ec7t c\u00f4n tr\u00f9ng Blasters AC - TKT Clean\",\"isPartOf\":{\"@id\":\"https:\/\/tktclean.com\/#website\"},\"primaryImageOfPage\":{\"@id\":\"https:\/\/tktclean.com\/shop\/may-phun-suong-lanh-ulv-diet-con-trung-blasters-ac\/#primaryimage\"},\"image\":{\"@id\":\"https:\/\/tktclean.com\/shop\/may-phun-suong-lanh-ulv-diet-con-trung-blasters-ac\/#primaryimage\"},\"thumbnailUrl\":\"https:\/\/tktclean.com\/wp-content\/uploads\/2022\/12\/P-EBL-AC.jpg\",\"datePublished\":\"2022-12-30T09:20:03+00:00\",\"dateModified\":\"2023-04-13T08:56:42+00:00\",\"description\":\"M\u00e1y phun s\u01b0\u01a1ng l\u1ea1nh ULV di\u1ec7t c\u00f4n tr\u00f9ng Blasters AC l\u00e0 d\u00f2ng m\u00e1y phun s\u01b0\u01a1ng m\u00f9 l\u1ea1nh v\u1edbi c\u00f4ng su\u1ea5t cao, ph\u00f9 h\u1ee3p v\u1ec7 sinh nh\u1eefng kh\u00f4ng gian l\u1edbn nh\u01b0 b\u1ec7nh vi\u1ec7n...\",\"breadcrumb\":{\"@id\":\"https:\/\/tktclean.com\/shop\/may-phun-suong-lanh-ulv-diet-con-trung-blasters-ac\/#breadcrumb\"},\"inLanguage\":\"ja\",\"potentialAction\":[{\"@type\":\"ReadAction\",\"target\":[\"https:\/\/tktclean.com\/shop\/may-phun-suong-lanh-ulv-diet-con-trung-blasters-ac\/\"]}]},{\"@type\":\"ImageObject\",\"inLanguage\":\"ja\",\"@id\":\"https:\/\/tktclean.com\/shop\/may-phun-suong-lanh-ulv-diet-con-trung-blasters-ac\/#primaryimage\",\"url\":\"https:\/\/tktclean.com\/wp-content\/uploads\/2022\/12\/P-EBL-AC.jpg\",\"contentUrl\":\"https:\/\/tktclean.com\/wp-content\/uploads\/2022\/12\/P-EBL-AC.jpg\",\"width\":500,\"height\":500,\"caption\":\"M\u00e1y phun s\u01b0\u01a1ng l\u1ea1nh ULV di\u1ec7t c\u00f4n tr\u00f9ng c\u1ea7m tay SM Blasters AC\"},{\"@type\":\"BreadcrumbList\",\"@id\":\"https:\/\/tktclean.com\/shop\/may-phun-suong-lanh-ulv-diet-con-trung-blasters-ac\/#breadcrumb\",\"itemListElement\":[{\"@type\":\"ListItem\",\"position\":1,\"name\":\"Home\",\"item\":\"https:\/\/tktclean.com\/ja\/\"},{\"@type\":\"ListItem\",\"position\":2,\"name\":\"TKT Shop\",\"item\":\"https:\/\/tktclean.com\/en\/shop\/\"},{\"@type\":\"ListItem\",\"position\":3,\"name\":\"M\u00e1y phun s\u01b0\u01a1ng l\u1ea1nh ULV di\u1ec7t c\u00f4n tr\u00f9ng Blasters AC\"}]},{\"@type\":\"WebSite\",\"@id\":\"https:\/\/tktclean.com\/#website\",\"url\":\"https:\/\/tktclean.com\/\",\"name\":\"TKT Clean\",\"description\":\"D\u1ecbch v\u1ee5 v\u1ec7 sinh TPHCM\",\"publisher\":{\"@id\":\"https:\/\/tktclean.com\/#organization\"},\"potentialAction\":[{\"@type\":\"SearchAction\",\"target\":{\"@type\":\"EntryPoint\",\"urlTemplate\":\"https:\/\/tktclean.com\/?s={search_term_string}\"},\"query-input\":{\"@type\":\"PropertyValueSpecification\",\"valueRequired\":true,\"valueName\":\"search_term_string\"}}],\"inLanguage\":\"ja\"},{\"@type\":\"Organization\",\"@id\":\"https:\/\/tktclean.com\/#organization\",\"name\":\"TKT Clean\",\"url\":\"https:\/\/tktclean.com\/\",\"logo\":{\"@type\":\"ImageObject\",\"inLanguage\":\"ja\",\"@id\":\"https:\/\/tktclean.com\/#\/schema\/logo\/image\/\",\"url\":\"https:\/\/tktclean.com\/wp-content\/uploads\/2020\/08\/logotktcleanx272-109-green-v01.png\",\"contentUrl\":\"https:\/\/tktclean.com\/wp-content\/uploads\/2020\/08\/logotktcleanx272-109-green-v01.png\",\"width\":272,\"height\":109,\"caption\":\"TKT Clean\"},\"image\":{\"@id\":\"https:\/\/tktclean.com\/#\/schema\/logo\/image\/\"},\"sameAs\":[\"https:\/\/www.facebook.com\/dichvuvesinhtoanha\",\"https:\/\/x.com\/TKTClean\",\"https:\/\/www.youtube.com\/user\/tktcleaning\/videos\"]}]}<\/script>\n<!-- \/ Yoast SEO plugin. -->","yoast_head_json":{"title":"M\u00e1y phun s\u01b0\u01a1ng l\u1ea1nh ULV di\u1ec7t c\u00f4n tr\u00f9ng Blasters AC - TKT Clean","description":"M\u00e1y phun s\u01b0\u01a1ng l\u1ea1nh ULV di\u1ec7t c\u00f4n tr\u00f9ng Blasters AC l\u00e0 d\u00f2ng m\u00e1y phun s\u01b0\u01a1ng m\u00f9 l\u1ea1nh v\u1edbi c\u00f4ng su\u1ea5t cao, ph\u00f9 h\u1ee3p v\u1ec7 sinh nh\u1eefng kh\u00f4ng gian l\u1edbn nh\u01b0 b\u1ec7nh vi\u1ec7n...","robots":{"index":"index","follow":"follow","max-snippet":"max-snippet:-1","max-image-preview":"max-image-preview:large","max-video-preview":"max-video-preview:-1"},"canonical":"https:\/\/tktclean.com\/shop\/may-phun-suong-lanh-ulv-diet-con-trung-blasters-ac\/","og_locale":"ja_JP","og_type":"article","og_title":"M\u00e1y phun s\u01b0\u01a1ng l\u1ea1nh ULV di\u1ec7t c\u00f4n tr\u00f9ng Blasters AC - TKT Clean","og_description":"M\u00e1y phun s\u01b0\u01a1ng l\u1ea1nh ULV di\u1ec7t c\u00f4n tr\u00f9ng Blasters AC l\u00e0 d\u00f2ng m\u00e1y phun s\u01b0\u01a1ng m\u00f9 l\u1ea1nh v\u1edbi c\u00f4ng su\u1ea5t cao, ph\u00f9 h\u1ee3p v\u1ec7 sinh nh\u1eefng kh\u00f4ng gian l\u1edbn nh\u01b0 b\u1ec7nh vi\u1ec7n...","og_url":"https:\/\/tktclean.com\/shop\/may-phun-suong-lanh-ulv-diet-con-trung-blasters-ac\/","og_site_name":"TKT Clean","article_publisher":"https:\/\/www.facebook.com\/dichvuvesinhtoanha","article_modified_time":"2023-04-13T08:56:42+00:00","og_image":[{"width":500,"height":500,"url":"https:\/\/tktclean.com\/wp-content\/uploads\/2022\/12\/P-EBL-AC.jpg","type":"image\/jpeg"}],"twitter_card":"summary_large_image","twitter_site":"@TKTClean","twitter_misc":{"\u63a8\u5b9a\u8aad\u307f\u53d6\u308a\u6642\u9593":"10\u5206"},"schema":{"@context":"https:\/\/schema.org","@graph":[{"@type":"WebPage","@id":"https:\/\/tktclean.com\/shop\/may-phun-suong-lanh-ulv-diet-con-trung-blasters-ac\/","url":"https:\/\/tktclean.com\/shop\/may-phun-suong-lanh-ulv-diet-con-trung-blasters-ac\/","name":"M\u00e1y phun s\u01b0\u01a1ng l\u1ea1nh ULV di\u1ec7t c\u00f4n tr\u00f9ng Blasters AC - TKT Clean","isPartOf":{"@id":"https:\/\/tktclean.com\/#website"},"primaryImageOfPage":{"@id":"https:\/\/tktclean.com\/shop\/may-phun-suong-lanh-ulv-diet-con-trung-blasters-ac\/#primaryimage"},"image":{"@id":"https:\/\/tktclean.com\/shop\/may-phun-suong-lanh-ulv-diet-con-trung-blasters-ac\/#primaryimage"},"thumbnailUrl":"https:\/\/tktclean.com\/wp-content\/uploads\/2022\/12\/P-EBL-AC.jpg","datePublished":"2022-12-30T09:20:03+00:00","dateModified":"2023-04-13T08:56:42+00:00","description":"M\u00e1y phun s\u01b0\u01a1ng l\u1ea1nh ULV di\u1ec7t c\u00f4n tr\u00f9ng Blasters AC l\u00e0 d\u00f2ng m\u00e1y phun s\u01b0\u01a1ng m\u00f9 l\u1ea1nh v\u1edbi c\u00f4ng su\u1ea5t cao, ph\u00f9 h\u1ee3p v\u1ec7 sinh nh\u1eefng kh\u00f4ng gian l\u1edbn nh\u01b0 b\u1ec7nh vi\u1ec7n...","breadcrumb":{"@id":"https:\/\/tktclean.com\/shop\/may-phun-suong-lanh-ulv-diet-con-trung-blasters-ac\/#breadcrumb"},"inLanguage":"ja","potentialAction":[{"@type":"ReadAction","target":["https:\/\/tktclean.com\/shop\/may-phun-suong-lanh-ulv-diet-con-trung-blasters-ac\/"]}]},{"@type":"ImageObject","inLanguage":"ja","@id":"https:\/\/tktclean.com\/shop\/may-phun-suong-lanh-ulv-diet-con-trung-blasters-ac\/#primaryimage","url":"https:\/\/tktclean.com\/wp-content\/uploads\/2022\/12\/P-EBL-AC.jpg","contentUrl":"https:\/\/tktclean.com\/wp-content\/uploads\/2022\/12\/P-EBL-AC.jpg","width":500,"height":500,"caption":"M\u00e1y phun s\u01b0\u01a1ng l\u1ea1nh ULV di\u1ec7t c\u00f4n tr\u00f9ng c\u1ea7m tay SM Blasters AC"},{"@type":"BreadcrumbList","@id":"https:\/\/tktclean.com\/shop\/may-phun-suong-lanh-ulv-diet-con-trung-blasters-ac\/#breadcrumb","itemListElement":[{"@type":"ListItem","position":1,"name":"Home","item":"https:\/\/tktclean.com\/ja\/"},{"@type":"ListItem","position":2,"name":"TKT Shop","item":"https:\/\/tktclean.com\/en\/shop\/"},{"@type":"ListItem","position":3,"name":"M\u00e1y phun s\u01b0\u01a1ng l\u1ea1nh ULV di\u1ec7t c\u00f4n tr\u00f9ng Blasters AC"}]},{"@type":"WebSite","@id":"https:\/\/tktclean.com\/#website","url":"https:\/\/tktclean.com\/","name":"TKT Clean","description":"D\u1ecbch v\u1ee5 v\u1ec7 sinh TPHCM","publisher":{"@id":"https:\/\/tktclean.com\/#organization"},"potentialAction":[{"@type":"SearchAction","target":{"@type":"EntryPoint","urlTemplate":"https:\/\/tktclean.com\/?s={search_term_string}"},"query-input":{"@type":"PropertyValueSpecification","valueRequired":true,"valueName":"search_term_string"}}],"inLanguage":"ja"},{"@type":"Organization","@id":"https:\/\/tktclean.com\/#organization","name":"TKT Clean","url":"https:\/\/tktclean.com\/","logo":{"@type":"ImageObject","inLanguage":"ja","@id":"https:\/\/tktclean.com\/#\/schema\/logo\/image\/","url":"https:\/\/tktclean.com\/wp-content\/uploads\/2020\/08\/logotktcleanx272-109-green-v01.png","contentUrl":"https:\/\/tktclean.com\/wp-content\/uploads\/2020\/08\/logotktcleanx272-109-green-v01.png","width":272,"height":109,"caption":"TKT Clean"},"image":{"@id":"https:\/\/tktclean.com\/#\/schema\/logo\/image\/"},"sameAs":["https:\/\/www.facebook.com\/dichvuvesinhtoanha","https:\/\/x.com\/TKTClean","https:\/\/www.youtube.com\/user\/tktcleaning\/videos"]}]}},"_links":{"self":[{"href":"https:\/\/tktclean.com\/ja\/wp-json\/wp\/v2\/product\/10589","targetHints":{"allow":["GET"]}}],"collection":[{"href":"https:\/\/tktclean.com\/ja\/wp-json\/wp\/v2\/product"}],"about":[{"href":"https:\/\/tktclean.com\/ja\/wp-json\/wp\/v2\/types\/product"}],"replies":[{"embeddable":true,"href":"https:\/\/tktclean.com\/ja\/wp-json\/wp\/v2\/comments?post=10589"}],"wp:featuredmedia":[{"embeddable":true,"href":"https:\/\/tktclean.com\/ja\/wp-json\/wp\/v2\/media\/10590"}],"wp:attachment":[{"href":"https:\/\/tktclean.com\/ja\/wp-json\/wp\/v2\/media?parent=10589"}],"wp:term":[{"taxonomy":"product_brand","embeddable":true,"href":"https:\/\/tktclean.com\/ja\/wp-json\/wp\/v2\/product_brand?post=10589"},{"taxonomy":"product_cat","embeddable":true,"href":"https:\/\/tktclean.com\/ja\/wp-json\/wp\/v2\/product_cat?post=10589"},{"taxonomy":"product_tag","embeddable":true,"href":"https:\/\/tktclean.com\/ja\/wp-json\/wp\/v2\/product_tag?post=10589"}],"curies":[{"name":"wp","href":"https:\/\/api.w.org\/{rel}","templated":true}]}}