{"id":10678,"date":"2023-01-31T15:53:02","date_gmt":"2023-01-31T08:53:02","guid":{"rendered":"https:\/\/tktclean.com\/?post_type=product&#038;p=10678"},"modified":"2023-07-29T11:11:15","modified_gmt":"2023-07-29T04:11:15","slug":"may-phun-khoi-diet-con-trung-sm-p-sf","status":"publish","type":"product","link":"https:\/\/tktclean.com\/ja\/shop\/may-phun-khoi-diet-con-trung-sm-p-sf\/","title":{"rendered":"M\u00e1y phun kh\u00f3i di\u1ec7t c\u00f4n tr\u00f9ng SM P-SF"},"content":{"rendered":"<p>&nbsp;<\/p>\n<h2>1. Th\u00f4ng s\u1ed1 k\u0129 thu\u1eadt c\u1ee7a m\u00e1y phun kh\u00f3i di\u1ec7t c\u00f4n tr\u00f9ng SM P-SF:<\/h2>\n<ul>\n<li>Ngu\u1ed3n \u0111i\u1ec7n: Pin s\u1ea1c DC 6 V \/ 4A \u00d7 1ea<\/li>\n<li>Cu\u1ed9n \u0111\u00e1nh l\u1eeda : DC 6 V<\/li>\n<li>Dung t\u00edch b\u00ecnh x\u0103ng: 1,8 l\u00edt<\/li>\n<li>M\u1ee9c ti\u00eau hao nhi\u00ean li\u1ec7u: 1,3 l\u00edt\/gi\u1edd<\/li>\n<li>Dung t\u00edch b\u00ecnh x\u0103ng: 1.2 l\u00edt<\/li>\n<li>S\u1ea3n l\u01b0\u1ee3ng: 40 l\u00edt \/ gi\u1edd<\/li>\n<li>K\u00edch th\u01b0\u1edbc gi\u1ecdt phun: 5 \u2013 30 \u00b5m<\/li>\n<li>Lo\u1ea1i l\u00e0m m\u00e1t: L\u00e0m m\u00e1t b\u1eb1ng kh\u00f4ng kh\u00ed \u0111\u00f4i<\/li>\n<li>Ch\u1ea5t li\u1ec7u b\u00ecnh ch\u1ee9a dung d\u1ecbch: Th\u00e9p kh\u00f4ng g\u1ec9<\/li>\n<li>K\u00edch th\u01b0\u1edbc (L \u00d7 W \u00d7 H): 1220*280*410 mm<\/li>\n<li>Tr\u1ecdng l\u01b0\u1ee3ng: 14 Kg<\/li>\n<\/ul>\n<p>&nbsp;<\/p>\n<h2>2. V\u00e0i n\u00e9t v\u1ec1 m\u00e1y phun kh\u00f3i di\u1ec7t c\u00f4n tr\u00f9ng SM P-SF:<\/h2>\n<p>M\u00e1y phun kh\u00f3i di\u1ec7t c\u00f4n tr\u00f9ng l\u00e0 thi\u1ebft b\u1ecb chuy\u00ean d\u00f9ng \u0111\u1ec3 phun dung d\u1ecbch \u1edf d\u1ea1ng kh\u00f3i. Thi\u1ebft b\u1ecb c\u00f3 \u00e1p l\u1ef1c phun l\u1edbn, t\u1ed1c \u0111\u1ed9 phun nhanh. \u0110i\u1ec1u n\u00e0y gi\u00fap h\u00f3a ch\u1ea5t h\u00f2a l\u1eabn v\u1edbi dung m\u00f4i khu\u1ebfch t\u00e1n r\u1ed9ng ra m\u00f4i tr\u01b0\u1eddng, ch\u00f3ng v\u00e0 hi\u1ec7u qu\u1ea3. Tr\u00ean th\u1ecb tr\u01b0\u1eddng c\u00f3 nhi\u1ec1u d\u00f2ng m\u00e1y kh\u00e1c nhau, b\u1ea1n d\u1ec5 d\u00e0ng l\u1ef1a ch\u1ecdn, th\u01b0\u01a1ng hi\u1ec7u Sammi Glory c\u1ee7a H\u00e0n Qu\u1ed1c v\u1edbi ch\u1ea5t l\u01b0\u1ee3ng cao.<\/p>\n<p>M\u00e1y c\u00f3 t\u00e1c d\u1ee5ng ch\u00ednh \u0111\u1ec3 th\u1ef1c hi\u1ec7n ti\u00eau di\u1ec7t c\u00f4n tr\u00f9ng, kh\u1eed tr\u00f9ng hay phun thu\u1ed1c tr\u1eeb s\u00e2u\u2026 Gi\u00fap ng\u01b0\u1eddi d\u00f9ng ti\u1ebft ki\u1ec7m \u0111\u01b0\u1ee3c chi ph\u00ed mua dung d\u1ecbch, h\u00f3a ch\u1ea5t\u2026 \u0110\u1ed3ng th\u1eddi m\u00e1y phun kh\u00f3i c\u00f3 th\u1eddi gian nhanh, gi\u1ea3m t\u00ednh \u0111\u1ed9c h\u1ea1i cho ng\u01b0\u1eddi phun.<\/p>\n<p>L\u00e0 m\u1ed9t thi\u1ebft b\u1ecb chuy\u00ean d\u1ee5ng trong n\u00f4ng nghi\u1ec7p hay v\u1ec7 sinh c\u00f4ng nghi\u1ec7p. M\u00e1y phun kh\u00f3i di\u1ec7t c\u00f4n tr\u00f9ng hi\u1ec7u qu\u1ea3 \u0111\u1ec3 phun h\u00f3a ch\u1ea5t di\u1ec7t mu\u1ed7i, di\u1ec7t c\u00f4n tr\u00f9ng, kh\u1eed tr\u00f9ng, s\u00e2u b\u1ec7nh tr\u00ean c\u00e2y \u0103n tr\u00e1i, di\u1ec7t m\u1ecdt n\u00f4ng s\u1ea3n cho trang tr\u1ea1i, nh\u00e0 x\u01b0\u1edfng, nh\u00e0 kho\u2026<\/p>\n<p>D\u00f2ng m\u00e1y SM P-SF n\u00e0y \u0111\u01b0\u1ee3c s\u1eed d\u1ee5ng ph\u1ed5 bi\u1ebfn nh\u1ea5t v\u1edbi \u0111\u1ed9ng c\u01a1 4 th\u00ec ch\u1ea1y x\u0103ng c\u1ef1c k\u1ef3 kh\u1ecfe v\u00e0 b\u1ec1n b\u1ec9. Tu\u1ed5i th\u1ecd m\u00e1y cao, v\u1eadn h\u00e0nh \u1ed5n \u0111\u1ecbnh. \u0110\u01b0\u1ee3c s\u1eed d\u1ee5ng cho nh\u1eefng khu v\u1ef1c c\u00f3 di\u1ec7n t\u00edch v\u1eeba v\u00e0 l\u1edbn. N\u00f3 c\u00f3 ch\u1ee9c n\u0103ng t\u01b0\u01a1ng t\u1ef1 nh\u01b0 m\u00e1y phun kh\u1eed tr\u00f9ng ph\u00f2ng d\u1ecbch.<\/p>\n<h2>3. C\u00f4ng d\u1ee5ng c\u1ee7a m\u00e1y phun kh\u00f3i di\u1ec7t c\u00f4n tr\u00f9ng SM P-SF:<\/h2>\n<ul>\n<li>M\u00e1y t\u1ea1o kh\u00f3i di\u1ec7t c\u00f4n tr\u00f9ng SM P-SF \u0111\u01b0\u1ee3c \u01b0a chu\u1ed9ng c\u00e0 s\u1eed d\u1ee5ng r\u1ed9ng r\u00e3i. B\u1edfi n\u00f3 c\u00f3 nhi\u1ec1u c\u00f4ng d\u1ee5ng kh\u00e1c nhau, h\u01a1n h\u1ebft h\u1eefu \u00edch cho con ng\u01b0\u1eddi.<\/li>\n<li>Trong l\u0129nh v\u1ef1c y t\u1ebf, m\u00e1y phun s\u01b0\u01a1ng nhi\u1ec7t di\u1ec7t c\u00f4n tr\u00f9ng SM P-SF d\u00f9ng l\u00e0m m\u00e1y phun kh\u1eed khu\u1ea9n nh\u1eb1m h\u1ea1n ch\u1ebf l\u00e2y lan d\u1ecbch b\u1ec7nh. N\u00f3 c\u0169ng \u0111\u01b0\u1ee3c d\u00f9ng phun thu\u1ed1c di\u1ec7t mu\u1ed7i, di\u1ec7t c\u00f4n tr\u00f9ng c\u00f3 kh\u1ea3 n\u0103ng ch\u1ee9a m\u1ea7m b\u1ec7nh nguy hi\u1ec3m. \u0110\u1ed3ng th\u1eddi, b\u1ea1n c\u0169ng c\u00f3 th\u1ec3 d\u00f9ng \u0111\u1ec3 phun thu\u1ed1c di\u1ec7t \u1ea9m m\u1ed1c, m\u00f9i h\u00f4i trong gia \u0111\u00ecnh.<\/li>\n<li>Trong n\u00f4ng nghi\u1ec7p, m\u00e1y \u0111\u01b0\u1ee3c s\u1eed d\u1ee5ng l\u00e0m m\u00e1y phun thu\u1ed1c di\u1ec7t c\u00f4n tr\u00f9ng, s\u00e2u b\u1ec7nh ph\u00e1 ho\u1ea1i m\u00f9a m\u00e0ng. Ngo\u00e0i ra, n\u00f3 c\u00f3 th\u1ec3 d\u00f9ng \u0111\u1ec3 phun thu\u1ed1c tr\u1eeb s\u00e2u r\u1ea5t hi\u1ec7u qu\u1ea3.<\/li>\n<li>\u0110\u1ed1i v\u1edbi ng\u00e0nh ch\u0103n nu\u00f4i, d\u00f2ng m\u00e1y n\u00e0y \u0111\u01b0\u1ee3c \u1ee9ng d\u1ee5ng nh\u01b0 m\u00e1y phun thu\u1ed1c di\u1ec7t khu\u1ea9n, kh\u1eed tr\u00f9ng chu\u1ed3ng tr\u1ea1i.<\/li>\n<li>D\u00f2ng m\u00e1y n\u00e0y c\u00f2n \u0111\u01b0\u1ee3c d\u00f9ng l\u00e0m m\u00e1y t\u1ea1o kh\u00f3i s\u00e2n kh\u1ea5u, h\u1ed7 tr\u1ee3 cho c\u00e1c bu\u1ed5i bi\u1ec3u di\u1ec5n, tr\u00ecnh di\u1ec5n\u2026<\/li>\n<\/ul>\n<p>&nbsp;<\/p>\n<h2>4. \u01afu \u0111i\u1ec3m c\u1ee7a m\u00e1y phun kh\u00f3i di\u1ec7t c\u00f4n tr\u00f9ng SM P-SF:<\/h2>\n<ul>\n<li>S\u1ea3n ph\u1ea9m c\u00f3 thi\u1ebft k\u1ebf g\u1ecdn nh\u1eb9, c\u1ea7m tay d\u1ec5 d\u00e0ng. H\u01a1n h\u1ebft c\u00e1ch s\u1eed d\u1ee5ng t\u01b0\u01a1ng \u0111\u1ed1i d\u1ec5 d\u00e0ng cho ng\u01b0\u1eddi m\u1edbi s\u1eed d\u1ee5ng.<\/li>\n<li>Gi\u00e1 m\u00e1y phun thu\u1ed1c di\u1ec7t c\u00f4n tr\u00f9ng d\u1ea1ng kh\u00f3i kh\u00f4ng qu\u00e1 cao. Gi\u00fap ng\u01b0\u1eddi d\u00f9ng ti\u1ebft ki\u1ec7m chi ph\u00ed.<\/li>\n<li>M\u00e1y \u0111\u01b0\u1ee3c s\u1eed d\u1ee5ng v\u1edbi nhi\u1ec1u ch\u1ee9c n\u0103ng nh\u01b0 phun kh\u1eed khu\u1ea9n, di\u1ec7t khu\u1ea9n, di\u1ec7t c\u00f4n tr\u00f9ng, phun x\u1ecbt thu\u1ed1c tr\u1eeb s\u00e2u\u2026 \u1ee8ng d\u1ee5ng cho nhi\u1ec1u l\u0129nh v\u1ef1c kh\u00e1c nhau t\u1eeb n\u00f4ng nghi\u1ec7p, v\u1ec7 sinh c\u00f4ng nghi\u1ec7p hay y t\u1ebf\u2026<\/li>\n<li>M\u00e1y phun kh\u00f3i di\u1ec7t khu\u1ea9n c\u00f3 \u00e1p l\u1ef1c phun l\u1edbn, l\u01b0\u1ee3ng thu\u1ed1c \u0111\u01b0\u1ee3c phun \u0111\u1ec1u trong kh\u00f4ng kh\u00ed. Kh\u00f4ng g\u00e2y t\u1ed3n d\u01b0 l\u01b0\u1ee3ng h\u00f3a ch\u1ea5t trong kh\u00f4ng kh\u00ed v\u00e0 trong \u0111\u1ea5t. Ch\u00ednh v\u00ec th\u1ebf n\u00f3 th\u00e2n thi\u1ec7n v\u1edbi m\u00f4i tr\u01b0\u1eddng v\u00e0 an to\u00e0n cho s\u1ee9c kh\u1ecfe ng\u01b0\u1eddi d\u00f9ng.<\/li>\n<li>Hi\u1ec7u qu\u1ea3 khi s\u1eed d\u1ee5ng m\u00e1y phun kh\u00f3i di\u1ec7t c\u00f4n tr\u00f9ng SM P-SF cao h\u01a1n g\u1ea5p nhi\u1ec1u l\u1ea7n so v\u1edbi c\u00e1c d\u00f2ng m\u00e1y phun truy\u1ec1n th\u1ed1ng. Ph\u1ea1m vi phun c\u1ee7a m\u00e1y r\u1ed9ng, t\u1ed1c \u0111\u1ed9 phun nhanh gi\u00fap ti\u1ebft ki\u1ec7m th\u1eddi gian v\u00e0 c\u00f4ng s\u1ee9c.<\/li>\n<li>Thi\u1ebft b\u1ecb \u0111\u01b0\u1ee3c l\u00e0m t\u1eeb ch\u1ea5t li\u1ec7u th\u00e9p kh\u00f4ng g\u1ec9, \u0111\u1ed9 b\u1ec1n cao, \u00edt h\u01b0 h\u1ecfng trong qu\u00e1 tr\u00ecnh s\u1eed d\u1ee5ng.<\/li>\n<\/ul>\n<p>&nbsp;<\/p>\n<h2>5. C\u00e1ch s\u1eed d\u1ee5ng m\u00e1y phun kh\u00f3i di\u1ec7t c\u00f4n tr\u00f9ng SM P-SF:<\/h2>\n<p>M\u1eb7c d\u00f9 thi\u1ebft b\u1ecb n\u00e0y kh\u00e1 d\u1ec5 s\u1eed d\u1ee5ng, tuy nhi\u00ean, ng\u01b0\u1eddi d\u00f9ng c\u1ea7n tu\u00e2n th\u1ee7 m\u1ed9t s\u1ed1 quy tr\u00ecnh \u0111\u1ec3 v\u1eadn h\u00e0nh m\u00e1y an to\u00e0n v\u00e0 hi\u1ec7u qu\u1ea3.<\/p>\n<h3><em>Tr\u01b0\u1edbc khi s\u1eed d\u1ee5ng m\u00e1y t\u1ea1o kh\u00f3i di\u1ec7t c\u00f4n tr\u00f9ng:<\/em><\/h3>\n<ul>\n<li>Ki\u1ec3m tra m\u00e1y phun kh\u00f3i k\u1ef9 c\u00e0ng tr\u01b0\u1edbc khi kh\u1edfi \u0111\u1ed9ng m\u00e1y.<\/li>\n<li>\u0110\u1ec3 m\u00e1y tr\u00ean nh\u1eefng khu v\u1ef1c b\u1eb1ng ph\u1eb3ng \u0111\u1ec3 ti\u1ebfp th\u00eam nhi\u00ean li\u1ec7u v\u00e0 h\u00f3a ch\u1ea5t c\u1ea7n phun. L\u01b0u \u00fd kh\u00f4ng n\u00ean \u0111\u1ec3 g\u1ea7n \u0111\u1ed3 v\u1eadt d\u1ec5 g\u00e2y ch\u00e1y n\u1ed5 r\u1ea5t nguy hi\u1ec3m.<\/li>\n<li>Pha h\u00f3a ch\u1ea5t \u0111\u00fang t\u1ef7 l\u1ec7 theo h\u01b0\u1edbng d\u1eabn c\u1ee7a nh\u00e0 s\u1ea3n xu\u1ea5t.<\/li>\n<li>Kh\u00f4ng \u0111\u1ec3 ng\u01b0\u1eddi ho\u1eb7c \u0111\u1ed9ng v\u1eadt \u1edf tr\u01b0\u1edbc \u0111\u1ea7u m\u00e1y khi kh\u1edfi \u0111\u1ed9ng.<\/li>\n<li>M\u1eb7c \u0111\u1ed3 b\u1ea3o h\u1ed9 khi v\u1eadn h\u00e0nh m\u00e1y bao g\u1ed3m m\u0169, k\u00ednh m\u1eaft, kh\u1ea9u trang, \u00e1o qu\u1ea7n b\u1ea3o h\u1ed9, g\u0103ng tay, \u1ee7ng\u2026 Kh\u00f4ng \u0111\u1ec3 h\u00f3a ch\u1ea5t d\u00ednh v\u00e0o ng\u01b0\u1eddi \u1ea3nh h\u01b0\u1edfng \u0111\u1ebfn s\u1ee9c kh\u1ecfe ng\u01b0\u1eddi \u0111i\u1ec1u khi\u1ec3n m\u00e1y.<\/li>\n<\/ul>\n<p>&nbsp;<\/p>\n<h3><em>C\u00e1ch s\u1eed d\u1ee5ng m\u00e1y phun kh\u00f3i di\u1ec7t c\u00f4n tr\u00f9ng:<\/em><\/h3>\n<ul>\n<li>B\u01b0\u1edbc 1: Ki\u1ec3m tra nhi\u00ean li\u1ec7u c\u1ee5 th\u1ec3 l\u00e0 x\u0103ng v\u00e0 b\u00ecnh ch\u1ee9a h\u00f3a ch\u1ea5t. \u0110\u1ea3m b\u1ea3o kh\u00f4ng \u0111\u1ec3 dung d\u1ecbch, h\u00f3a ch\u1ea5t r\u00f2 r\u1ec9 ra ngo\u00e0i.<\/li>\n<li>B\u01b0\u1edbc 2: M\u1edf hai c\u1eeda c\u1ea7n g\u1ea1t b\u1ed9 h\u00fat gi\u00f3.<\/li>\n<li>B\u01b0\u1edbc 3: Nh\u1ea5n v\u00e0o hai qu\u1ea3 bong b\u00f3ng x\u0103ng 5 &#8211; 7 l\u1ea7n cho \u0111\u1ebfn khi x\u0103ng \u0111\u01b0\u1ee3c \u0111\u1ed5 \u0111\u1ea7y kho\u1ea3ng \u2154 x\u0103ng.<\/li>\n<li>B\u01b0\u1edbc 4: B\u1eadt c\u00f4ng t\u1eafc v\u00e0o v\u1ecb tr\u00ed ON. Nh\u1ea5n v\u00e0o bong b\u00f3ng d\u1ea7u s\u1ed1 1 c\u1ee7a b\u1ed9 ch\u1ebf h\u00f2a kh\u00ed v\u00e0 gi\u1eef n\u00fat kh\u1edfi \u0111\u1ed9ng m\u00e1y.<\/li>\n<li>B\u01b0\u1edbc 5: Khi m\u00e1y b\u1eaft \u0111\u1ea7u ho\u1ea1t \u0111\u1ed9ng, di chuy\u1ec3n \u1ed1ng phun thu\u1ed1c linh ho\u1ea1t tr\u00ean kh\u1eafp b\u1ec1 m\u1eb7t \u0111\u1ec3 h\u00f3a ch\u1ea5t \u0111\u01b0\u1ee3c th\u1ea9m th\u1ea5u \u0111\u1ec1u h\u01a1n.<\/li>\n<\/ul>\n<p>&nbsp;<\/p>\n<h3><em>Sau khi s\u1eed d\u1ee5ng m\u00e1y<\/em><\/h3>\n<ul>\n<li>Sau khi ho\u00e0n th\u00e0nh c\u00f4ng vi\u1ec7c, \u0111\u01b0a c\u00f4ng t\u1eafc v\u1ec1 v\u1ecb tr\u00ed OFF \u0111\u1ec3 t\u1eaft m\u00e1y.<\/li>\n<li>\u0110\u1ed5 h\u00f3a ch\u1ea5t c\u00f2n d\u01b0 th\u1eeba ra kh\u1ecfi b\u00ecnh ch\u1ee9a.<\/li>\n<li>V\u1ec7 sinh b\u1ec1 m\u1eb7t m\u00e1y s\u1ea1ch s\u1ebd, b\u1ea3o qu\u1ea3n \u1edf n\u01a1i kh\u00f4 r\u00e1o, tho\u00e1ng m\u00e1t, tr\u00e1nh xa t\u1ea7m tay tr\u1ebb em.<\/li>\n<li>Th\u00e1o \u0111\u1ed3 b\u1ea3o h\u1ed9, t\u1eafm r\u1eeda b\u1eb1ng x\u00e0 ph\u00f2ng di\u1ec7t khu\u1ea9n s\u1ea1ch s\u1ebd.<\/li>\n<\/ul>\n<p>&nbsp;<\/p>\n<h2>6. Mua m\u00e1y phun kh\u00f3i di\u1ec7t c\u00f4n tr\u00f9ng SM P-SF ch\u00ednh h\u00e3ng \u1edf \u0111\u00e2u t\u1ea1i th\u00e0nh ph\u1ed1 H\u1ed3 Ch\u00ed Minh?<\/h2>\n<p>TKT Clean ph\u00e2n ph\u1ed1i \u0111\u1ed9c quy\u1ec1n c\u00e1c s\u1ea3n ph\u1ea9m m\u00e1y v\u1ec7 sinh c\u00f4ng nghi\u1ec7p, h\u00f3a ch\u1ea5t v\u1ec7 sinh, d\u1ee5ng c\u1ee5 v\u1ec7 sinh\u2026 T\u1ea5t c\u1ea3 c\u00e1c s\u1ea3n ph\u1ea9m c\u1ee7a c\u00e1c th\u01b0\u01a1ng hi\u1ec7u h\u00e0ng \u0111\u1ea7u Italia, Nh\u1eadt B\u1ea3n, Trung Qu\u1ed1c\u2026 Ch\u00fang t\u00f4i cung c\u1ea5p nh\u1eefng s\u1ea3n ph\u1ea9m ch\u00ednh h\u00e3ng v\u1edbi gi\u00e1 c\u1ea3 c\u1ea1nh tranh. \u0110\u1ed3ng th\u1eddi ch\u00fang t\u00f4i cung c\u1ea5p d\u1ecbch v\u1ee5 v\u1ec7 sinh cho v\u0103n ph\u00f2ng, c\u00f4ng ty, t\u00f2a nh\u00e0, khu th\u01b0\u01a1ng m\u1ea1i, tr\u01b0\u1eddng h\u1ecdc, b\u1ec7nh vi\u1ec7n, nh\u00e0 m\u00e1y\u2026 V\u1edbi nh\u1eefng nh\u00e2n vi\u00ean \u0111\u1ea7y kinh nghi\u1ec7m, l\u00e0m vi\u1ec7c ch\u0103m ch\u1ec9, t\u1eadn t\u1ee5y. \u0110\u1ec3 nh\u1eadn t\u01b0 v\u1ea5n mi\u1ec5n ph\u00ed v\u1edbi m\u1ee9c gi\u00e1 \u01b0u \u0111\u00e3i, vui l\u00f2ng li\u00ean h\u1ec7 \u0111\u1ebfn s\u1ed1 HOTLINE d\u01b0\u1edbi \u0111\u00e2y.<\/p>\n","protected":false},"excerpt":{"rendered":"<p>M\u00e1y phun kh\u00f3i di\u1ec7t c\u00f4n tr\u00f9ng SM P-SF l\u00e0 d\u00f2ng m\u00e1y phun s\u01b0\u01a1ng m\u00f9 l\u1ea1nh v\u1edbi c\u00f4ng su\u1ea5t cao. Thi\u1ebft b\u1ecb ph\u00f9 h\u1ee3p \u0111\u1ec3 v\u1ec7 sinh nh\u1eefng kh\u00f4ng gian l\u1edbn nh\u01b0 b\u1ec7nh vi\u1ec7n, nh\u00e0 \u1edf, v\u0103n ph\u00f2ng, c\u1eeda h\u00e0ng\u2026<\/p>\n<ul>\n<li>Dung t\u00edch b\u00ecnh x\u0103ng: 1,8 l\u00edt<\/li>\n<li>M\u1ee9c ti\u00eau hao nhi\u00ean li\u1ec7u: 1,3 l\u00edt\/gi\u1edd<\/li>\n<li>Dung t\u00edch b\u00ecnh x\u0103ng: 1.2 l\u00edt<\/li>\n<li>S\u1ea3n l\u01b0\u1ee3ng: 40 l\u00edt \/ gi\u1edd<\/li>\n<li>K\u00edch th\u01b0\u1edbc gi\u1ecdt phun: 5 \u2013 30 \u00b5m<\/li>\n<\/ul>\n","protected":false},"featured_media":10679,"comment_status":"open","ping_status":"closed","template":"","meta":[],"product_brand":[],"product_cat":[633],"product_tag":[645,638],"class_list":{"0":"post-10678","1":"product","2":"type-product","3":"status-publish","4":"has-post-thumbnail","6":"product_cat-may-phun-diet-con-trung","7":"product_tag-may-phun-khoi-diet-con-trung","8":"product_tag-may-phun-suong-diet-con-trung","10":"first","11":"instock","12":"purchasable","13":"product-type-simple"},"yoast_head":"<!-- This site is optimized with the Yoast SEO plugin v27.1.1 - https:\/\/yoast.com\/product\/yoast-seo-wordpress\/ -->\n<title>M\u00e1y phun kh\u00f3i di\u1ec7t c\u00f4n tr\u00f9ng SM P-SF - TKT Clean<\/title>\n<meta name=\"description\" content=\"M\u00e1y phun kh\u00f3i di\u1ec7t c\u00f4n tr\u00f9ng SM P-SF l\u00e0 d\u00f2ng m\u00e1y phun s\u01b0\u01a1ng m\u00f9 l\u1ea1nh v\u1edbi c\u00f4ng su\u1ea5t cao, ph\u00f9 h\u1ee3p \u0111\u1ec3 v\u1ec7 sinh nh\u1eefng kh\u00f4ng gian l\u1edbn...\" \/>\n<meta name=\"robots\" content=\"index, follow, max-snippet:-1, max-image-preview:large, max-video-preview:-1\" \/>\n<link rel=\"canonical\" href=\"https:\/\/tktclean.com\/shop\/may-phun-khoi-diet-con-trung-sm-p-sf\/\" \/>\n<meta property=\"og:locale\" content=\"ja_JP\" \/>\n<meta property=\"og:type\" content=\"article\" \/>\n<meta property=\"og:title\" content=\"M\u00e1y phun kh\u00f3i di\u1ec7t c\u00f4n tr\u00f9ng SM P-SF - TKT Clean\" \/>\n<meta property=\"og:description\" content=\"M\u00e1y phun kh\u00f3i di\u1ec7t c\u00f4n tr\u00f9ng SM P-SF l\u00e0 d\u00f2ng m\u00e1y phun s\u01b0\u01a1ng m\u00f9 l\u1ea1nh v\u1edbi c\u00f4ng su\u1ea5t cao, ph\u00f9 h\u1ee3p \u0111\u1ec3 v\u1ec7 sinh nh\u1eefng kh\u00f4ng gian l\u1edbn...\" \/>\n<meta property=\"og:url\" content=\"https:\/\/tktclean.com\/shop\/may-phun-khoi-diet-con-trung-sm-p-sf\/\" \/>\n<meta property=\"og:site_name\" content=\"TKT Clean\" \/>\n<meta property=\"article:publisher\" content=\"https:\/\/www.facebook.com\/dichvuvesinhtoanha\" \/>\n<meta property=\"article:modified_time\" content=\"2023-07-29T04:11:15+00:00\" \/>\n<meta property=\"og:image\" content=\"https:\/\/tktclean.com\/wp-content\/uploads\/2023\/01\/may-phun-khoi-diet-con-trung-SM-P-SF.jpg\" \/>\n\t<meta property=\"og:image:width\" content=\"500\" \/>\n\t<meta property=\"og:image:height\" content=\"500\" \/>\n\t<meta property=\"og:image:type\" content=\"image\/jpeg\" \/>\n<meta name=\"twitter:card\" content=\"summary_large_image\" \/>\n<meta name=\"twitter:site\" content=\"@TKTClean\" \/>\n<meta name=\"twitter:label1\" content=\"\u63a8\u5b9a\u8aad\u307f\u53d6\u308a\u6642\u9593\" \/>\n\t<meta name=\"twitter:data1\" content=\"9\u5206\" \/>\n<script type=\"application\/ld+json\" class=\"yoast-schema-graph\">{\"@context\":\"https:\/\/schema.org\",\"@graph\":[{\"@type\":\"WebPage\",\"@id\":\"https:\/\/tktclean.com\/shop\/may-phun-khoi-diet-con-trung-sm-p-sf\/\",\"url\":\"https:\/\/tktclean.com\/shop\/may-phun-khoi-diet-con-trung-sm-p-sf\/\",\"name\":\"M\u00e1y phun kh\u00f3i di\u1ec7t c\u00f4n tr\u00f9ng SM P-SF - TKT Clean\",\"isPartOf\":{\"@id\":\"https:\/\/tktclean.com\/#website\"},\"primaryImageOfPage\":{\"@id\":\"https:\/\/tktclean.com\/shop\/may-phun-khoi-diet-con-trung-sm-p-sf\/#primaryimage\"},\"image\":{\"@id\":\"https:\/\/tktclean.com\/shop\/may-phun-khoi-diet-con-trung-sm-p-sf\/#primaryimage\"},\"thumbnailUrl\":\"https:\/\/tktclean.com\/wp-content\/uploads\/2023\/01\/may-phun-khoi-diet-con-trung-SM-P-SF.jpg\",\"datePublished\":\"2023-01-31T08:53:02+00:00\",\"dateModified\":\"2023-07-29T04:11:15+00:00\",\"description\":\"M\u00e1y phun kh\u00f3i di\u1ec7t c\u00f4n tr\u00f9ng SM P-SF l\u00e0 d\u00f2ng m\u00e1y phun s\u01b0\u01a1ng m\u00f9 l\u1ea1nh v\u1edbi c\u00f4ng su\u1ea5t cao, ph\u00f9 h\u1ee3p \u0111\u1ec3 v\u1ec7 sinh nh\u1eefng kh\u00f4ng gian l\u1edbn...\",\"breadcrumb\":{\"@id\":\"https:\/\/tktclean.com\/shop\/may-phun-khoi-diet-con-trung-sm-p-sf\/#breadcrumb\"},\"inLanguage\":\"ja\",\"potentialAction\":[{\"@type\":\"ReadAction\",\"target\":[\"https:\/\/tktclean.com\/shop\/may-phun-khoi-diet-con-trung-sm-p-sf\/\"]}]},{\"@type\":\"ImageObject\",\"inLanguage\":\"ja\",\"@id\":\"https:\/\/tktclean.com\/shop\/may-phun-khoi-diet-con-trung-sm-p-sf\/#primaryimage\",\"url\":\"https:\/\/tktclean.com\/wp-content\/uploads\/2023\/01\/may-phun-khoi-diet-con-trung-SM-P-SF.jpg\",\"contentUrl\":\"https:\/\/tktclean.com\/wp-content\/uploads\/2023\/01\/may-phun-khoi-diet-con-trung-SM-P-SF.jpg\",\"width\":500,\"height\":500,\"caption\":\"M\u00e1y phun kh\u00f3i di\u1ec7t c\u00f4n tr\u00f9ng SM P-SF\"},{\"@type\":\"BreadcrumbList\",\"@id\":\"https:\/\/tktclean.com\/shop\/may-phun-khoi-diet-con-trung-sm-p-sf\/#breadcrumb\",\"itemListElement\":[{\"@type\":\"ListItem\",\"position\":1,\"name\":\"Home\",\"item\":\"https:\/\/tktclean.com\/ja\/\"},{\"@type\":\"ListItem\",\"position\":2,\"name\":\"TKT Shop\",\"item\":\"https:\/\/tktclean.com\/en\/shop\/\"},{\"@type\":\"ListItem\",\"position\":3,\"name\":\"M\u00e1y phun kh\u00f3i di\u1ec7t c\u00f4n tr\u00f9ng SM P-SF\"}]},{\"@type\":\"WebSite\",\"@id\":\"https:\/\/tktclean.com\/#website\",\"url\":\"https:\/\/tktclean.com\/\",\"name\":\"TKT Clean\",\"description\":\"D\u1ecbch v\u1ee5 v\u1ec7 sinh TPHCM\",\"publisher\":{\"@id\":\"https:\/\/tktclean.com\/#organization\"},\"potentialAction\":[{\"@type\":\"SearchAction\",\"target\":{\"@type\":\"EntryPoint\",\"urlTemplate\":\"https:\/\/tktclean.com\/?s={search_term_string}\"},\"query-input\":{\"@type\":\"PropertyValueSpecification\",\"valueRequired\":true,\"valueName\":\"search_term_string\"}}],\"inLanguage\":\"ja\"},{\"@type\":\"Organization\",\"@id\":\"https:\/\/tktclean.com\/#organization\",\"name\":\"TKT Clean\",\"url\":\"https:\/\/tktclean.com\/\",\"logo\":{\"@type\":\"ImageObject\",\"inLanguage\":\"ja\",\"@id\":\"https:\/\/tktclean.com\/#\/schema\/logo\/image\/\",\"url\":\"https:\/\/tktclean.com\/wp-content\/uploads\/2020\/08\/logotktcleanx272-109-green-v01.png\",\"contentUrl\":\"https:\/\/tktclean.com\/wp-content\/uploads\/2020\/08\/logotktcleanx272-109-green-v01.png\",\"width\":272,\"height\":109,\"caption\":\"TKT Clean\"},\"image\":{\"@id\":\"https:\/\/tktclean.com\/#\/schema\/logo\/image\/\"},\"sameAs\":[\"https:\/\/www.facebook.com\/dichvuvesinhtoanha\",\"https:\/\/x.com\/TKTClean\",\"https:\/\/www.youtube.com\/user\/tktcleaning\/videos\"]}]}<\/script>\n<!-- \/ Yoast SEO plugin. -->","yoast_head_json":{"title":"M\u00e1y phun kh\u00f3i di\u1ec7t c\u00f4n tr\u00f9ng SM P-SF - TKT Clean","description":"M\u00e1y phun kh\u00f3i di\u1ec7t c\u00f4n tr\u00f9ng SM P-SF l\u00e0 d\u00f2ng m\u00e1y phun s\u01b0\u01a1ng m\u00f9 l\u1ea1nh v\u1edbi c\u00f4ng su\u1ea5t cao, ph\u00f9 h\u1ee3p \u0111\u1ec3 v\u1ec7 sinh nh\u1eefng kh\u00f4ng gian l\u1edbn...","robots":{"index":"index","follow":"follow","max-snippet":"max-snippet:-1","max-image-preview":"max-image-preview:large","max-video-preview":"max-video-preview:-1"},"canonical":"https:\/\/tktclean.com\/shop\/may-phun-khoi-diet-con-trung-sm-p-sf\/","og_locale":"ja_JP","og_type":"article","og_title":"M\u00e1y phun kh\u00f3i di\u1ec7t c\u00f4n tr\u00f9ng SM P-SF - TKT Clean","og_description":"M\u00e1y phun kh\u00f3i di\u1ec7t c\u00f4n tr\u00f9ng SM P-SF l\u00e0 d\u00f2ng m\u00e1y phun s\u01b0\u01a1ng m\u00f9 l\u1ea1nh v\u1edbi c\u00f4ng su\u1ea5t cao, ph\u00f9 h\u1ee3p \u0111\u1ec3 v\u1ec7 sinh nh\u1eefng kh\u00f4ng gian l\u1edbn...","og_url":"https:\/\/tktclean.com\/shop\/may-phun-khoi-diet-con-trung-sm-p-sf\/","og_site_name":"TKT Clean","article_publisher":"https:\/\/www.facebook.com\/dichvuvesinhtoanha","article_modified_time":"2023-07-29T04:11:15+00:00","og_image":[{"width":500,"height":500,"url":"https:\/\/tktclean.com\/wp-content\/uploads\/2023\/01\/may-phun-khoi-diet-con-trung-SM-P-SF.jpg","type":"image\/jpeg"}],"twitter_card":"summary_large_image","twitter_site":"@TKTClean","twitter_misc":{"\u63a8\u5b9a\u8aad\u307f\u53d6\u308a\u6642\u9593":"9\u5206"},"schema":{"@context":"https:\/\/schema.org","@graph":[{"@type":"WebPage","@id":"https:\/\/tktclean.com\/shop\/may-phun-khoi-diet-con-trung-sm-p-sf\/","url":"https:\/\/tktclean.com\/shop\/may-phun-khoi-diet-con-trung-sm-p-sf\/","name":"M\u00e1y phun kh\u00f3i di\u1ec7t c\u00f4n tr\u00f9ng SM P-SF - TKT Clean","isPartOf":{"@id":"https:\/\/tktclean.com\/#website"},"primaryImageOfPage":{"@id":"https:\/\/tktclean.com\/shop\/may-phun-khoi-diet-con-trung-sm-p-sf\/#primaryimage"},"image":{"@id":"https:\/\/tktclean.com\/shop\/may-phun-khoi-diet-con-trung-sm-p-sf\/#primaryimage"},"thumbnailUrl":"https:\/\/tktclean.com\/wp-content\/uploads\/2023\/01\/may-phun-khoi-diet-con-trung-SM-P-SF.jpg","datePublished":"2023-01-31T08:53:02+00:00","dateModified":"2023-07-29T04:11:15+00:00","description":"M\u00e1y phun kh\u00f3i di\u1ec7t c\u00f4n tr\u00f9ng SM P-SF l\u00e0 d\u00f2ng m\u00e1y phun s\u01b0\u01a1ng m\u00f9 l\u1ea1nh v\u1edbi c\u00f4ng su\u1ea5t cao, ph\u00f9 h\u1ee3p \u0111\u1ec3 v\u1ec7 sinh nh\u1eefng kh\u00f4ng gian l\u1edbn...","breadcrumb":{"@id":"https:\/\/tktclean.com\/shop\/may-phun-khoi-diet-con-trung-sm-p-sf\/#breadcrumb"},"inLanguage":"ja","potentialAction":[{"@type":"ReadAction","target":["https:\/\/tktclean.com\/shop\/may-phun-khoi-diet-con-trung-sm-p-sf\/"]}]},{"@type":"ImageObject","inLanguage":"ja","@id":"https:\/\/tktclean.com\/shop\/may-phun-khoi-diet-con-trung-sm-p-sf\/#primaryimage","url":"https:\/\/tktclean.com\/wp-content\/uploads\/2023\/01\/may-phun-khoi-diet-con-trung-SM-P-SF.jpg","contentUrl":"https:\/\/tktclean.com\/wp-content\/uploads\/2023\/01\/may-phun-khoi-diet-con-trung-SM-P-SF.jpg","width":500,"height":500,"caption":"M\u00e1y phun kh\u00f3i di\u1ec7t c\u00f4n tr\u00f9ng SM P-SF"},{"@type":"BreadcrumbList","@id":"https:\/\/tktclean.com\/shop\/may-phun-khoi-diet-con-trung-sm-p-sf\/#breadcrumb","itemListElement":[{"@type":"ListItem","position":1,"name":"Home","item":"https:\/\/tktclean.com\/ja\/"},{"@type":"ListItem","position":2,"name":"TKT Shop","item":"https:\/\/tktclean.com\/en\/shop\/"},{"@type":"ListItem","position":3,"name":"M\u00e1y phun kh\u00f3i di\u1ec7t c\u00f4n tr\u00f9ng SM P-SF"}]},{"@type":"WebSite","@id":"https:\/\/tktclean.com\/#website","url":"https:\/\/tktclean.com\/","name":"TKT Clean","description":"D\u1ecbch v\u1ee5 v\u1ec7 sinh TPHCM","publisher":{"@id":"https:\/\/tktclean.com\/#organization"},"potentialAction":[{"@type":"SearchAction","target":{"@type":"EntryPoint","urlTemplate":"https:\/\/tktclean.com\/?s={search_term_string}"},"query-input":{"@type":"PropertyValueSpecification","valueRequired":true,"valueName":"search_term_string"}}],"inLanguage":"ja"},{"@type":"Organization","@id":"https:\/\/tktclean.com\/#organization","name":"TKT Clean","url":"https:\/\/tktclean.com\/","logo":{"@type":"ImageObject","inLanguage":"ja","@id":"https:\/\/tktclean.com\/#\/schema\/logo\/image\/","url":"https:\/\/tktclean.com\/wp-content\/uploads\/2020\/08\/logotktcleanx272-109-green-v01.png","contentUrl":"https:\/\/tktclean.com\/wp-content\/uploads\/2020\/08\/logotktcleanx272-109-green-v01.png","width":272,"height":109,"caption":"TKT Clean"},"image":{"@id":"https:\/\/tktclean.com\/#\/schema\/logo\/image\/"},"sameAs":["https:\/\/www.facebook.com\/dichvuvesinhtoanha","https:\/\/x.com\/TKTClean","https:\/\/www.youtube.com\/user\/tktcleaning\/videos"]}]}},"_links":{"self":[{"href":"https:\/\/tktclean.com\/ja\/wp-json\/wp\/v2\/product\/10678","targetHints":{"allow":["GET"]}}],"collection":[{"href":"https:\/\/tktclean.com\/ja\/wp-json\/wp\/v2\/product"}],"about":[{"href":"https:\/\/tktclean.com\/ja\/wp-json\/wp\/v2\/types\/product"}],"replies":[{"embeddable":true,"href":"https:\/\/tktclean.com\/ja\/wp-json\/wp\/v2\/comments?post=10678"}],"wp:featuredmedia":[{"embeddable":true,"href":"https:\/\/tktclean.com\/ja\/wp-json\/wp\/v2\/media\/10679"}],"wp:attachment":[{"href":"https:\/\/tktclean.com\/ja\/wp-json\/wp\/v2\/media?parent=10678"}],"wp:term":[{"taxonomy":"product_brand","embeddable":true,"href":"https:\/\/tktclean.com\/ja\/wp-json\/wp\/v2\/product_brand?post=10678"},{"taxonomy":"product_cat","embeddable":true,"href":"https:\/\/tktclean.com\/ja\/wp-json\/wp\/v2\/product_cat?post=10678"},{"taxonomy":"product_tag","embeddable":true,"href":"https:\/\/tktclean.com\/ja\/wp-json\/wp\/v2\/product_tag?post=10678"}],"curies":[{"name":"wp","href":"https:\/\/api.w.org\/{rel}","templated":true}]}}