{"id":4020,"date":"2021-07-13T12:04:39","date_gmt":"2021-07-13T05:04:39","guid":{"rendered":"https:\/\/tktclean.com\/?post_type=product&#038;p=4020"},"modified":"2025-09-25T10:26:21","modified_gmt":"2025-09-25T03:26:21","slug":"hoa-chat-lau-san-da-ecosophy","status":"publish","type":"product","link":"https:\/\/tktclean.com\/ja\/shop\/hoa-chat-lau-san-da-ecosophy\/","title":{"rendered":"H\u00f3a ch\u1ea5t lau s\u00e0n \u0111\u00e1 Ecosophy"},"content":{"rendered":"<p>V\u1edbi s\u1ef1 ph\u00e1t tri\u1ec3n v\u01b0\u1ee3t tr\u1ed9i nh\u01b0 hi\u1ec7n nay. Vi\u1ec7c l\u1ef1a ch\u1ecdn m\u1ed9t ch\u1ea5t li\u1ec7u s\u00e0n kh\u00f4ng c\u00f2n qu\u00e1 kh\u00f3 kh\u0103n. Ch\u00fang ta d\u1ec5 d\u00e0ng x\u00e2y d\u1ef1ng m\u1ed9t kh\u00f4ng gian theo \u00fd mu\u1ed1n. V\u1edbi c\u00e1c lo\u1ea1i ch\u1ea5t li\u1ec7u \u0111a d\u1ea1ng nh\u01b0: s\u00e0n g\u1ed7, s\u00e0n gi\u1ea3 g\u1ed7, s\u00e0n g\u1ea1ch hay c\u00e1c lo\u1ea1i s\u00e0n cao c\u1ea5p h\u01a1n nh\u01b0 s\u00e0n \u0111\u00e1 marble, s\u00e0n \u0111\u00e1 terrazzo. Tuy nhi\u00ean c\u00f3 nh\u1eefng ch\u1ea5t li\u1ec7u d\u1ec5 b\u1ecb \u1ea3nh h\u01b0\u1edfng b\u1edfi c\u00e1c h\u00f3a ch\u1ea5t v\u1ec7 sinh. Nh\u1ea5t l\u00e0 h\u00f3a ch\u1ea5t lau s\u00e0n \u0111\u00e1.<\/p>\n<p>Ecosophy \u2013 M\u1ed9t lo\u1ea1i h\u00f3a ch\u1ea5t lau s\u00e0n \u0111\u00e1 \u0111\u1ebfn t\u1eeb Nh\u1eadn B\u1ea3n. V\u1edbi c\u00f4ng ngh\u1ec7 sinh h\u1ecdc, 100% th\u00e0nh ph\u1ea7n t\u1eeb t\u1ef1 nhi\u00ean. S\u1ebd gi\u00fap \u0111\u00e1nh b\u1eadt c\u00e1c v\u1ebft b\u1ea9n tr\u00ean s\u00e0n m\u1ed9t c\u00e1ch t\u1ed1t nh\u1ea5t m\u00e0 kh\u00f4ng \u1ea3nh h\u01b0\u1edfng \u0111\u1ebfn b\u1ec1 m\u1eb7t s\u00e0n. C\u0169ng nh\u01b0 s\u1ee9c kh\u1ecfe ng\u01b0\u1eddi s\u1eed d\u1ee5ng.<\/p>\n<p>C\u00f9ng TKTClean t\u00ecm hi\u1ec3u xem h\u00f3a ch\u1ea5t n\u00e0y c\u00f3 nh\u1eefng \u0111\u1eb7c \u0111i\u1ec3m g\u00ec m\u00e0 c\u00f3 th\u1ec3 chinh ph\u1ee5c ho\u00e0n to\u00e0n nh\u1eefng kh\u00e1ch h\u00e0ng t\u1ea1i nh\u1eefng th\u00e0nh ph\u1ed1 l\u1edbn \u1edf Nh\u1eadt B\u1ea3n nh\u00e9.<\/p>\n<h2>1. \u01afu \u0111i\u1ec3m n\u1ed5i b\u1eadt c\u1ee7a h\u00f3a ch\u1ea5t lau s\u00e0n Ecosophy<\/h2>\n<p>\u0110i\u1ec3m n\u1ed9i b\u1eadt nh\u1ea5t t\u1ea1o n\u00ean th\u01b0\u01a1ng hi\u1ec7u c\u1ee7a h\u00f3a ch\u1ea5t lau s\u00e0n n\u00e0y ch\u00ednh l\u00e0 <strong>C\u00f4ng Ngh\u1ec7 Sinh H\u1ecdc t\u1eeb Nh\u1eadt B\u1ea3n<\/strong>.<\/p>\n<p>V\u1edbi c\u00e1c h\u00f3a lau s\u00e0n, v\u1ec7 sinh s\u00e0n kh\u00e1c. Nh\u00e0 s\u1ea3n xu\u1ea5t s\u1ebd t\u1eadp trung ch\u1ee7 y\u1ebfu v\u00e0o vi\u1ec7c t\u1ea1o ra m\u1ed9t s\u1ea3n ph\u1ea9m l\u00e0m s\u1ea1ch \u0111\u1ee7 m\u1ea1nh. C\u00f3 th\u1ec3 lo\u1ea1i b\u1ecf ho\u00e0n to\u00e0n ch\u1ea5t b\u1ea9n b\u00e1m tr\u00ean b\u1ec1 m\u1eb7t \u0111\u1ec3 l\u1ea5y l\u1ea1i v\u1ebb \u0111\u1eb9p cho s\u00e0n. V\u00e0 t\u1ea5t nhi\u00ean, trong c\u00f4ng th\u1ee9c l\u00e0m s\u1ea1ch kh\u00f4ng th\u1ec3 thi\u1ebfu c\u00e1c h\u00f3a ch\u1ea5t, li\u00ean k\u1ebft h\u00f3a h\u1ecdc kh\u00e1c nhau v\u1edbi \u0111\u1ed9 pH nh\u1ea5t \u0111\u1ecbnh. \u0110i\u1ec1u n\u00e0y, trong th\u1eddi gian d\u00e0i s\u1ebd \u1ea3nh h\u01b0\u1edfng \u0111\u1ebfn ch\u1ea5t l\u01b0\u1ee3ng s\u00e0n. Nh\u1ea5t l\u00e0 c\u00e1c s\u00e0n \u0111\u00e1 t\u1ef1 nhi\u00ean. G\u00e2y n\u00ean s\u1ef1 th\u1ea5m n\u01b0\u1edbc, \u1ed1, m\u1edd m\u1eb7t s\u00e0n.<\/p>\n<p>Tuy nhi\u00ean, v\u1edbi Ecosophy. B\u1ea1n s\u1ebd kh\u00f4ng c\u1ea7n ph\u1ea3i lo l\u1eafng v\u1ec1 v\u1ea5n \u0111\u1ec1 \u0111\u00f3. V\u00ec, ngo\u00e0i nhi\u1ec7m v\u1ee5 lo\u1ea1i b\u1ecf t\u00e1c nh\u00e2n b\u00e1m b\u1ea9n th\u00ec vi\u1ec7c \u0111\u1ec1 cao ch\u1ea5t l\u01b0\u1ee3ng s\u1ea3n ph\u1ea9m. Nh\u1ea5t l\u00e0 s\u1ef1 \u1ea3nh h\u01b0\u1edfng c\u1ee7a h\u00f3a ch\u1ea5t \u0111\u1ebfn v\u1eadt li\u1ec7u, m\u00f4i tr\u01b0\u1eddng v\u00e0 ng\u01b0\u1eddi s\u1eed d\u1ee5ng lu\u00f4n \u0111\u01b0\u1ee3c \u0111\u1eb7t l\u00ean h\u00e0ng \u0111\u1ea7u. B\u1ea1n s\u1ebd ph\u1ea3i ng\u1ea1c nhi\u00ean v\u1edbi nh\u1eefng \u01b0u \u0111i\u1ec3m n\u1ed5i b\u1eadt c\u0169ng nh\u01b0 cam k\u1ebft c\u1ee7a s\u1ea3n ph\u1ea9m n\u00e0y nh\u01b0:<\/p>\n<ul>\n<li>100% An to\u00e0n cho m\u1ecdi s\u00e0n \u0111\u00e1 nh\u1ea1y c\u1ea3m<\/li>\n<li>100% Th\u00e0nh ph\u1ea7n t\u1eeb t\u1ef1 nhi\u00ean<\/li>\n<li>100% Th\u00e2n thi\u1ec7n v\u1edbi m\u00f4i tr\u01b0\u1eddng<\/li>\n<li>M\u1ec1m d\u1ecbu v\u1edbi da tay, kh\u00f4ng k\u00edch \u1ee9ng<\/li>\n<li>An to\u00e0n cho tr\u1ebb nh\u1ecf khi ch\u01a1i tr\u00ean s\u00e0n<\/li>\n<li>T\u1ea9y b\u1ea9n \u0111a n\u0103ng, \u0111\u00e1nh b\u1eadt nhi\u1ec1u lo\u1ea1i v\u1ebft b\u1ea9n<\/li>\n<li>Kh\u00f4ng c\u1ea7n lau l\u1ea1i v\u1edbi n\u01b0\u1edbc s\u1ea1ch<\/li>\n<li>Ti\u1ebft ki\u1ec7m, ti\u1ec7n d\u1ee5ng, hi\u1ec7u qu\u1ea3 cao<\/li>\n<\/ul>\n<p>S\u1ea3n ph\u1ea9m n\u00e0y ph\u00f9 h\u1ee3p v\u1edbi t\u1ea5t c\u1ea3 ch\u1ea5t li\u1ec7u s\u00e0n. B\u1ea1n c\u00f3 th\u1ec3 s\u1eed d\u1ee5ng \u0111\u1ec3 v\u1ec7 sinh s\u00e0n h\u00e0ng ng\u00e0y (d\u00f9ng v\u1edbi c\u00e2y lau, gi\u1ebb lau). Ho\u1eb7c v\u1ec7 sinh s\u00e0n \u0111\u1ecbnh k\u1ef3 (d\u00f9ng v\u1edbi m\u00e1y ch\u00e0 s\u00e0n, m\u00e1y lau s\u00e0n).<\/p>\n<p>Kh\u00f4ng ch\u1ec9 d\u00f9ng trong kh\u00f4ng gian s\u00e0n t\u1ea1i gia \u0111\u00ecnh, v\u0103n ph\u00f2ng. M\u00e0 s\u1ea3n ph\u1ea9m n\u00e0y c\u00f2n \u0111\u01b0\u1ee3c tin d\u00f9ng cho c\u00e1c nh\u00e0 h\u00e0ng, kh\u00e1ch s\u1ea1n v\u00e0 c\u1ea3 trung t\u00e2m th\u01b0\u01a1ng m\u1ea1i.<\/p>\n<h2><strong>2. Nguy\u00ean l\u00fd l\u00e0m s\u1ea1ch c\u1ee7a h\u00f3a ch\u1ea5t Ecosophy<\/strong><\/h2>\n<p>Ecosophy \u0111\u01b0\u1ee3c ng\u01b0\u1eddi d\u00f9ng \u01b0u \u00e1i t\u1eb7ng cho danh hi\u1ec7u \u201cS\u1ee9c m\u1ea1nh nh\u00e2n \u0111\u00f4i\u201d. B\u1ea1n c\u00f3 bi\u1ebft v\u00ec sao kh\u00f4ng? \u0110\u00f3 l\u00e0 nh\u1edd 2 \u0111i\u1ec3m n\u1ed9i b\u1eadt sau:<\/p>\n<p><strong>S\u1ee9c m\u1ea1nh \u0111\u00e1nh b\u1eadt v\u1ebft b\u1ea9n<\/strong>: V\u1edbi c\u00e1c h\u1ea1t ph\u00e2n t\u1eed Colloid si\u00eau nh\u1ecf trong h\u00f3a ch\u1ea5t lau s\u00e0n \u0111\u00e1. Ch\u00fang s\u1ebd t\u00e1c \u0111\u1ed9ng v\u00e0 b\u1ebb g\u00e3y li\u00ean k\u1ebft gi\u1eefa c\u00e1c g\u1ed1c \u01b0a b\u00e9o t\u00edch t\u1ee5 tr\u00ean b\u1ec1 m\u1eb7t s\u00e0n. Ch\u00ednh c\u00e1c g\u1ed1c \u01b0a b\u00e9o n\u00e0y \u0111\u00e3 gi\u1eef c\u00e1c v\u1ebft b\u1ea9n b\u00e1m v\u00e0o s\u00e0n. C\u00e1c h\u1ea1t Colloid s\u1ebd t\u00e1ch c\u00e1c v\u1ebft b\u1ea9n kh\u1ecfi th\u00e0nh ph\u1ea7n n\u00e0y, v\u00e0 bao ph\u1ee7 ch\u00fang tr\u00e1nh b\u00e1m tr\u1edf l\u1ea1i th\u1ea3m.<\/p>\n<p><strong>S\u1ee9c m\u1ea1nh t\u1ea1o h\u01b0\u01a1ng th\u01a1m m\u00e1t: <\/strong>Kh\u00f4ng ch\u1ec9 lo\u1ea1i b\u1ecf c\u00e1c ch\u1ea5t b\u1ea9n b\u00e1m tr\u00ean b\u1ec1 m\u1eb7t. C\u00e1c h\u1ea1t Colloid n\u00e0y c\u00f2n t\u1ea5n c\u00f4ng c\u00e1c t\u00e1c nh\u00e2n g\u00e2y m\u00f9i. Ph\u00e1 v\u1ee1 ch\u00fang, gi\u00fap m\u00f9i \u1ea9m m\u1ed1c kh\u00f3 ch\u1ecbu \u0111\u01b0\u1ee3c x\u1eed l\u00fd ho\u00e0n to\u00e0n. Kh\u00f4ng gian s\u1ebd tr\u1edf n\u00ean s\u1ea1ch th\u01a1m m\u1ed9t c\u00e1ch d\u1ec5 ch\u1ecbu.<\/p>\n<p>Th\u00e0nh ph\u1ea7n c\u1ea5u t\u1ea1o n\u00ean h\u00f3a ch\u1ea5t Ecosophy ho\u00e0n to\u00e0n t\u1eeb thi\u00ean nhi\u00ean. C\u00f3 kh\u1ea3 n\u0103ng t\u1ef1 ph\u00e2n h\u1ee7y v\u00e0 kh\u00f4ng l\u00e0m h\u1ea1i \u0111\u1ebfn m\u00f4i tr\u01b0\u1eddng c\u0169ng nh\u01b0 ng\u01b0\u1eddi s\u1eed d\u1ee5ng. Nh\u1edd \u0111\u1ed9 pH trung t\u00ednh, Ecosophy ph\u00f9 h\u1ee3p \u0111\u1ec3 v\u1ec7 sinh c\u00e1c b\u1ec1 m\u1eb7t nh\u1ea1y c\u1ea3m nh\u01b0 s\u00e0n \u0111\u00e1 marble, \u0111\u00e1 terrazzo,\u2026. m\u00e0 kh\u00f4ng g\u00e2y h\u01b0 t\u1ed5n, hao m\u00f2n. V\u01b0\u1ee3t xa c\u00e1c h\u00f3a ch\u1ea5t c\u00f3 ngu\u1ed3n g\u1ed1c h\u00f3a h\u1ecdc kh\u00e1c.<\/p>\n<h2><strong>4. H\u01b0\u1edbng d\u1eabn s\u1eed d\u1ee5ng h\u00f3a ch\u1ea5t lau s\u00e0n \u0111\u00fang, ti\u1ebft ki\u1ec7m<\/strong><\/h2>\n<p>\u0110\u1ec3 s\u1eed d\u1ee5ng h\u00f3a ch\u1ea5t n\u00e0y \u0111\u01b0\u1ee3c hi\u1ec7u qu\u1ea3 v\u00e0 ti\u1ebft ki\u1ec7m. B\u1ea1n n\u00ean n\u1eafm r\u00f5 t\u1ec9 l\u1ec7 c\u1ee5 th\u1ec3 v\u1edbi t\u1eebng m\u1ee5c \u0111\u00edch l\u00e0m s\u1ea1ch kh\u00e1c nhau.<\/p>\n<ul>\n<li>V\u1ec7 sinh v\u1ebft b\u1ea9n l\u00e2u ng\u00e0y pha lo\u00e3ng 1-5 l\u1ea7n<\/li>\n<li>V\u1ec7 sinh h\u00e0ng ng\u00e0y pha lo\u00e3ng 30-50 l\u1ea7n<\/li>\n<\/ul>\n<h4>H\u01b0\u1edbng d\u1eabn l\u00e0m s\u1ea1ch v\u1edbi v\u1ebft b\u1ea9n c\u1ee9ng \u0111\u1ea7u, l\u00e2u ng\u00e0y:<\/h4>\n<ul>\n<li>Cho h\u00f3a ch\u1ea5t t\u1ea9y r\u1eeda \u0111a n\u0103ng v\u00e0o b\u00ecnh x\u1ecbt phun s\u01b0\u01a1ng c\u1ea7m tay (kh\u00f4ng pha lo\u00e3ng). X\u1ecbt tr\u1ef1c ti\u1ebfp l\u00ean v\u1ebft b\u1ea9n \u0111\u1ebfn khi \u1ea9m<\/li>\n<li>\u0110\u1ee3i trong th\u1eddi gian 3-5p<\/li>\n<li>D\u00f9ng b\u00e0n ch\u1ea3i ch\u00e0 nh\u1eb9 l\u00ean v\u1ebft b\u1ea9n \u0111\u1ebfn khi lo\u1ea1i b\u1ecf ho\u00e0n to\u00e0n<\/li>\n<li>D\u00f9ng kh\u0103n lau s\u1ea1ch l\u1ea1i<\/li>\n<\/ul>\n<h4>H\u01b0\u1edbng d\u1eabn l\u00e0m s\u1ea1ch v\u1ebft b\u1ea9n l\u00e2u ng\u00e0y, v\u1ebft b\u1ea9n \u0111\u1eadm<\/h4>\n<ul>\n<li>Pha lo\u00e3ng t\u1ef7 l\u1ec7 1:10, ho\u1eb7c 1:15 (ho\u1eb7c 4-6 n\u1eafp chai (1 n\u1eafp chai kho\u1ea3ng 15ml) v\u1edbi 0.5-1.5 l\u00edt n\u01b0\u1edbc))<\/li>\n<li>Cho h\u00f3a ch\u1ea5t v\u00e0o b\u00ecnh x\u1ecbt phun s\u01b0\u01a1ng c\u1ea7m tay. X\u1ecbt \u0111\u1ec1u \u0111\u1ebfn khi \u1ea9m b\u1ec1 m\u1eb7t<\/li>\n<li>\u0110\u1ee3i trong th\u1eddi gian 3-5p<\/li>\n<li>D\u00f9ng d\u1ee5ng c\u1ee5 v\u1ec7 sinh th\u00edch h\u1ee3p nh\u01b0 mop lau s\u00e0n, c\u00e2y lau 360<sup>o<\/sup>, m\u00e1y lau s\u00e0n, m\u00e1y ch\u00e0 s\u00e0n v\u1ec7 sinh tr\u1ef1c ti\u1ebfp l\u00ean b\u1ec1 \u0111\u00e3 phun h\u00f3a ch\u1ea5t<\/li>\n<li>D\u00f9ng kh\u0103n lau s\u1ea1ch l\u1ea1i<\/li>\n<\/ul>\n<h4>H\u01b0\u1edbng d\u1eabn v\u1ec7 sinh h\u00e0ng ng\u00e0y<\/h4>\n<ul>\n<li>Pha lo\u00e3ng t\u1ef7 l\u1ec7 1:30, ho\u1eb7c 1:50 (ho\u1eb7c 4-6 n\u1eafp chai (1 n\u1eafp chai kho\u1ea3ng 15ml) v\u1edbi 2-4 l\u00edt n\u01b0\u1edbc))<\/li>\n<li>Cho h\u00f3a ch\u1ea5t t\u1ea9y r\u1eeda v\u00e0o thau, ch\u1eadu, c\u00e2y lau nh\u00e0 ho\u1eb7c b\u00ecnh ch\u1ee9a \u0111\u1ed1i v\u1edbi m\u00e1y lau s\u00e0n, m\u00e1y ch\u00e0 s\u00e0n<\/li>\n<li>Lau s\u1ea1ch, \u0111\u00e1nh s\u1ea1ch tr\u1ef1c ti\u1ebfp l\u00ean b\u1ec1 m\u1eb7t c\u00f3 v\u1ebft b\u1ea9n<\/li>\n<\/ul>\n<h2><strong>5. B\u1ea3o qu\u1ea3n h\u00f3a ch\u1ea5t \u0111\u00fang c\u00e1ch<\/strong><\/h2>\n<p>V\u00ec \u0111\u00e2y l\u00e0 s\u1ea3n ph\u1ea9m c\u00f3 th\u00e0nh ph\u1ea7n ho\u00e0n to\u00e0n t\u1ef1 nhi\u00ean. V\u00ec th\u1ebf n\u00ean b\u1ea3o qu\u1ea3n \u1edf n\u01a1i c\u00f3 nhi\u1ec7t \u0111\u1ed9 t\u1eeb 25<sup>o<\/sup>C &#8211; 35<sup>o<\/sup>C. Tr\u00e1nh xa \u00e1nh n\u1eafng tr\u1ef1c ti\u1ebfp c\u1ee7a m\u1eb7t tr\u1eddi.<\/p>\n<p>\u0110\u1eady n\u1eafp k\u00edn sau khi s\u1eed d\u1ee5ng. V\u00e0 tr\u00e1nh xa t\u1ea7m tay tr\u1ebb nh\u1ecf.<\/p>\n","protected":false},"excerpt":{"rendered":"<p>S\u1ea3n ph\u1ea9m h\u00f3a ch\u1ea5t lau s\u00e0n \u0111\u00e1 c\u00f4ng ngh\u1ec7 sinh h\u1ecdc c\u1ee7a Nh\u1eadt B\u1ea3n<\/p>\n<ul>\n<li>S\u1ee9c m\u1ea1nh t\u1ea9y r\u1eeda t\u1eeb c\u00e1c ph\u00e2n t\u1eed Colloid si\u00eau nh\u1ecf x2 s\u1ee9c m\u1ea1nh: L\u00e0m s\u1ea1ch th\u1ea3m + Kh\u1eed M\u00f9i H\u00f4i<\/li>\n<li>\u00cam d\u1ecbu c\u1ea3 v\u1edbi da em b\u00e9<\/li>\n<li>An to\u00e0n cho s\u00e0n \u0111\u00e1 t\u1ef1 nhi\u00ean<\/li>\n<li>Ch\u1ea5t l\u01b0\u1ee3ng s\u1ed1 1 t\u1eeb Nh\u1eadt B\u1ea3n<\/li>\n<li>B\u1ea3o v\u1ec7 m\u00f4i tr\u01b0\u1eddng, t\u00f4n tr\u1ecdng cu\u1ed9c s\u1ed1ng Xanh<\/li>\n<\/ul>\n<p>L\u1ea7n \u0110\u1ea7u Ti\u00ean v\u00e0 Duy Nh\u1ea5t t\u1ea1i th\u1ecb tr\u01b0\u1eddng Vi\u1ec7t Nam c\u00f3 m\u1eb7t h\u00f3a ch\u1ea5t lau s\u00e0n Nh\u1eadt B\u1ea3n Ecosophy.<\/p>\n<p>Tr\u1ea3i nghi\u1ec7m v\u00e0 ch\u00fang t\u00f4i tin ch\u1eafc b\u1ea1n s\u1ebd H\u00e0i L\u00f2ng 100%<\/p>\n","protected":false},"featured_media":4021,"comment_status":"open","ping_status":"closed","template":"","meta":[],"product_brand":[],"product_cat":[118],"product_tag":[132,130,131,129],"class_list":{"0":"post-4020","1":"product","2":"type-product","3":"status-publish","4":"has-post-thumbnail","6":"product_cat-hoa-chat-ve-sinh","7":"product_tag-chat-lau-san-da","8":"product_tag-hoa-chat-lau-san","9":"product_tag-hoa-chat-lau-san-da","10":"product_tag-lau-san-da","12":"first","13":"instock","14":"sold-individually","15":"taxable","16":"shipping-taxable","17":"purchasable","18":"product-type-simple"},"yoast_head":"<!-- This site is optimized with the Yoast SEO plugin v27.3 - https:\/\/yoast.com\/product\/yoast-seo-wordpress\/ -->\n<title>H\u00f3a ch\u1ea5t lau s\u00e0n \u0111\u00e1 Ecosophy Nh\u1eadt B\u1ea3n - TKT Clean<\/title>\n<meta name=\"description\" content=\"H\u00f3a ch\u1ea5t lau s\u00e0n \u0111\u00e1 ph\u00f9 h\u1ee3p v\u1edbi m\u1ecdi b\u1ec1 m\u1eb7t s\u00e0n. K\u1ec3 c\u1ea3 s\u00e0n \u0111\u00e1 t\u1ef1 nhi\u00ean\u2714\ufe0fAn to\u00e0n cho b\u00e9 \u2714\ufe0f100% thi\u00ean nhi\u00ean \u2714\ufe0fT\u1ea9y m\u1ea1nh v\u1ebft b\u1ea9n\" \/>\n<meta name=\"robots\" content=\"index, follow, max-snippet:-1, max-image-preview:large, max-video-preview:-1\" \/>\n<link rel=\"canonical\" href=\"https:\/\/tktclean.com\/shop\/hoa-chat-lau-san-da-ecosophy\/\" \/>\n<meta property=\"og:locale\" content=\"ja_JP\" \/>\n<meta property=\"og:type\" content=\"article\" \/>\n<meta property=\"og:title\" content=\"H\u00f3a ch\u1ea5t lau s\u00e0n \u0111\u00e1 Ecosophy Nh\u1eadt B\u1ea3n - TKT Clean\" \/>\n<meta property=\"og:description\" content=\"H\u00f3a ch\u1ea5t lau s\u00e0n \u0111\u00e1 ph\u00f9 h\u1ee3p v\u1edbi m\u1ecdi b\u1ec1 m\u1eb7t s\u00e0n. K\u1ec3 c\u1ea3 s\u00e0n \u0111\u00e1 t\u1ef1 nhi\u00ean\u2714\ufe0fAn to\u00e0n cho b\u00e9 \u2714\ufe0f100% thi\u00ean nhi\u00ean \u2714\ufe0fT\u1ea9y m\u1ea1nh v\u1ebft b\u1ea9n\" \/>\n<meta property=\"og:url\" content=\"https:\/\/tktclean.com\/shop\/hoa-chat-lau-san-da-ecosophy\/\" \/>\n<meta property=\"og:site_name\" content=\"TKT Clean\" \/>\n<meta property=\"article:publisher\" content=\"https:\/\/www.facebook.com\/dichvuvesinhtoanha\" \/>\n<meta property=\"article:modified_time\" content=\"2025-09-25T03:26:21+00:00\" \/>\n<meta property=\"og:image\" content=\"https:\/\/tktclean.com\/wp-content\/uploads\/2021\/07\/hoa-chat-lau-san-da.png\" \/>\n\t<meta property=\"og:image:width\" content=\"800\" \/>\n\t<meta property=\"og:image:height\" content=\"800\" \/>\n\t<meta property=\"og:image:type\" content=\"image\/png\" \/>\n<meta name=\"twitter:card\" content=\"summary_large_image\" \/>\n<meta name=\"twitter:site\" content=\"@TKTClean\" \/>\n<meta name=\"twitter:label1\" content=\"\u63a8\u5b9a\u8aad\u307f\u53d6\u308a\u6642\u9593\" \/>\n\t<meta name=\"twitter:data1\" content=\"5\u5206\" \/>\n<script type=\"application\/ld+json\" class=\"yoast-schema-graph\">{\"@context\":\"https:\\\/\\\/schema.org\",\"@graph\":[{\"@type\":\"WebPage\",\"@id\":\"https:\\\/\\\/tktclean.com\\\/shop\\\/hoa-chat-lau-san-da-ecosophy\\\/\",\"url\":\"https:\\\/\\\/tktclean.com\\\/shop\\\/hoa-chat-lau-san-da-ecosophy\\\/\",\"name\":\"H\u00f3a ch\u1ea5t lau s\u00e0n \u0111\u00e1 Ecosophy Nh\u1eadt B\u1ea3n - TKT Clean\",\"isPartOf\":{\"@id\":\"https:\\\/\\\/tktclean.com\\\/#website\"},\"primaryImageOfPage\":{\"@id\":\"https:\\\/\\\/tktclean.com\\\/shop\\\/hoa-chat-lau-san-da-ecosophy\\\/#primaryimage\"},\"image\":{\"@id\":\"https:\\\/\\\/tktclean.com\\\/shop\\\/hoa-chat-lau-san-da-ecosophy\\\/#primaryimage\"},\"thumbnailUrl\":\"https:\\\/\\\/tktclean.com\\\/wp-content\\\/uploads\\\/2021\\\/07\\\/hoa-chat-lau-san-da.png\",\"datePublished\":\"2021-07-13T05:04:39+00:00\",\"dateModified\":\"2025-09-25T03:26:21+00:00\",\"description\":\"H\u00f3a ch\u1ea5t lau s\u00e0n \u0111\u00e1 ph\u00f9 h\u1ee3p v\u1edbi m\u1ecdi b\u1ec1 m\u1eb7t s\u00e0n. K\u1ec3 c\u1ea3 s\u00e0n \u0111\u00e1 t\u1ef1 nhi\u00ean\u2714\ufe0fAn to\u00e0n cho b\u00e9 \u2714\ufe0f100% thi\u00ean nhi\u00ean \u2714\ufe0fT\u1ea9y m\u1ea1nh v\u1ebft b\u1ea9n\",\"breadcrumb\":{\"@id\":\"https:\\\/\\\/tktclean.com\\\/shop\\\/hoa-chat-lau-san-da-ecosophy\\\/#breadcrumb\"},\"inLanguage\":\"ja\",\"potentialAction\":[{\"@type\":\"ReadAction\",\"target\":[\"https:\\\/\\\/tktclean.com\\\/shop\\\/hoa-chat-lau-san-da-ecosophy\\\/\"]}]},{\"@type\":\"ImageObject\",\"inLanguage\":\"ja\",\"@id\":\"https:\\\/\\\/tktclean.com\\\/shop\\\/hoa-chat-lau-san-da-ecosophy\\\/#primaryimage\",\"url\":\"https:\\\/\\\/tktclean.com\\\/wp-content\\\/uploads\\\/2021\\\/07\\\/hoa-chat-lau-san-da.png\",\"contentUrl\":\"https:\\\/\\\/tktclean.com\\\/wp-content\\\/uploads\\\/2021\\\/07\\\/hoa-chat-lau-san-da.png\",\"width\":800,\"height\":800,\"caption\":\"H\u00f3a ch\u1ea5t t\u1ea9y r\u1eeda, lau s\u00e0n \u0111\u00e1 c\u00f4ng ngh\u1ec7 Nh\u1eadt B\u1ea3n\"},{\"@type\":\"BreadcrumbList\",\"@id\":\"https:\\\/\\\/tktclean.com\\\/shop\\\/hoa-chat-lau-san-da-ecosophy\\\/#breadcrumb\",\"itemListElement\":[{\"@type\":\"ListItem\",\"position\":1,\"name\":\"Home\",\"item\":\"https:\\\/\\\/tktclean.com\\\/ja\\\/\"},{\"@type\":\"ListItem\",\"position\":2,\"name\":\"TKT Shop\",\"item\":\"https:\\\/\\\/tktclean.com\\\/en\\\/shop\\\/\"},{\"@type\":\"ListItem\",\"position\":3,\"name\":\"H\u00f3a ch\u1ea5t lau s\u00e0n \u0111\u00e1 Ecosophy\"}]},{\"@type\":\"WebSite\",\"@id\":\"https:\\\/\\\/tktclean.com\\\/#website\",\"url\":\"https:\\\/\\\/tktclean.com\\\/\",\"name\":\"TKT Clean\",\"description\":\"D\u1ecbch v\u1ee5 v\u1ec7 sinh TPHCM\",\"publisher\":{\"@id\":\"https:\\\/\\\/tktclean.com\\\/#organization\"},\"potentialAction\":[{\"@type\":\"SearchAction\",\"target\":{\"@type\":\"EntryPoint\",\"urlTemplate\":\"https:\\\/\\\/tktclean.com\\\/?s={search_term_string}\"},\"query-input\":{\"@type\":\"PropertyValueSpecification\",\"valueRequired\":true,\"valueName\":\"search_term_string\"}}],\"inLanguage\":\"ja\"},{\"@type\":\"Organization\",\"@id\":\"https:\\\/\\\/tktclean.com\\\/#organization\",\"name\":\"TKT Clean\",\"url\":\"https:\\\/\\\/tktclean.com\\\/\",\"logo\":{\"@type\":\"ImageObject\",\"inLanguage\":\"ja\",\"@id\":\"https:\\\/\\\/tktclean.com\\\/#\\\/schema\\\/logo\\\/image\\\/\",\"url\":\"https:\\\/\\\/tktclean.com\\\/wp-content\\\/uploads\\\/2020\\\/08\\\/logotktcleanx272-109-green-v01.png\",\"contentUrl\":\"https:\\\/\\\/tktclean.com\\\/wp-content\\\/uploads\\\/2020\\\/08\\\/logotktcleanx272-109-green-v01.png\",\"width\":272,\"height\":109,\"caption\":\"TKT Clean\"},\"image\":{\"@id\":\"https:\\\/\\\/tktclean.com\\\/#\\\/schema\\\/logo\\\/image\\\/\"},\"sameAs\":[\"https:\\\/\\\/www.facebook.com\\\/dichvuvesinhtoanha\",\"https:\\\/\\\/x.com\\\/TKTClean\",\"https:\\\/\\\/www.youtube.com\\\/user\\\/tktcleaning\\\/videos\"]}]}<\/script>\n<!-- \/ Yoast SEO plugin. -->","yoast_head_json":{"title":"H\u00f3a ch\u1ea5t lau s\u00e0n \u0111\u00e1 Ecosophy Nh\u1eadt B\u1ea3n - TKT Clean","description":"H\u00f3a ch\u1ea5t lau s\u00e0n \u0111\u00e1 ph\u00f9 h\u1ee3p v\u1edbi m\u1ecdi b\u1ec1 m\u1eb7t s\u00e0n. K\u1ec3 c\u1ea3 s\u00e0n \u0111\u00e1 t\u1ef1 nhi\u00ean\u2714\ufe0fAn to\u00e0n cho b\u00e9 \u2714\ufe0f100% thi\u00ean nhi\u00ean \u2714\ufe0fT\u1ea9y m\u1ea1nh v\u1ebft b\u1ea9n","robots":{"index":"index","follow":"follow","max-snippet":"max-snippet:-1","max-image-preview":"max-image-preview:large","max-video-preview":"max-video-preview:-1"},"canonical":"https:\/\/tktclean.com\/shop\/hoa-chat-lau-san-da-ecosophy\/","og_locale":"ja_JP","og_type":"article","og_title":"H\u00f3a ch\u1ea5t lau s\u00e0n \u0111\u00e1 Ecosophy Nh\u1eadt B\u1ea3n - TKT Clean","og_description":"H\u00f3a ch\u1ea5t lau s\u00e0n \u0111\u00e1 ph\u00f9 h\u1ee3p v\u1edbi m\u1ecdi b\u1ec1 m\u1eb7t s\u00e0n. K\u1ec3 c\u1ea3 s\u00e0n \u0111\u00e1 t\u1ef1 nhi\u00ean\u2714\ufe0fAn to\u00e0n cho b\u00e9 \u2714\ufe0f100% thi\u00ean nhi\u00ean \u2714\ufe0fT\u1ea9y m\u1ea1nh v\u1ebft b\u1ea9n","og_url":"https:\/\/tktclean.com\/shop\/hoa-chat-lau-san-da-ecosophy\/","og_site_name":"TKT Clean","article_publisher":"https:\/\/www.facebook.com\/dichvuvesinhtoanha","article_modified_time":"2025-09-25T03:26:21+00:00","og_image":[{"width":800,"height":800,"url":"https:\/\/tktclean.com\/wp-content\/uploads\/2021\/07\/hoa-chat-lau-san-da.png","type":"image\/png"}],"twitter_card":"summary_large_image","twitter_site":"@TKTClean","twitter_misc":{"\u63a8\u5b9a\u8aad\u307f\u53d6\u308a\u6642\u9593":"5\u5206"},"schema":{"@context":"https:\/\/schema.org","@graph":[{"@type":"WebPage","@id":"https:\/\/tktclean.com\/shop\/hoa-chat-lau-san-da-ecosophy\/","url":"https:\/\/tktclean.com\/shop\/hoa-chat-lau-san-da-ecosophy\/","name":"H\u00f3a ch\u1ea5t lau s\u00e0n \u0111\u00e1 Ecosophy Nh\u1eadt B\u1ea3n - TKT Clean","isPartOf":{"@id":"https:\/\/tktclean.com\/#website"},"primaryImageOfPage":{"@id":"https:\/\/tktclean.com\/shop\/hoa-chat-lau-san-da-ecosophy\/#primaryimage"},"image":{"@id":"https:\/\/tktclean.com\/shop\/hoa-chat-lau-san-da-ecosophy\/#primaryimage"},"thumbnailUrl":"https:\/\/tktclean.com\/wp-content\/uploads\/2021\/07\/hoa-chat-lau-san-da.png","datePublished":"2021-07-13T05:04:39+00:00","dateModified":"2025-09-25T03:26:21+00:00","description":"H\u00f3a ch\u1ea5t lau s\u00e0n \u0111\u00e1 ph\u00f9 h\u1ee3p v\u1edbi m\u1ecdi b\u1ec1 m\u1eb7t s\u00e0n. K\u1ec3 c\u1ea3 s\u00e0n \u0111\u00e1 t\u1ef1 nhi\u00ean\u2714\ufe0fAn to\u00e0n cho b\u00e9 \u2714\ufe0f100% thi\u00ean nhi\u00ean \u2714\ufe0fT\u1ea9y m\u1ea1nh v\u1ebft b\u1ea9n","breadcrumb":{"@id":"https:\/\/tktclean.com\/shop\/hoa-chat-lau-san-da-ecosophy\/#breadcrumb"},"inLanguage":"ja","potentialAction":[{"@type":"ReadAction","target":["https:\/\/tktclean.com\/shop\/hoa-chat-lau-san-da-ecosophy\/"]}]},{"@type":"ImageObject","inLanguage":"ja","@id":"https:\/\/tktclean.com\/shop\/hoa-chat-lau-san-da-ecosophy\/#primaryimage","url":"https:\/\/tktclean.com\/wp-content\/uploads\/2021\/07\/hoa-chat-lau-san-da.png","contentUrl":"https:\/\/tktclean.com\/wp-content\/uploads\/2021\/07\/hoa-chat-lau-san-da.png","width":800,"height":800,"caption":"H\u00f3a ch\u1ea5t t\u1ea9y r\u1eeda, lau s\u00e0n \u0111\u00e1 c\u00f4ng ngh\u1ec7 Nh\u1eadt B\u1ea3n"},{"@type":"BreadcrumbList","@id":"https:\/\/tktclean.com\/shop\/hoa-chat-lau-san-da-ecosophy\/#breadcrumb","itemListElement":[{"@type":"ListItem","position":1,"name":"Home","item":"https:\/\/tktclean.com\/ja\/"},{"@type":"ListItem","position":2,"name":"TKT Shop","item":"https:\/\/tktclean.com\/en\/shop\/"},{"@type":"ListItem","position":3,"name":"H\u00f3a ch\u1ea5t lau s\u00e0n \u0111\u00e1 Ecosophy"}]},{"@type":"WebSite","@id":"https:\/\/tktclean.com\/#website","url":"https:\/\/tktclean.com\/","name":"TKT Clean","description":"D\u1ecbch v\u1ee5 v\u1ec7 sinh TPHCM","publisher":{"@id":"https:\/\/tktclean.com\/#organization"},"potentialAction":[{"@type":"SearchAction","target":{"@type":"EntryPoint","urlTemplate":"https:\/\/tktclean.com\/?s={search_term_string}"},"query-input":{"@type":"PropertyValueSpecification","valueRequired":true,"valueName":"search_term_string"}}],"inLanguage":"ja"},{"@type":"Organization","@id":"https:\/\/tktclean.com\/#organization","name":"TKT Clean","url":"https:\/\/tktclean.com\/","logo":{"@type":"ImageObject","inLanguage":"ja","@id":"https:\/\/tktclean.com\/#\/schema\/logo\/image\/","url":"https:\/\/tktclean.com\/wp-content\/uploads\/2020\/08\/logotktcleanx272-109-green-v01.png","contentUrl":"https:\/\/tktclean.com\/wp-content\/uploads\/2020\/08\/logotktcleanx272-109-green-v01.png","width":272,"height":109,"caption":"TKT Clean"},"image":{"@id":"https:\/\/tktclean.com\/#\/schema\/logo\/image\/"},"sameAs":["https:\/\/www.facebook.com\/dichvuvesinhtoanha","https:\/\/x.com\/TKTClean","https:\/\/www.youtube.com\/user\/tktcleaning\/videos"]}]}},"_links":{"self":[{"href":"https:\/\/tktclean.com\/ja\/wp-json\/wp\/v2\/product\/4020","targetHints":{"allow":["GET"]}}],"collection":[{"href":"https:\/\/tktclean.com\/ja\/wp-json\/wp\/v2\/product"}],"about":[{"href":"https:\/\/tktclean.com\/ja\/wp-json\/wp\/v2\/types\/product"}],"replies":[{"embeddable":true,"href":"https:\/\/tktclean.com\/ja\/wp-json\/wp\/v2\/comments?post=4020"}],"wp:featuredmedia":[{"embeddable":true,"href":"https:\/\/tktclean.com\/ja\/wp-json\/wp\/v2\/media\/4021"}],"wp:attachment":[{"href":"https:\/\/tktclean.com\/ja\/wp-json\/wp\/v2\/media?parent=4020"}],"wp:term":[{"taxonomy":"product_brand","embeddable":true,"href":"https:\/\/tktclean.com\/ja\/wp-json\/wp\/v2\/product_brand?post=4020"},{"taxonomy":"product_cat","embeddable":true,"href":"https:\/\/tktclean.com\/ja\/wp-json\/wp\/v2\/product_cat?post=4020"},{"taxonomy":"product_tag","embeddable":true,"href":"https:\/\/tktclean.com\/ja\/wp-json\/wp\/v2\/product_tag?post=4020"}],"curies":[{"name":"wp","href":"https:\/\/api.w.org\/{rel}","templated":true}]}}